{"id":13119,"date":"2024-06-03T09:42:20","date_gmt":"2024-06-03T09:42:20","guid":{"rendered":"https:\/\/broekema.nl\/?page_id=13119"},"modified":"2025-02-07T09:42:03","modified_gmt":"2025-02-07T09:42:03","slug":"caso-di-studio_macchina-per-la-posa-di-mattoni-in-pietra","status":"publish","type":"page","link":"https:\/\/broekema.nl\/it\/chi-siamo\/casi-di-studio\/caso-di-studio_macchina-per-la-posa-di-mattoni-in-pietra\/","title":{"rendered":"Caso di studio_Macchina per la posa di mattoni in pietra"},"content":{"rendered":"\t\t<div data-elementor-type=\"wp-page\" data-elementor-id=\"13119\" class=\"elementor elementor-13119 elementor-9537\" data-elementor-post-type=\"page\">\n\t\t\t\t<div class=\"elementor-element elementor-element-f7a18b1 e-flex e-con-boxed e-con e-parent\" data-id=\"f7a18b1\" data-element_type=\"container\" data-e-type=\"container\" data-settings=\"{&quot;background_background&quot;:&quot;classic&quot;}\">\n\t\t\t\t\t<div class=\"e-con-inner\">\n\t\t\t\t<div class=\"elementor-element elementor-element-321a8b2 elementor-widget elementor-widget-heading\" data-id=\"321a8b2\" data-element_type=\"widget\" data-e-type=\"widget\" data-widget_type=\"heading.default\">\n\t\t\t\t<div class=\"elementor-widget-container\">\n\t\t\t\t\t<h1 class=\"elementor-heading-title elementor-size-default\">Caso di studio<\/h1>\t\t\t\t<\/div>\n\t\t\t\t<\/div>\n\t\t\t\t<div class=\"elementor-element elementor-element-e2eb282 elementor-hidden-mobile elementor-widget elementor-widget-text-editor\" data-id=\"e2eb282\" data-element_type=\"widget\" data-e-type=\"widget\" data-widget_type=\"text-editor.default\">\n\t\t\t\t<div class=\"elementor-widget-container\">\n\t\t\t\t\t\t\t\t\t<pre><a href=\"\/\">Home<\/a> \/ <a href=\"https:\/\/broekema.nl\/it\/chi-siamo\/\">Chi Siamo<\/a> \/ <a href=\"https:\/\/broekema.nl\/it\/chi-siamo\/casi-di-studio\/\">Casi di studio<\/a> \/ Macchina per la posa di mattoni in pietra<\/pre>\t\t\t\t\t\t\t\t<\/div>\n\t\t\t\t<\/div>\n\t\t\t\t\t<\/div>\n\t\t\t\t<\/div>\n\t\t<div class=\"elementor-element elementor-element-4ceabbb7 e-flex e-con-boxed e-con e-parent\" data-id=\"4ceabbb7\" data-element_type=\"container\" data-e-type=\"container\">\n\t\t\t\t\t<div class=\"e-con-inner\">\n\t\t\t\t<div class=\"elementor-element elementor-element-3be50fc elementor-widget elementor-widget-heading\" data-id=\"3be50fc\" data-element_type=\"widget\" data-e-type=\"widget\" data-widget_type=\"heading.default\">\n\t\t\t\t<div class=\"elementor-widget-container\">\n\t\t\t\t\t<h2 class=\"elementor-heading-title elementor-size-default\">Macchina per la posa di mattoni in pietra<\/h2>\t\t\t\t<\/div>\n\t\t\t\t<\/div>\n\t\t\t\t<div class=\"elementor-element elementor-element-2383844d elementor-widget elementor-widget-text-editor\" data-id=\"2383844d\" data-element_type=\"widget\" data-e-type=\"widget\" data-widget_type=\"text-editor.default\">\n\t\t\t\t<div class=\"elementor-widget-container\">\n\t\t\t\t\t\t\t\t\t<p>Una muratura efficiente \u00e8 essenziale nell&#8217;edilizia per mantenere le tempistiche del progetto e ridurre i costi di manodopera. I metodi tradizionali di trasporto e posa dei mattoni possono essere laboriosi, dispendiosi in termini di tempo e inefficienti. L&#8217;impiego di una macchina per muratura dotata della tecnologia del nastro con cinghia Broekema, con barre temprate, offre una soluzione che migliora l&#8217;efficienza, riduce i costi di manodopera e migliora la efficienza delle operazioni di muratura. Questo caso di studio esamina l&#8217;integrazione del nastro con cinghia Broekema in una macchina per muratura.<\/p>\t\t\t\t\t\t\t\t<\/div>\n\t\t\t\t<\/div>\n\t\t\t\t\t<\/div>\n\t\t\t\t<\/div>\n\t\t<div class=\"elementor-element elementor-element-fca7426 e-flex e-con-boxed e-con e-parent\" data-id=\"fca7426\" data-element_type=\"container\" data-e-type=\"container\">\n\t\t\t\t\t<div class=\"e-con-inner\">\n\t\t<div class=\"elementor-element elementor-element-4319f47 e-con-full e-flex e-con e-child\" data-id=\"4319f47\" data-element_type=\"container\" data-e-type=\"container\">\n\t\t\t\t<div class=\"elementor-element elementor-element-c95ca25 elementor-widget elementor-widget-image\" data-id=\"c95ca25\" data-element_type=\"widget\" data-e-type=\"widget\" data-widget_type=\"image.default\">\n\t\t\t\t<div class=\"elementor-widget-container\">\n\t\t\t\t\t\t\t\t\t\t\t\t\t\t\t<img decoding=\"async\" src=\"https:\/\/broekema.nl\/wp-content\/uploads\/2025\/02\/AdobeStock_94144084.jpeg\" title=\"\" alt=\"\" loading=\"lazy\" \/>\t\t\t\t\t\t\t\t\t\t\t\t\t\t\t<\/div>\n\t\t\t\t<\/div>\n\t\t\t\t<\/div>\n\t\t<div class=\"elementor-element elementor-element-d63c64d e-con-full e-flex e-con e-child\" data-id=\"d63c64d\" data-element_type=\"container\" data-e-type=\"container\">\n\t\t\t\t<div class=\"elementor-element elementor-element-6cfe4d9 elementor-widget elementor-widget-heading\" data-id=\"6cfe4d9\" data-element_type=\"widget\" data-e-type=\"widget\" data-widget_type=\"heading.default\">\n\t\t\t\t<div class=\"elementor-widget-container\">\n\t\t\t\t\t<h3 class=\"elementor-heading-title elementor-size-default\">Sfide<\/h3>\t\t\t\t<\/div>\n\t\t\t\t<\/div>\n\t\t\t\t<div class=\"elementor-element elementor-element-22e39fd elementor-widget elementor-widget-text-editor\" data-id=\"22e39fd\" data-element_type=\"widget\" data-e-type=\"widget\" data-widget_type=\"text-editor.default\">\n\t\t\t\t<div class=\"elementor-widget-container\">\n\t\t\t\t\t\t\t\t\t<p>Le sfide affrontate includevano gli elevati costi di manodopera e l&#8217;intensa manodopera necessaria per la posa manuale dei mattoni, la qualit\u00e0 del posizionamento non ottimale che portava a problemi strutturali, i tempi di inattivit\u00e0 dovuti alla movimentazione manuale dei mattoni e lo sforzo fisico dei lavoratori. L&#8217;obiettivo era quello di implementare la tecnologia della catena a cinghia Broekema con barre temprate nella macchina per muratori per ridurre i costi di manodopera, garantire un posizionamento ottimale dei mattoni, ridurre al minimo i tempi di inattivit\u00e0 e migliorare l&#8217;efficienza complessiva della costruzione.<\/p>\t\t\t\t\t\t\t\t<\/div>\n\t\t\t\t<\/div>\n\t\t\t\t<\/div>\n\t\t\t\t\t<\/div>\n\t\t\t\t<\/div>\n\t\t<div class=\"elementor-element elementor-element-76db263e e-flex e-con-boxed e-con e-parent\" data-id=\"76db263e\" data-element_type=\"container\" data-e-type=\"container\">\n\t\t\t\t\t<div class=\"e-con-inner\">\n\t\t\t\t<div class=\"elementor-element elementor-element-f65f109 elementor-widget elementor-widget-heading\" data-id=\"f65f109\" data-element_type=\"widget\" data-e-type=\"widget\" data-widget_type=\"heading.default\">\n\t\t\t\t<div class=\"elementor-widget-container\">\n\t\t\t\t\t<h3 class=\"elementor-heading-title elementor-size-default\">Soluzione<\/h3>\t\t\t\t<\/div>\n\t\t\t\t<\/div>\n\t\t\t\t<div class=\"elementor-element elementor-element-26f02592 elementor-widget elementor-widget-text-editor\" data-id=\"26f02592\" data-element_type=\"widget\" data-e-type=\"widget\" data-widget_type=\"text-editor.default\">\n\t\t\t\t<div class=\"elementor-widget-container\">\n\t\t\t\t\t\t\t\t\t<p>La soluzione prevedeva di dotare la macchina di posa della tecnologia del nastro con cinghia Broekema, utilizzando in particolare barre temprate per una maggiore durata e precisione. Le barre temprate hanno assicurato che i mattoni fossero trasportati senza intoppi e posizionati con precisione per la posa. Questo robusto sistema ha migliorato l&#8217;uniformit\u00e0 e la qualit\u00e0 del posizionamento dei mattoni, riducendo la necessit\u00e0 di regolazioni manuali e manodopera. Inoltre, il design durevole del nastro con cinghia Broekema ha ridotto al minimo la manutenzione e i tempi di fermo, portando a operazioni di muratura pi\u00f9 efficienti e produttive. Questa integrazione ha dimostrato vantaggi significativi in termini di riduzione dei costi di manodopera, miglioramento della qualit\u00e0 strutturale e aumento dell&#8217;efficienza costruttiva.<\/p>\t\t\t\t\t\t\t\t<\/div>\n\t\t\t\t<\/div>\n\t\t\t\t\t<\/div>\n\t\t\t\t<\/div>\n\t\t<div class=\"elementor-element elementor-element-cc699e5 e-flex e-con-boxed e-con e-parent\" data-id=\"cc699e5\" data-element_type=\"container\" data-e-type=\"container\" data-settings=\"{&quot;background_background&quot;:&quot;classic&quot;}\">\n\t\t\t\t\t<div class=\"e-con-inner\">\n\t\t\t\t<div class=\"elementor-element elementor-element-329e2dd elementor-widget elementor-widget-heading\" data-id=\"329e2dd\" data-element_type=\"widget\" data-e-type=\"widget\" data-widget_type=\"heading.default\">\n\t\t\t\t<div class=\"elementor-widget-container\">\n\t\t\t\t\t<p class=\"elementor-heading-title elementor-size-default\">Vuoi discutere le tue esigenze al riguardo dei nastri trasportatori?<\/p>\t\t\t\t<\/div>\n\t\t\t\t<\/div>\n\t\t\t\t<div class=\"elementor-element elementor-element-67f2cae elementor-align-center elementor-widget elementor-widget-button\" data-id=\"67f2cae\" data-element_type=\"widget\" data-e-type=\"widget\" data-widget_type=\"button.default\">\n\t\t\t\t<div class=\"elementor-widget-container\">\n\t\t\t\t\t\t\t\t\t<div class=\"elementor-button-wrapper\">\n\t\t\t\t\t<a class=\"elementor-button elementor-button-link elementor-size-lg\" href=\"https:\/\/broekema.nl\/it\/contatti\/\">\n\t\t\t\t\t\t<span class=\"elementor-button-content-wrapper\">\n\t\t\t\t\t\t<span class=\"elementor-button-icon\">\n\t\t\t\t<i aria-hidden=\"true\" class=\"fas fa-caret-right\"><\/i>\t\t\t<\/span>\n\t\t\t\t\t\t\t\t\t<span class=\"elementor-button-text\">Contattaci oggi stesso!<\/span>\n\t\t\t\t\t<\/span>\n\t\t\t\t\t<\/a>\n\t\t\t\t<\/div>\n\t\t\t\t\t\t\t\t<\/div>\n\t\t\t\t<\/div>\n\t\t\t\t\t<\/div>\n\t\t\t\t<\/div>\n\t\t\t\t<\/div>\n\t\t","protected":false},"excerpt":{"rendered":"<p>Caso di studio Home \/ Chi Siamo \/ Casi di studio \/ Macchina per la posa di mattoni in pietra Macchina per la posa di mattoni in pietra Una muratura efficiente \u00e8 essenziale nell&#8217;edilizia per mantenere le tempistiche del progetto e ridurre i costi di manodopera. I metodi tradizionali di trasporto e posa dei mattoni [&hellip;]<\/p>\n","protected":false},"author":6,"featured_media":0,"parent":12942,"menu_order":0,"comment_status":"closed","ping_status":"closed","template":"elementor_header_footer","meta":{"_acf_changed":false,"inline_featured_image":false,"footnotes":""},"class_list":["post-13119","page","type-page","status-publish","hentry"],"acf":[],"aioseo_notices":[],"_links":{"self":[{"href":"https:\/\/broekema.nl\/it\/wp-json\/wp\/v2\/pages\/13119","targetHints":{"allow":["GET"]}}],"collection":[{"href":"https:\/\/broekema.nl\/it\/wp-json\/wp\/v2\/pages"}],"about":[{"href":"https:\/\/broekema.nl\/it\/wp-json\/wp\/v2\/types\/page"}],"author":[{"embeddable":true,"href":"https:\/\/broekema.nl\/it\/wp-json\/wp\/v2\/users\/6"}],"replies":[{"embeddable":true,"href":"https:\/\/broekema.nl\/it\/wp-json\/wp\/v2\/comments?post=13119"}],"version-history":[{"count":0,"href":"https:\/\/broekema.nl\/it\/wp-json\/wp\/v2\/pages\/13119\/revisions"}],"up":[{"embeddable":true,"href":"https:\/\/broekema.nl\/it\/wp-json\/wp\/v2\/pages\/12942"}],"wp:attachment":[{"href":"https:\/\/broekema.nl\/it\/wp-json\/wp\/v2\/media?parent=13119"}],"curies":[{"name":"wp","href":"https:\/\/api.w.org\/{rel}","templated":true}]}}