{"id":12956,"date":"2024-06-03T09:42:42","date_gmt":"2024-06-03T09:42:42","guid":{"rendered":"https:\/\/broekema.nl\/?page_id=12956"},"modified":"2025-02-07T09:56:04","modified_gmt":"2025-02-07T09:56:04","slug":"caso-di-studio_fabbrica-di-lavorazione-dellamido-di-tapioca","status":"publish","type":"page","link":"https:\/\/broekema.nl\/it\/chi-siamo\/casi-di-studio\/caso-di-studio_fabbrica-di-lavorazione-dellamido-di-tapioca\/","title":{"rendered":"Caso di studio_Fabbrica di lavorazione dell&#8217;amido di tapioca"},"content":{"rendered":"\t\t<div data-elementor-type=\"wp-page\" data-elementor-id=\"12956\" class=\"elementor elementor-12956 elementor-9535\" data-elementor-post-type=\"page\">\n\t\t\t\t<div class=\"elementor-element elementor-element-f7a18b1 e-flex e-con-boxed e-con e-parent\" data-id=\"f7a18b1\" data-element_type=\"container\" data-e-type=\"container\" data-settings=\"{&quot;background_background&quot;:&quot;classic&quot;}\">\n\t\t\t\t\t<div class=\"e-con-inner\">\n\t\t\t\t<div class=\"elementor-element elementor-element-321a8b2 elementor-widget elementor-widget-heading\" data-id=\"321a8b2\" data-element_type=\"widget\" data-e-type=\"widget\" data-widget_type=\"heading.default\">\n\t\t\t\t<div class=\"elementor-widget-container\">\n\t\t\t\t\t<h1 class=\"elementor-heading-title elementor-size-default\">Caso di studio<\/h1>\t\t\t\t<\/div>\n\t\t\t\t<\/div>\n\t\t\t\t<div class=\"elementor-element elementor-element-e2eb282 elementor-hidden-mobile elementor-widget elementor-widget-text-editor\" data-id=\"e2eb282\" data-element_type=\"widget\" data-e-type=\"widget\" data-widget_type=\"text-editor.default\">\n\t\t\t\t<div class=\"elementor-widget-container\">\n\t\t\t\t\t\t\t\t\t<pre><a href=\"\/\">Home<\/a> \/ <a href=\"https:\/\/broekema.nl\/it\/chi-siamo\/\">Chi Siamo<\/a> \/ <a href=\"https:\/\/broekema.nl\/it\/chi-siamo\/casi-di-studio\/\">Casi di studio<\/a> \/ Fabbrica di lavorazione dell'amido di tapioca<\/pre>\t\t\t\t\t\t\t\t<\/div>\n\t\t\t\t<\/div>\n\t\t\t\t\t<\/div>\n\t\t\t\t<\/div>\n\t\t<div class=\"elementor-element elementor-element-4ceabbb7 e-flex e-con-boxed e-con e-parent\" data-id=\"4ceabbb7\" data-element_type=\"container\" data-e-type=\"container\">\n\t\t\t\t\t<div class=\"e-con-inner\">\n\t\t\t\t<div class=\"elementor-element elementor-element-3be50fc elementor-widget elementor-widget-heading\" data-id=\"3be50fc\" data-element_type=\"widget\" data-e-type=\"widget\" data-widget_type=\"heading.default\">\n\t\t\t\t<div class=\"elementor-widget-container\">\n\t\t\t\t\t<h2 class=\"elementor-heading-title elementor-size-default\">Fabbrica di lavorazione dell'amido di tapioca<\/h2>\t\t\t\t<\/div>\n\t\t\t\t<\/div>\n\t\t\t\t<div class=\"elementor-element elementor-element-2383844d elementor-widget elementor-widget-text-editor\" data-id=\"2383844d\" data-element_type=\"widget\" data-e-type=\"widget\" data-widget_type=\"text-editor.default\">\n\t\t\t\t<div class=\"elementor-widget-container\">\n\t\t\t\t\t\t\t\t\t<p>Una movimentazione efficiente dei materiali \u00e8 fondamentale nella produzione di amido di tapioca per garantire un&#8217;elevata produttivit\u00e0 e qualit\u00e0. I sistemi di trasporto tradizionali possono essere soggetti a inefficienze e manutenzioni frequenti, il che \u00e8 inaccettabile in un funzionamento 24 ore su 24, 7 giorni su 7. L&#8217;integrazione della tecnologia del nastro con cinghie Broekema in tutti i nastri di trasporto nello stabilimento di lavorazione dell&#8217;amido di tapioca offre una soluzione che migliora l&#8217;efficienza, riduce i costi di manutenzione e migliora l&#8217;affidabilit\u00e0 complessiva della produzione. Questo caso di studio esamina l&#8217;utilizzo dei sistemi nastro con cinghie Broekema in una fabbrica di amido di tapioca di medie dimensioni.<\/p>\t\t\t\t\t\t\t\t<\/div>\n\t\t\t\t<\/div>\n\t\t\t\t\t<\/div>\n\t\t\t\t<\/div>\n\t\t<div class=\"elementor-element elementor-element-fca7426 e-flex e-con-boxed e-con e-parent\" data-id=\"fca7426\" data-element_type=\"container\" data-e-type=\"container\">\n\t\t\t\t\t<div class=\"e-con-inner\">\n\t\t<div class=\"elementor-element elementor-element-4319f47 e-con-full e-flex e-con e-child\" data-id=\"4319f47\" data-element_type=\"container\" data-e-type=\"container\">\n\t\t\t\t<div class=\"elementor-element elementor-element-c95ca25 elementor-widget elementor-widget-image\" data-id=\"c95ca25\" data-element_type=\"widget\" data-e-type=\"widget\" data-widget_type=\"image.default\">\n\t\t\t\t<div class=\"elementor-widget-container\">\n\t\t\t\t\t\t\t\t\t\t\t\t\t\t\t<img decoding=\"async\" src=\"https:\/\/broekema.nl\/wp-content\/uploads\/2025\/02\/AdobeStock_332278557.jpeg\" title=\"\" alt=\"\" loading=\"lazy\" \/>\t\t\t\t\t\t\t\t\t\t\t\t\t\t\t<\/div>\n\t\t\t\t<\/div>\n\t\t\t\t<\/div>\n\t\t<div class=\"elementor-element elementor-element-d63c64d e-con-full e-flex e-con e-child\" data-id=\"d63c64d\" data-element_type=\"container\" data-e-type=\"container\">\n\t\t\t\t<div class=\"elementor-element elementor-element-6cfe4d9 elementor-widget elementor-widget-heading\" data-id=\"6cfe4d9\" data-element_type=\"widget\" data-e-type=\"widget\" data-widget_type=\"heading.default\">\n\t\t\t\t<div class=\"elementor-widget-container\">\n\t\t\t\t\t<h3 class=\"elementor-heading-title elementor-size-default\">Sfide<\/h3>\t\t\t\t<\/div>\n\t\t\t\t<\/div>\n\t\t\t\t<div class=\"elementor-element elementor-element-22e39fd elementor-widget elementor-widget-text-editor\" data-id=\"22e39fd\" data-element_type=\"widget\" data-e-type=\"widget\" data-widget_type=\"text-editor.default\">\n\t\t\t\t<div class=\"elementor-widget-container\">\n\t\t\t\t\t\t\t\t\t<p>Le sfide affrontate includevano frequenti guasti e problemi di manutenzione con i nastri trasportatori tradizionali, trasporti inefficienti che portavano a ritardi di lavorazione e riduzione della qualit\u00e0 dell&#8217;amido, nonch\u00e9 elevati costi di manodopera e tempi di inattivit\u00e0 associati alla manutenzione e alle riparazioni dei nastri trasportatori. L&#8217;obiettivo era quello di implementare la tecnologia del nastro con cinghie Broekema su tutti i nastri di trasporto per ridurre i costi di manutenzione, garantire un trasporto costante della tapioca, ridurre al minimo i tempi di inattivit\u00e0 e migliorare l&#8217;efficienza produttiva complessiva.<\/p>\t\t\t\t\t\t\t\t<\/div>\n\t\t\t\t<\/div>\n\t\t\t\t<\/div>\n\t\t\t\t\t<\/div>\n\t\t\t\t<\/div>\n\t\t<div class=\"elementor-element elementor-element-76db263e e-flex e-con-boxed e-con e-parent\" data-id=\"76db263e\" data-element_type=\"container\" data-e-type=\"container\">\n\t\t\t\t\t<div class=\"e-con-inner\">\n\t\t\t\t<div class=\"elementor-element elementor-element-f65f109 elementor-widget elementor-widget-heading\" data-id=\"f65f109\" data-element_type=\"widget\" data-e-type=\"widget\" data-widget_type=\"heading.default\">\n\t\t\t\t<div class=\"elementor-widget-container\">\n\t\t\t\t\t<h3 class=\"elementor-heading-title elementor-size-default\">Soluzione<\/h3>\t\t\t\t<\/div>\n\t\t\t\t<\/div>\n\t\t\t\t<div class=\"elementor-element elementor-element-26f02592 elementor-widget elementor-widget-text-editor\" data-id=\"26f02592\" data-element_type=\"widget\" data-e-type=\"widget\" data-widget_type=\"text-editor.default\">\n\t\t\t\t<div class=\"elementor-widget-container\">\n\t\t\t\t\t\t\t\t\t<p>La soluzione prevedeva l&#8217;equipaggiamento di tutti i nastri di trasporto nello stabilimento di lavorazione dell&#8217;amido di tapioca con sistemi di nastri con cinghie Broekema di varie dimensioni, passi, lunghezze e larghezze, ciascuno dei quali con la propria funzione specifica nel processo. Tutte le parti dell&#8217;azionamento sono state realizzate in acciaio inossidabile e i rulli sono stati progettati per essere riparabili (ad esempio, rilubrificandoli) per garantire un funzionamento continuo in condizioni difficili 24 ore su 24, 7 giorni su 7, dove i tempi di fermo sono inaccettabili. Questa integrazione completa ha migliorato l&#8217;efficienza e l&#8217;affidabilit\u00e0 del trasporto della tapioca, ridotto l&#8217;usura e ridotto al minimo le esigenze di manutenzione. Il design robusto delle cinghie Broekema e i componenti di trasmissione in acciaio inossidabile hanno garantito durata ed efficienza a lungo termine, portando a un aumento della produttivit\u00e0 e a una migliore qualit\u00e0 dell&#8217;amido. Questo caso di studio dimostra i vantaggi significativi delle tecnologie avanzate di trasporto nell&#8217;industria dell&#8217;amido di tapioca, garantendo operazioni sostenibili e redditizie.<\/p>\t\t\t\t\t\t\t\t<\/div>\n\t\t\t\t<\/div>\n\t\t\t\t\t<\/div>\n\t\t\t\t<\/div>\n\t\t<div class=\"elementor-element elementor-element-cc699e5 e-flex e-con-boxed e-con e-parent\" data-id=\"cc699e5\" data-element_type=\"container\" data-e-type=\"container\" data-settings=\"{&quot;background_background&quot;:&quot;classic&quot;}\">\n\t\t\t\t\t<div class=\"e-con-inner\">\n\t\t\t\t<div class=\"elementor-element elementor-element-329e2dd elementor-widget elementor-widget-heading\" data-id=\"329e2dd\" data-element_type=\"widget\" data-e-type=\"widget\" data-widget_type=\"heading.default\">\n\t\t\t\t<div class=\"elementor-widget-container\">\n\t\t\t\t\t<p class=\"elementor-heading-title elementor-size-default\">Vuoi discutere le tue esigenze al riguardo dei nastri trasportatori?<\/p>\t\t\t\t<\/div>\n\t\t\t\t<\/div>\n\t\t\t\t<div class=\"elementor-element elementor-element-67f2cae elementor-align-center elementor-widget elementor-widget-button\" data-id=\"67f2cae\" data-element_type=\"widget\" data-e-type=\"widget\" data-widget_type=\"button.default\">\n\t\t\t\t<div class=\"elementor-widget-container\">\n\t\t\t\t\t\t\t\t\t<div class=\"elementor-button-wrapper\">\n\t\t\t\t\t<a class=\"elementor-button elementor-button-link elementor-size-lg\" href=\"https:\/\/broekema.nl\/it\/contatti\/\">\n\t\t\t\t\t\t<span class=\"elementor-button-content-wrapper\">\n\t\t\t\t\t\t<span class=\"elementor-button-icon\">\n\t\t\t\t<i aria-hidden=\"true\" class=\"fas fa-caret-right\"><\/i>\t\t\t<\/span>\n\t\t\t\t\t\t\t\t\t<span class=\"elementor-button-text\">Contattaci oggi stesso!<\/span>\n\t\t\t\t\t<\/span>\n\t\t\t\t\t<\/a>\n\t\t\t\t<\/div>\n\t\t\t\t\t\t\t\t<\/div>\n\t\t\t\t<\/div>\n\t\t\t\t\t<\/div>\n\t\t\t\t<\/div>\n\t\t\t\t<\/div>\n\t\t","protected":false},"excerpt":{"rendered":"<p>Caso di studio Home \/ Chi Siamo \/ Casi di studio \/ Fabbrica di lavorazione dell&#8217;amido di tapioca Fabbrica di lavorazione dell&#8217;amido di tapioca Una movimentazione efficiente dei materiali \u00e8 fondamentale nella produzione di amido di tapioca per garantire un&#8217;elevata produttivit\u00e0 e qualit\u00e0. I sistemi di trasporto tradizionali possono essere soggetti a inefficienze e manutenzioni [&hellip;]<\/p>\n","protected":false},"author":6,"featured_media":0,"parent":12942,"menu_order":0,"comment_status":"closed","ping_status":"closed","template":"elementor_header_footer","meta":{"_acf_changed":false,"inline_featured_image":false,"footnotes":""},"class_list":["post-12956","page","type-page","status-publish","hentry"],"acf":[],"aioseo_notices":[],"_links":{"self":[{"href":"https:\/\/broekema.nl\/it\/wp-json\/wp\/v2\/pages\/12956","targetHints":{"allow":["GET"]}}],"collection":[{"href":"https:\/\/broekema.nl\/it\/wp-json\/wp\/v2\/pages"}],"about":[{"href":"https:\/\/broekema.nl\/it\/wp-json\/wp\/v2\/types\/page"}],"author":[{"embeddable":true,"href":"https:\/\/broekema.nl\/it\/wp-json\/wp\/v2\/users\/6"}],"replies":[{"embeddable":true,"href":"https:\/\/broekema.nl\/it\/wp-json\/wp\/v2\/comments?post=12956"}],"version-history":[{"count":0,"href":"https:\/\/broekema.nl\/it\/wp-json\/wp\/v2\/pages\/12956\/revisions"}],"up":[{"embeddable":true,"href":"https:\/\/broekema.nl\/it\/wp-json\/wp\/v2\/pages\/12942"}],"wp:attachment":[{"href":"https:\/\/broekema.nl\/it\/wp-json\/wp\/v2\/media?parent=12956"}],"curies":[{"name":"wp","href":"https:\/\/api.w.org\/{rel}","templated":true}]}}