{"id":12955,"date":"2024-06-03T09:35:30","date_gmt":"2024-06-03T09:35:30","guid":{"rendered":"https:\/\/broekema.nl\/?page_id=12955"},"modified":"2025-02-07T09:39:48","modified_gmt":"2025-02-07T09:39:48","slug":"caso-di-studio_raccolta-della-carta-da-macero","status":"publish","type":"page","link":"https:\/\/broekema.nl\/it\/chi-siamo\/casi-di-studio\/caso-di-studio_raccolta-della-carta-da-macero\/","title":{"rendered":"Caso di studio_Raccolta della carta da macero"},"content":{"rendered":"\t\t<div data-elementor-type=\"wp-page\" data-elementor-id=\"12955\" class=\"elementor elementor-12955 elementor-9529\" data-elementor-post-type=\"page\">\n\t\t\t\t<div class=\"elementor-element elementor-element-f7a18b1 e-flex e-con-boxed e-con e-parent\" data-id=\"f7a18b1\" data-element_type=\"container\" data-e-type=\"container\" data-settings=\"{&quot;background_background&quot;:&quot;classic&quot;}\">\n\t\t\t\t\t<div class=\"e-con-inner\">\n\t\t\t\t<div class=\"elementor-element elementor-element-321a8b2 elementor-widget elementor-widget-heading\" data-id=\"321a8b2\" data-element_type=\"widget\" data-e-type=\"widget\" data-widget_type=\"heading.default\">\n\t\t\t\t<div class=\"elementor-widget-container\">\n\t\t\t\t\t<h1 class=\"elementor-heading-title elementor-size-default\">Caso di studio<\/h1>\t\t\t\t<\/div>\n\t\t\t\t<\/div>\n\t\t\t\t<div class=\"elementor-element elementor-element-e2eb282 elementor-hidden-mobile elementor-widget elementor-widget-text-editor\" data-id=\"e2eb282\" data-element_type=\"widget\" data-e-type=\"widget\" data-widget_type=\"text-editor.default\">\n\t\t\t\t<div class=\"elementor-widget-container\">\n\t\t\t\t\t\t\t\t\t<pre><a href=\"\/\">Home<\/a> \/ <a href=\"https:\/\/broekema.nl\/it\/chi-siamo\/\">Chi Siamo<\/a> \/ <a href=\"https:\/\/broekema.nl\/it\/chi-siamo\/casi-di-studio\/\">Casi di studio<\/a> \/ Raccolta della carta da macero<\/pre>\t\t\t\t\t\t\t\t<\/div>\n\t\t\t\t<\/div>\n\t\t\t\t\t<\/div>\n\t\t\t\t<\/div>\n\t\t<div class=\"elementor-element elementor-element-4ceabbb7 e-flex e-con-boxed e-con e-parent\" data-id=\"4ceabbb7\" data-element_type=\"container\" data-e-type=\"container\">\n\t\t\t\t\t<div class=\"e-con-inner\">\n\t\t\t\t<div class=\"elementor-element elementor-element-3be50fc elementor-widget elementor-widget-heading\" data-id=\"3be50fc\" data-element_type=\"widget\" data-e-type=\"widget\" data-widget_type=\"heading.default\">\n\t\t\t\t<div class=\"elementor-widget-container\">\n\t\t\t\t\t<h2 class=\"elementor-heading-title elementor-size-default\">Raccolta della carta da macero<\/h2>\t\t\t\t<\/div>\n\t\t\t\t<\/div>\n\t\t\t\t<div class=\"elementor-element elementor-element-2383844d elementor-widget elementor-widget-text-editor\" data-id=\"2383844d\" data-element_type=\"widget\" data-e-type=\"widget\" data-widget_type=\"text-editor.default\">\n\t\t\t\t<div class=\"elementor-widget-container\">\n\t\t\t\t\t\t\t\t\t<p>Una gestione efficiente della carta da macero \u00e8 fondamentale per le operazioni di riciclaggio al fine di massimizzare l&#8217;efficienza della raccolta e ridurre i costi operativi. I metodi tradizionali di trasporto della carta straccia all&#8217;interno dei camion di raccolta possono essere laboriosi e soggetti a inceppamenti e malfunzionamenti. L&#8217;impiego di un camion di raccolta dotato della tecnologia del nastro con cinghie Broekema fornisce una soluzione che migliora l&#8217;efficienza, riduce i tempi di inattivit\u00e0 e migliora il processo di riciclaggio complessivamente. Questo caso di studio esamina l&#8217;integrazione del nastro con cinghie Broekema in un camion per il riciclaggio.<\/p>\t\t\t\t\t\t\t\t<\/div>\n\t\t\t\t<\/div>\n\t\t\t\t\t<\/div>\n\t\t\t\t<\/div>\n\t\t<div class=\"elementor-element elementor-element-fca7426 e-flex e-con-boxed e-con e-parent\" data-id=\"fca7426\" data-element_type=\"container\" data-e-type=\"container\">\n\t\t\t\t\t<div class=\"e-con-inner\">\n\t\t<div class=\"elementor-element elementor-element-4319f47 e-con-full e-flex e-con e-child\" data-id=\"4319f47\" data-element_type=\"container\" data-e-type=\"container\">\n\t\t\t\t<div class=\"elementor-element elementor-element-c95ca25 elementor-widget elementor-widget-image\" data-id=\"c95ca25\" data-element_type=\"widget\" data-e-type=\"widget\" data-widget_type=\"image.default\">\n\t\t\t\t<div class=\"elementor-widget-container\">\n\t\t\t\t\t\t\t\t\t\t\t\t\t\t\t<img decoding=\"async\" src=\"https:\/\/broekema.nl\/wp-content\/uploads\/2025\/02\/AdobeStock_517642673.jpeg\" title=\"\" alt=\"\" loading=\"lazy\" \/>\t\t\t\t\t\t\t\t\t\t\t\t\t\t\t<\/div>\n\t\t\t\t<\/div>\n\t\t\t\t<\/div>\n\t\t<div class=\"elementor-element elementor-element-d63c64d e-con-full e-flex e-con e-child\" data-id=\"d63c64d\" data-element_type=\"container\" data-e-type=\"container\">\n\t\t\t\t<div class=\"elementor-element elementor-element-6cfe4d9 elementor-widget elementor-widget-heading\" data-id=\"6cfe4d9\" data-element_type=\"widget\" data-e-type=\"widget\" data-widget_type=\"heading.default\">\n\t\t\t\t<div class=\"elementor-widget-container\">\n\t\t\t\t\t<h3 class=\"elementor-heading-title elementor-size-default\">Sfide<\/h3>\t\t\t\t<\/div>\n\t\t\t\t<\/div>\n\t\t\t\t<div class=\"elementor-element elementor-element-22e39fd elementor-widget elementor-widget-text-editor\" data-id=\"22e39fd\" data-element_type=\"widget\" data-e-type=\"widget\" data-widget_type=\"text-editor.default\">\n\t\t\t\t<div class=\"elementor-widget-container\">\n\t\t\t\t\t\t\t\t\t<p>Le sfide affrontate includevano frequenti inceppamenti e guasti con i nastri trasportatori tradizionali con conseguente aumento dei tempi di fermo, elevati costi di manodopera associati alla rimozione manuale degli inceppamenti e alle frequenti riparazioni e un trasporto inefficiente che riduceva l&#8217;utilizzo dello spazio nel mezzo di trasporto ed il volume di raccolta. L&#8217;obiettivo era quello di implementare la tecnologia del nastro con cinghie Broekema nel sistema di trasporto della carta riciclata dei camion di raccolta per ridurre i costi di manutenzione, garantire un trasporto costante della carta, ridurre al minimo i tempi di fermo e migliorare l&#8217;efficienza complessiva della raccolta.<\/p>\t\t\t\t\t\t\t\t<\/div>\n\t\t\t\t<\/div>\n\t\t\t\t<\/div>\n\t\t\t\t\t<\/div>\n\t\t\t\t<\/div>\n\t\t<div class=\"elementor-element elementor-element-76db263e e-flex e-con-boxed e-con e-parent\" data-id=\"76db263e\" data-element_type=\"container\" data-e-type=\"container\">\n\t\t\t\t\t<div class=\"e-con-inner\">\n\t\t\t\t<div class=\"elementor-element elementor-element-f65f109 elementor-widget elementor-widget-heading\" data-id=\"f65f109\" data-element_type=\"widget\" data-e-type=\"widget\" data-widget_type=\"heading.default\">\n\t\t\t\t<div class=\"elementor-widget-container\">\n\t\t\t\t\t<h3 class=\"elementor-heading-title elementor-size-default\">Soluzione<\/h3>\t\t\t\t<\/div>\n\t\t\t\t<\/div>\n\t\t\t\t<div class=\"elementor-element elementor-element-26f02592 elementor-widget elementor-widget-text-editor\" data-id=\"26f02592\" data-element_type=\"widget\" data-e-type=\"widget\" data-widget_type=\"text-editor.default\">\n\t\t\t\t<div class=\"elementor-widget-container\">\n\t\t\t\t\t\t\t\t\t<p>La soluzione ha previsto l&#8217;equipaggiamento dei camion di raccolta con sistemi nastro con cinghie Broekema progettati per un trasporto affidabile ed efficiente della carta da macero. I resistenti nastri con cinghie sono in grado di gestire diverse dimensioni e tipi di carta riciclata, riducendo l&#8217;usura e prevenendo gli inceppamenti. Questo robusto sistema ha migliorato l&#8217;affidabilit\u00e0 nel trasporto della carta, migliorando l&#8217;uso efficiente dello spazio del carrello e riducendo le interruzioni operative. Di conseguenza, i costi di manutenzione sono diminuiti, i tempi di inattivit\u00e0 sono stati ridotti al minimo e la capacit\u00e0 di raccolta complessiva e la redditivit\u00e0 sono aumentate, dimostrando i vantaggi significativi delle tecnologie di trasporto avanzate nel settore del riciclaggio.<\/p>\t\t\t\t\t\t\t\t<\/div>\n\t\t\t\t<\/div>\n\t\t\t\t\t<\/div>\n\t\t\t\t<\/div>\n\t\t<div class=\"elementor-element elementor-element-cc699e5 e-flex e-con-boxed e-con e-parent\" data-id=\"cc699e5\" data-element_type=\"container\" data-e-type=\"container\" data-settings=\"{&quot;background_background&quot;:&quot;classic&quot;}\">\n\t\t\t\t\t<div class=\"e-con-inner\">\n\t\t\t\t<div class=\"elementor-element elementor-element-329e2dd elementor-widget elementor-widget-heading\" data-id=\"329e2dd\" data-element_type=\"widget\" data-e-type=\"widget\" data-widget_type=\"heading.default\">\n\t\t\t\t<div class=\"elementor-widget-container\">\n\t\t\t\t\t<p class=\"elementor-heading-title elementor-size-default\">Vuoi discutere le tue esigenze al riguardo dei nastri trasportatori?<\/p>\t\t\t\t<\/div>\n\t\t\t\t<\/div>\n\t\t\t\t<div class=\"elementor-element elementor-element-67f2cae elementor-align-center elementor-widget elementor-widget-button\" data-id=\"67f2cae\" data-element_type=\"widget\" data-e-type=\"widget\" data-widget_type=\"button.default\">\n\t\t\t\t<div class=\"elementor-widget-container\">\n\t\t\t\t\t\t\t\t\t<div class=\"elementor-button-wrapper\">\n\t\t\t\t\t<a class=\"elementor-button elementor-button-link elementor-size-lg\" href=\"https:\/\/broekema.nl\/it\/contatti\/\">\n\t\t\t\t\t\t<span class=\"elementor-button-content-wrapper\">\n\t\t\t\t\t\t<span class=\"elementor-button-icon\">\n\t\t\t\t<i aria-hidden=\"true\" class=\"fas fa-caret-right\"><\/i>\t\t\t<\/span>\n\t\t\t\t\t\t\t\t\t<span class=\"elementor-button-text\">Contattaci oggi stesso!<\/span>\n\t\t\t\t\t<\/span>\n\t\t\t\t\t<\/a>\n\t\t\t\t<\/div>\n\t\t\t\t\t\t\t\t<\/div>\n\t\t\t\t<\/div>\n\t\t\t\t\t<\/div>\n\t\t\t\t<\/div>\n\t\t\t\t<\/div>\n\t\t","protected":false},"excerpt":{"rendered":"<p>Caso di studio Home \/ Chi Siamo \/ Casi di studio \/ Raccolta della carta da macero Raccolta della carta da macero Una gestione efficiente della carta da macero \u00e8 fondamentale per le operazioni di riciclaggio al fine di massimizzare l&#8217;efficienza della raccolta e ridurre i costi operativi. I metodi tradizionali di trasporto della carta [&hellip;]<\/p>\n","protected":false},"author":6,"featured_media":0,"parent":12942,"menu_order":0,"comment_status":"closed","ping_status":"closed","template":"elementor_header_footer","meta":{"_acf_changed":false,"inline_featured_image":false,"footnotes":""},"class_list":["post-12955","page","type-page","status-publish","hentry"],"acf":[],"aioseo_notices":[],"_links":{"self":[{"href":"https:\/\/broekema.nl\/it\/wp-json\/wp\/v2\/pages\/12955","targetHints":{"allow":["GET"]}}],"collection":[{"href":"https:\/\/broekema.nl\/it\/wp-json\/wp\/v2\/pages"}],"about":[{"href":"https:\/\/broekema.nl\/it\/wp-json\/wp\/v2\/types\/page"}],"author":[{"embeddable":true,"href":"https:\/\/broekema.nl\/it\/wp-json\/wp\/v2\/users\/6"}],"replies":[{"embeddable":true,"href":"https:\/\/broekema.nl\/it\/wp-json\/wp\/v2\/comments?post=12955"}],"version-history":[{"count":0,"href":"https:\/\/broekema.nl\/it\/wp-json\/wp\/v2\/pages\/12955\/revisions"}],"up":[{"embeddable":true,"href":"https:\/\/broekema.nl\/it\/wp-json\/wp\/v2\/pages\/12942"}],"wp:attachment":[{"href":"https:\/\/broekema.nl\/it\/wp-json\/wp\/v2\/media?parent=12955"}],"curies":[{"name":"wp","href":"https:\/\/api.w.org\/{rel}","templated":true}]}}