{"id":12952,"date":"2024-06-03T09:40:48","date_gmt":"2024-06-03T09:40:48","guid":{"rendered":"https:\/\/broekema.nl\/?page_id=12952"},"modified":"2025-02-07T09:58:27","modified_gmt":"2025-02-07T09:58:27","slug":"caso-di-studio_raccoglitrice-autonoma-di-asparagi","status":"publish","type":"page","link":"https:\/\/broekema.nl\/it\/chi-siamo\/casi-di-studio\/caso-di-studio_raccoglitrice-autonoma-di-asparagi\/","title":{"rendered":"Caso di studio_Raccoglitrice autonoma di asparagi"},"content":{"rendered":"\t\t<div data-elementor-type=\"wp-page\" data-elementor-id=\"12952\" class=\"elementor elementor-12952 elementor-9531\" data-elementor-post-type=\"page\">\n\t\t\t\t<div class=\"elementor-element elementor-element-f7a18b1 e-flex e-con-boxed e-con e-parent\" data-id=\"f7a18b1\" data-element_type=\"container\" data-e-type=\"container\" data-settings=\"{&quot;background_background&quot;:&quot;classic&quot;}\">\n\t\t\t\t\t<div class=\"e-con-inner\">\n\t\t\t\t<div class=\"elementor-element elementor-element-321a8b2 elementor-widget elementor-widget-heading\" data-id=\"321a8b2\" data-element_type=\"widget\" data-e-type=\"widget\" data-widget_type=\"heading.default\">\n\t\t\t\t<div class=\"elementor-widget-container\">\n\t\t\t\t\t<h1 class=\"elementor-heading-title elementor-size-default\">Caso di studio<\/h1>\t\t\t\t<\/div>\n\t\t\t\t<\/div>\n\t\t\t\t<div class=\"elementor-element elementor-element-e2eb282 elementor-hidden-mobile elementor-widget elementor-widget-text-editor\" data-id=\"e2eb282\" data-element_type=\"widget\" data-e-type=\"widget\" data-widget_type=\"text-editor.default\">\n\t\t\t\t<div class=\"elementor-widget-container\">\n\t\t\t\t\t\t\t\t\t<pre><a href=\"\/\">Home<\/a> \/ <a href=\"https:\/\/broekema.nl\/it\/chi-siamo\/\">Chi Siamo<\/a> \/ <a href=\"https:\/\/broekema.nl\/it\/chi-siamo\/casi-di-studio\/\">Casi di studio<\/a> \/ Raccoglitrice autonoma di asparagi<\/pre>\t\t\t\t\t\t\t\t<\/div>\n\t\t\t\t<\/div>\n\t\t\t\t\t<\/div>\n\t\t\t\t<\/div>\n\t\t<div class=\"elementor-element elementor-element-4ceabbb7 e-flex e-con-boxed e-con e-parent\" data-id=\"4ceabbb7\" data-element_type=\"container\" data-e-type=\"container\">\n\t\t\t\t\t<div class=\"e-con-inner\">\n\t\t\t\t<div class=\"elementor-element elementor-element-3be50fc elementor-widget elementor-widget-heading\" data-id=\"3be50fc\" data-element_type=\"widget\" data-e-type=\"widget\" data-widget_type=\"heading.default\">\n\t\t\t\t<div class=\"elementor-widget-container\">\n\t\t\t\t\t<h2 class=\"elementor-heading-title elementor-size-default\">Raccoglitrice autonoma di asparagi<\/h2>\t\t\t\t<\/div>\n\t\t\t\t<\/div>\n\t\t\t\t<div class=\"elementor-element elementor-element-2383844d elementor-widget elementor-widget-text-editor\" data-id=\"2383844d\" data-element_type=\"widget\" data-e-type=\"widget\" data-widget_type=\"text-editor.default\">\n\t\t\t\t<div class=\"elementor-widget-container\">\n\t\t\t\t\t\t\t\t\t<p>Una manipolazione efficiente e delicata degli asparagi \u00e8 essenziale nella raccolta automatizzata per mantenere la qualit\u00e0 e la produttivit\u00e0 del raccolto. I metodi di raccolta tradizionali possono essere laboriosi e inefficienti e la transizione verso sistemi autonomi presenta sfide uniche. L&#8217;integrazione della tecnologia del nastro con cinghie Broekema in una raccoglitrice autonoma di asparagi offre una soluzione che migliora l&#8217;efficienza, garantisce il corretto orientamento, riduce al minimo i danni alle colture e mantiene la robustezza. Questo caso di studio esamina l&#8217;implementazione dei sistemi a nastro con cinghie Broekema in una raccoglitrice autonoma di asparagi.<\/p>\t\t\t\t\t\t\t\t<\/div>\n\t\t\t\t<\/div>\n\t\t\t\t\t<\/div>\n\t\t\t\t<\/div>\n\t\t<div class=\"elementor-element elementor-element-fca7426 e-flex e-con-boxed e-con e-parent\" data-id=\"fca7426\" data-element_type=\"container\" data-e-type=\"container\">\n\t\t\t\t\t<div class=\"e-con-inner\">\n\t\t<div class=\"elementor-element elementor-element-4319f47 e-con-full e-flex e-con e-child\" data-id=\"4319f47\" data-element_type=\"container\" data-e-type=\"container\">\n\t\t\t\t<div class=\"elementor-element elementor-element-c95ca25 elementor-widget elementor-widget-image\" data-id=\"c95ca25\" data-element_type=\"widget\" data-e-type=\"widget\" data-widget_type=\"image.default\">\n\t\t\t\t<div class=\"elementor-widget-container\">\n\t\t\t\t\t\t\t\t\t\t\t\t\t\t\t<img decoding=\"async\" src=\"https:\/\/broekema.nl\/wp-content\/uploads\/2025\/02\/AdobeStock_311969290.jpeg\" title=\"\" alt=\"\" loading=\"lazy\" \/>\t\t\t\t\t\t\t\t\t\t\t\t\t\t\t<\/div>\n\t\t\t\t<\/div>\n\t\t\t\t<\/div>\n\t\t<div class=\"elementor-element elementor-element-d63c64d e-con-full e-flex e-con e-child\" data-id=\"d63c64d\" data-element_type=\"container\" data-e-type=\"container\">\n\t\t\t\t<div class=\"elementor-element elementor-element-6cfe4d9 elementor-widget elementor-widget-heading\" data-id=\"6cfe4d9\" data-element_type=\"widget\" data-e-type=\"widget\" data-widget_type=\"heading.default\">\n\t\t\t\t<div class=\"elementor-widget-container\">\n\t\t\t\t\t<h3 class=\"elementor-heading-title elementor-size-default\">Sfide<\/h3>\t\t\t\t<\/div>\n\t\t\t\t<\/div>\n\t\t\t\t<div class=\"elementor-element elementor-element-22e39fd elementor-widget elementor-widget-text-editor\" data-id=\"22e39fd\" data-element_type=\"widget\" data-e-type=\"widget\" data-widget_type=\"text-editor.default\">\n\t\t\t\t<div class=\"elementor-widget-container\">\n\t\t\t\t\t\t\t\t\t<p>Tra le sfide affrontate c&#8217;era quella di garantire il corretto orientamento degli asparagi durante il trasporto attraverso il robot di raccolta, la prevenzione di danni alla delicata coltura e la necessit\u00e0 di un sistema che non fosse troppo pesante ma abbastanza robusto da resistere all&#8217;uso continuo. Inoltre, la tecnologia doveva essere in grado di operare autonomamente in diverse condizioni di campo senza compromettere l&#8217;efficienza o la qualit\u00e0 del raccolto. L&#8217;obiettivo era quello di inserire la tecnologia del nastro con cinghie Broekema in una raccoglitrice autonoma di asparagi per garantire una movimentazione delicata, un orientamento corretto, danni minimi alle colture e alte prestazioni, migliorando cos\u00ec l&#8217;efficienza e la produttivit\u00e0 complessive della raccolta.<\/p>\t\t\t\t\t\t\t\t<\/div>\n\t\t\t\t<\/div>\n\t\t\t\t<\/div>\n\t\t\t\t\t<\/div>\n\t\t\t\t<\/div>\n\t\t<div class=\"elementor-element elementor-element-76db263e e-flex e-con-boxed e-con e-parent\" data-id=\"76db263e\" data-element_type=\"container\" data-e-type=\"container\">\n\t\t\t\t\t<div class=\"e-con-inner\">\n\t\t\t\t<div class=\"elementor-element elementor-element-f65f109 elementor-widget elementor-widget-heading\" data-id=\"f65f109\" data-element_type=\"widget\" data-e-type=\"widget\" data-widget_type=\"heading.default\">\n\t\t\t\t<div class=\"elementor-widget-container\">\n\t\t\t\t\t<h3 class=\"elementor-heading-title elementor-size-default\">Soluzione<\/h3>\t\t\t\t<\/div>\n\t\t\t\t<\/div>\n\t\t\t\t<div class=\"elementor-element elementor-element-26f02592 elementor-widget elementor-widget-text-editor\" data-id=\"26f02592\" data-element_type=\"widget\" data-e-type=\"widget\" data-widget_type=\"text-editor.default\">\n\t\t\t\t<div class=\"elementor-widget-container\">\n\t\t\t\t\t\t\t\t\t<p>La soluzione \u00e9 consistita nel dotare la raccoglitrice autonoma di sistemi con nastro con cinghie Broekema progettati per una movimentazione delicata e un corretto orientamento degli asparagi. I nastri di setaccio, leggeri ma resistenti, hanno evitato di danneggiare i delicati gambi degli asparagi. Sono stati integrati sensori e sistemi di controllo avanzati per garantire l&#8217;orientamento e la manipolazione precisa degli asparagi durante il passaggio attraverso la raccoglitrice. Il design robusto dei nastri Broekema ha garantito un uso continuo in diverse condizioni di campo, migliorando l&#8217;efficienza e mantenendo un&#8217;elevata qualit\u00e0 del raccolto.<\/p>\t\t\t\t\t\t\t\t<\/div>\n\t\t\t\t<\/div>\n\t\t\t\t\t<\/div>\n\t\t\t\t<\/div>\n\t\t<div class=\"elementor-element elementor-element-cc699e5 e-flex e-con-boxed e-con e-parent\" data-id=\"cc699e5\" data-element_type=\"container\" data-e-type=\"container\" data-settings=\"{&quot;background_background&quot;:&quot;classic&quot;}\">\n\t\t\t\t\t<div class=\"e-con-inner\">\n\t\t\t\t<div class=\"elementor-element elementor-element-329e2dd elementor-widget elementor-widget-heading\" data-id=\"329e2dd\" data-element_type=\"widget\" data-e-type=\"widget\" data-widget_type=\"heading.default\">\n\t\t\t\t<div class=\"elementor-widget-container\">\n\t\t\t\t\t<p class=\"elementor-heading-title elementor-size-default\">Vuoi discutere le tue esigenze al riguardo dei nastri trasportatori?<\/p>\t\t\t\t<\/div>\n\t\t\t\t<\/div>\n\t\t\t\t<div class=\"elementor-element elementor-element-67f2cae elementor-align-center elementor-widget elementor-widget-button\" data-id=\"67f2cae\" data-element_type=\"widget\" data-e-type=\"widget\" data-widget_type=\"button.default\">\n\t\t\t\t<div class=\"elementor-widget-container\">\n\t\t\t\t\t\t\t\t\t<div class=\"elementor-button-wrapper\">\n\t\t\t\t\t<a class=\"elementor-button elementor-button-link elementor-size-lg\" href=\"https:\/\/broekema.nl\/it\/contatti\/\">\n\t\t\t\t\t\t<span class=\"elementor-button-content-wrapper\">\n\t\t\t\t\t\t<span class=\"elementor-button-icon\">\n\t\t\t\t<i aria-hidden=\"true\" class=\"fas fa-caret-right\"><\/i>\t\t\t<\/span>\n\t\t\t\t\t\t\t\t\t<span class=\"elementor-button-text\">Contattaci oggi stesso!<\/span>\n\t\t\t\t\t<\/span>\n\t\t\t\t\t<\/a>\n\t\t\t\t<\/div>\n\t\t\t\t\t\t\t\t<\/div>\n\t\t\t\t<\/div>\n\t\t\t\t\t<\/div>\n\t\t\t\t<\/div>\n\t\t\t\t<\/div>\n\t\t","protected":false},"excerpt":{"rendered":"<p>Caso di studio Home \/ Chi Siamo \/ Casi di studio \/ Raccoglitrice autonoma di asparagi Raccoglitrice autonoma di asparagi Una manipolazione efficiente e delicata degli asparagi \u00e8 essenziale nella raccolta automatizzata per mantenere la qualit\u00e0 e la produttivit\u00e0 del raccolto. I metodi di raccolta tradizionali possono essere laboriosi e inefficienti e la transizione verso [&hellip;]<\/p>\n","protected":false},"author":6,"featured_media":0,"parent":12942,"menu_order":0,"comment_status":"closed","ping_status":"closed","template":"elementor_header_footer","meta":{"_acf_changed":false,"inline_featured_image":false,"footnotes":""},"class_list":["post-12952","page","type-page","status-publish","hentry"],"acf":[],"aioseo_notices":[],"_links":{"self":[{"href":"https:\/\/broekema.nl\/it\/wp-json\/wp\/v2\/pages\/12952","targetHints":{"allow":["GET"]}}],"collection":[{"href":"https:\/\/broekema.nl\/it\/wp-json\/wp\/v2\/pages"}],"about":[{"href":"https:\/\/broekema.nl\/it\/wp-json\/wp\/v2\/types\/page"}],"author":[{"embeddable":true,"href":"https:\/\/broekema.nl\/it\/wp-json\/wp\/v2\/users\/6"}],"replies":[{"embeddable":true,"href":"https:\/\/broekema.nl\/it\/wp-json\/wp\/v2\/comments?post=12952"}],"version-history":[{"count":0,"href":"https:\/\/broekema.nl\/it\/wp-json\/wp\/v2\/pages\/12952\/revisions"}],"up":[{"embeddable":true,"href":"https:\/\/broekema.nl\/it\/wp-json\/wp\/v2\/pages\/12942"}],"wp:attachment":[{"href":"https:\/\/broekema.nl\/it\/wp-json\/wp\/v2\/media?parent=12952"}],"curies":[{"name":"wp","href":"https:\/\/api.w.org\/{rel}","templated":true}]}}