{"id":12859,"date":"2024-06-17T12:34:57","date_gmt":"2024-06-17T12:34:57","guid":{"rendered":"https:\/\/broekema.nl\/?page_id=12859"},"modified":"2025-02-14T08:25:30","modified_gmt":"2025-02-14T08:25:30","slug":"la-nostra-storia","status":"publish","type":"page","link":"https:\/\/broekema.nl\/it\/chi-siamo\/la-nostra-storia\/","title":{"rendered":"La Nostra Storia"},"content":{"rendered":"\t\t<div data-elementor-type=\"wp-page\" data-elementor-id=\"12859\" class=\"elementor elementor-12859 elementor-9925\" data-elementor-post-type=\"page\">\n\t\t\t\t<div class=\"elementor-element elementor-element-729ba5f e-flex e-con-boxed e-con e-child\" data-id=\"729ba5f\" data-element_type=\"container\" data-e-type=\"container\" data-settings=\"{&quot;background_background&quot;:&quot;classic&quot;}\">\n\t\t\t\t\t<div class=\"e-con-inner\">\n\t\t\t\t<div class=\"elementor-element elementor-element-6a0ec28 elementor-widget elementor-widget-heading\" data-id=\"6a0ec28\" data-element_type=\"widget\" data-e-type=\"widget\" data-widget_type=\"heading.default\">\n\t\t\t\t<div class=\"elementor-widget-container\">\n\t\t\t\t\t<h1 class=\"elementor-heading-title elementor-size-default\">La nostra storia<\/h1>\t\t\t\t<\/div>\n\t\t\t\t<\/div>\n\t\t\t\t<div class=\"elementor-element elementor-element-d683c79 elementor-hidden-mobile elementor-widget elementor-widget-text-editor\" data-id=\"d683c79\" data-element_type=\"widget\" data-e-type=\"widget\" data-widget_type=\"text-editor.default\">\n\t\t\t\t<div class=\"elementor-widget-container\">\n\t\t\t\t\t\t\t\t\t<pre><a href=\"https:\/\/broekema.nl\/it\/\">Home<\/a> \/ <a href=\"https:\/\/broekema.nl\/it\/chi-siamo\/\">Chi Siamo<\/a> \/ La nostra storia<\/pre>\t\t\t\t\t\t\t\t<\/div>\n\t\t\t\t<\/div>\n\t\t\t\t\t<\/div>\n\t\t\t\t<\/div>\n\t\t<div class=\"elementor-element elementor-element-8cce1d5 e-flex e-con-boxed e-con e-parent\" data-id=\"8cce1d5\" data-element_type=\"container\" data-e-type=\"container\">\n\t\t\t\t\t<div class=\"e-con-inner\">\n\t\t<div class=\"elementor-element elementor-element-3060860 e-con-full e-flex e-con e-child\" data-id=\"3060860\" data-element_type=\"container\" data-e-type=\"container\" data-settings=\"{&quot;background_background&quot;:&quot;classic&quot;}\">\n\t\t\t\t<div class=\"elementor-element elementor-element-60b088d elementor-widget elementor-widget-heading\" data-id=\"60b088d\" data-element_type=\"widget\" data-e-type=\"widget\" data-widget_type=\"heading.default\">\n\t\t\t\t<div class=\"elementor-widget-container\">\n\t\t\t\t\t<h2 class=\"elementor-heading-title elementor-size-default\">Gli albori<\/h2>\t\t\t\t<\/div>\n\t\t\t\t<\/div>\n\t\t\t\t<div class=\"elementor-element elementor-element-7e2c31b elementor-widget elementor-widget-text-editor\" data-id=\"7e2c31b\" data-element_type=\"widget\" data-e-type=\"widget\" data-widget_type=\"text-editor.default\">\n\t\t\t\t<div class=\"elementor-widget-container\">\n\t\t\t\t\t\t\t\t\t<p>La storia di Broekema inizia nel 1953 quando l&#8217;ingegner Hamminga invent\u00f3 un nastro trasportatore che durava pi\u00f9 a lungo di qualsiasi soluzione esistente. L&#8217;innovazione del suo nastro trasportatore a barre, per vagliatura, ha rapidamente attirato l&#8217;attenzione nel settore agricolo, offrendo un&#8217;alternativa duratura ed efficiente ai metodi tradizionali. L&#8217;invenzione di Hamminga stabil\u00ed un nuovo standard per i nastri trasportatori e gett\u00f3 le basi per i futuri progressi del settore.<\/p>\t\t\t\t\t\t\t\t<\/div>\n\t\t\t\t<\/div>\n\t\t\t\t<\/div>\n\t\t<div class=\"elementor-element elementor-element-bbe8ee0 e-con-full e-flex e-con e-child\" data-id=\"bbe8ee0\" data-element_type=\"container\" data-e-type=\"container\" data-settings=\"{&quot;background_background&quot;:&quot;classic&quot;}\">\n\t\t\t\t<\/div>\n\t\t\t\t\t<\/div>\n\t\t\t\t<\/div>\n\t\t<div class=\"elementor-element elementor-element-8b0ea99 e-flex e-con-boxed e-con e-parent\" data-id=\"8b0ea99\" data-element_type=\"container\" data-e-type=\"container\">\n\t\t\t\t\t<div class=\"e-con-inner\">\n\t\t\t\t<div class=\"elementor-element elementor-element-2bf6506 elementor-view-default elementor-widget elementor-widget-icon\" data-id=\"2bf6506\" data-element_type=\"widget\" data-e-type=\"widget\" data-widget_type=\"icon.default\">\n\t\t\t\t<div class=\"elementor-widget-container\">\n\t\t\t\t\t\t\t<div class=\"elementor-icon-wrapper\">\n\t\t\t<div class=\"elementor-icon\">\n\t\t\t<i aria-hidden=\"true\" class=\"fas fa-angle-double-down\"><\/i>\t\t\t<\/div>\n\t\t<\/div>\n\t\t\t\t\t\t<\/div>\n\t\t\t\t<\/div>\n\t\t\t\t\t<\/div>\n\t\t\t\t<\/div>\n\t\t<div class=\"elementor-element elementor-element-9ffeaae e-flex e-con-boxed e-con e-parent\" data-id=\"9ffeaae\" data-element_type=\"container\" data-e-type=\"container\">\n\t\t\t\t\t<div class=\"e-con-inner\">\n\t\t<div class=\"elementor-element elementor-element-1631411 e-con-full e-flex e-con e-child\" data-id=\"1631411\" data-element_type=\"container\" data-e-type=\"container\" data-settings=\"{&quot;background_background&quot;:&quot;classic&quot;}\">\n\t\t\t\t<\/div>\n\t\t<div class=\"elementor-element elementor-element-43aeeee e-con-full e-flex e-con e-child\" data-id=\"43aeeee\" data-element_type=\"container\" data-e-type=\"container\" data-settings=\"{&quot;background_background&quot;:&quot;classic&quot;}\">\n\t\t\t\t<div class=\"elementor-element elementor-element-69bf596 elementor-widget elementor-widget-heading\" data-id=\"69bf596\" data-element_type=\"widget\" data-e-type=\"widget\" data-widget_type=\"heading.default\">\n\t\t\t\t<div class=\"elementor-widget-container\">\n\t\t\t\t\t<h2 class=\"elementor-heading-title elementor-size-default\">EA Broekema BV<\/h2>\t\t\t\t<\/div>\n\t\t\t\t<\/div>\n\t\t\t\t<div class=\"elementor-element elementor-element-f29ecdb elementor-widget elementor-widget-text-editor\" data-id=\"f29ecdb\" data-element_type=\"widget\" data-e-type=\"widget\" data-widget_type=\"text-editor.default\">\n\t\t\t\t<div class=\"elementor-widget-container\">\n\t\t\t\t\t\t\t\t\t<p>Nel 1965, Ernst August Broekema acquis\u00ec l&#8217;azienda di Hammenga, riconoscendo il potenziale del nastro trasportatore a barre. Con la sua esperienza nel settore delle macchine agricole, il sig. Broekema ampli\u00f3 l&#8217;attivit\u00e0, concentrandosi sul soddisfare le esigenze specifiche del settore agricolo. Partendo da un minimo team, l&#8217;azienda crebbe fornendo costantemente soluzioni di trasporto affidabili. Questo impegno per la qualit\u00e0 e la soddisfazione del cliente guid\u00f3 la sua espansione, richiedendo impianti di produzione pi\u00f9 grandi e investimenti in nuove tecnologie e gamma di prodotti.<\/p>\t\t\t\t\t\t\t\t<\/div>\n\t\t\t\t<\/div>\n\t\t\t\t<\/div>\n\t\t\t\t\t<\/div>\n\t\t\t\t<\/div>\n\t\t<div class=\"elementor-element elementor-element-b651282 e-flex e-con-boxed e-con e-parent\" data-id=\"b651282\" data-element_type=\"container\" data-e-type=\"container\">\n\t\t\t\t\t<div class=\"e-con-inner\">\n\t\t\t\t<div class=\"elementor-element elementor-element-94892bc elementor-view-default elementor-widget elementor-widget-icon\" data-id=\"94892bc\" data-element_type=\"widget\" data-e-type=\"widget\" data-widget_type=\"icon.default\">\n\t\t\t\t<div class=\"elementor-widget-container\">\n\t\t\t\t\t\t\t<div class=\"elementor-icon-wrapper\">\n\t\t\t<div class=\"elementor-icon\">\n\t\t\t<i aria-hidden=\"true\" class=\"fas fa-angle-double-down\"><\/i>\t\t\t<\/div>\n\t\t<\/div>\n\t\t\t\t\t\t<\/div>\n\t\t\t\t<\/div>\n\t\t\t\t\t<\/div>\n\t\t\t\t<\/div>\n\t\t<div class=\"elementor-element elementor-element-b138a7a e-flex e-con-boxed e-con e-parent\" data-id=\"b138a7a\" data-element_type=\"container\" data-e-type=\"container\">\n\t\t\t\t\t<div class=\"e-con-inner\">\n\t\t<div class=\"elementor-element elementor-element-8208ec2 e-con-full e-flex e-con e-child\" data-id=\"8208ec2\" data-element_type=\"container\" data-e-type=\"container\" data-settings=\"{&quot;background_background&quot;:&quot;classic&quot;}\">\n\t\t\t\t<div class=\"elementor-element elementor-element-dfb029d elementor-widget elementor-widget-heading\" data-id=\"dfb029d\" data-element_type=\"widget\" data-e-type=\"widget\" data-widget_type=\"heading.default\">\n\t\t\t\t<div class=\"elementor-widget-container\">\n\t\t\t\t\t<h2 class=\"elementor-heading-title elementor-size-default\">Orizzonti in espansione<\/h2>\t\t\t\t<\/div>\n\t\t\t\t<\/div>\n\t\t\t\t<div class=\"elementor-element elementor-element-1763f89 elementor-widget elementor-widget-text-editor\" data-id=\"1763f89\" data-element_type=\"widget\" data-e-type=\"widget\" data-widget_type=\"text-editor.default\">\n\t\t\t\t<div class=\"elementor-widget-container\">\n\t\t\t\t\t\t\t\t\t<p>Alla fine degli anni &#8217;60 e all&#8217;inizio degli anni &#8217;70, la Broekema inizi\u00f2 la sua espansione internazionale, concentrandosi sul Nord America. Nel 1989 fu fondata la Broekema Beltway USA, Inc., passando dal tramite di agenti locali a una presenza diretta sul mercato. Ci\u00f2 port\u00f3 all&#8217;apertura di uno stabilimento di produzione a Hinckley, Minnesota, che in seguito si ampli\u00f3 in una struttura pi\u00f9 grande a Pine City nel 2001. Continuando la sua crescita, nel 2011 la Broekema ha aperto un nuovo stabilimento a Woodland, in California, rafforzando ulteriormente la sua presenza in Nord America.<\/p>\t\t\t\t\t\t\t\t<\/div>\n\t\t\t\t<\/div>\n\t\t\t\t<\/div>\n\t\t<div class=\"elementor-element elementor-element-9309440 e-con-full e-flex e-con e-child\" data-id=\"9309440\" data-element_type=\"container\" data-e-type=\"container\" data-settings=\"{&quot;background_background&quot;:&quot;classic&quot;}\">\n\t\t\t\t<\/div>\n\t\t\t\t\t<\/div>\n\t\t\t\t<\/div>\n\t\t<div class=\"elementor-element elementor-element-b3554bd e-flex e-con-boxed e-con e-parent\" data-id=\"b3554bd\" data-element_type=\"container\" data-e-type=\"container\">\n\t\t\t\t\t<div class=\"e-con-inner\">\n\t\t\t\t<div class=\"elementor-element elementor-element-ea67af4 elementor-view-default elementor-widget elementor-widget-icon\" data-id=\"ea67af4\" data-element_type=\"widget\" data-e-type=\"widget\" data-widget_type=\"icon.default\">\n\t\t\t\t<div class=\"elementor-widget-container\">\n\t\t\t\t\t\t\t<div class=\"elementor-icon-wrapper\">\n\t\t\t<div class=\"elementor-icon\">\n\t\t\t<i aria-hidden=\"true\" class=\"fas fa-angle-double-down\"><\/i>\t\t\t<\/div>\n\t\t<\/div>\n\t\t\t\t\t\t<\/div>\n\t\t\t\t<\/div>\n\t\t\t\t\t<\/div>\n\t\t\t\t<\/div>\n\t\t<div class=\"elementor-element elementor-element-1db0d66 e-flex e-con-boxed e-con e-parent\" data-id=\"1db0d66\" data-element_type=\"container\" data-e-type=\"container\">\n\t\t\t\t\t<div class=\"e-con-inner\">\n\t\t<div class=\"elementor-element elementor-element-36ede34 e-con-full e-flex e-con e-child\" data-id=\"36ede34\" data-element_type=\"container\" data-e-type=\"container\" data-settings=\"{&quot;background_background&quot;:&quot;classic&quot;}\">\n\t\t\t\t<\/div>\n\t\t<div class=\"elementor-element elementor-element-5901c8a e-con-full e-flex e-con e-child\" data-id=\"5901c8a\" data-element_type=\"container\" data-e-type=\"container\" data-settings=\"{&quot;background_background&quot;:&quot;classic&quot;}\">\n\t\t\t\t<div class=\"elementor-element elementor-element-b16f93e elementor-widget elementor-widget-heading\" data-id=\"b16f93e\" data-element_type=\"widget\" data-e-type=\"widget\" data-widget_type=\"heading.default\">\n\t\t\t\t<div class=\"elementor-widget-container\">\n\t\t\t\t\t<h2 class=\"elementor-heading-title elementor-size-default\">Progresso tecnologico e modernizzazione<\/h2>\t\t\t\t<\/div>\n\t\t\t\t<\/div>\n\t\t\t\t<div class=\"elementor-element elementor-element-13ee53f elementor-widget elementor-widget-text-editor\" data-id=\"13ee53f\" data-element_type=\"widget\" data-e-type=\"widget\" data-widget_type=\"text-editor.default\">\n\t\t\t\t<div class=\"elementor-widget-container\">\n\t\t\t\t\t\t\t\t\t<p>Negli anni &#8217;90 e nei primi anni 2000, la Broekema ha visto una crescita e una trasformazione significative. Acquisita da Arnold J\u00e4ger Holding nel 1996, l&#8217;azienda ha ricevuto nuove risorse e opportunit\u00e0 di innovazione. Il trasferimento in una struttura all&#8217;avanguardia presso la Zwaaikom nel 2000 (a Veendam, NL) ha permesso all&#8217;azienda di soddisfare gli standard contemporanei e di accogliere il lavoro in espansione. Il nuovo stabilimento, dotato di tecnologia all&#8217;avanguardia, ha migliorato l&#8217;efficienza e le capacit\u00e0 produttive. All&#8217;inizio degli anni 2000, Broekema si era gi\u00e0 affermata come leader globale nella tecnologia dei nastri trasportatori, servendo vari settori.<\/p>\t\t\t\t\t\t\t\t<\/div>\n\t\t\t\t<\/div>\n\t\t\t\t<\/div>\n\t\t\t\t\t<\/div>\n\t\t\t\t<\/div>\n\t\t<div class=\"elementor-element elementor-element-2a02706 e-flex e-con-boxed e-con e-parent\" data-id=\"2a02706\" data-element_type=\"container\" data-e-type=\"container\">\n\t\t\t\t\t<div class=\"e-con-inner\">\n\t\t\t\t<div class=\"elementor-element elementor-element-f5aa414 elementor-view-default elementor-widget elementor-widget-icon\" data-id=\"f5aa414\" data-element_type=\"widget\" data-e-type=\"widget\" data-widget_type=\"icon.default\">\n\t\t\t\t<div class=\"elementor-widget-container\">\n\t\t\t\t\t\t\t<div class=\"elementor-icon-wrapper\">\n\t\t\t<div class=\"elementor-icon\">\n\t\t\t<i aria-hidden=\"true\" class=\"fas fa-angle-double-down\"><\/i>\t\t\t<\/div>\n\t\t<\/div>\n\t\t\t\t\t\t<\/div>\n\t\t\t\t<\/div>\n\t\t\t\t\t<\/div>\n\t\t\t\t<\/div>\n\t\t<div class=\"elementor-element elementor-element-7183cc9 e-flex e-con-boxed e-con e-parent\" data-id=\"7183cc9\" data-element_type=\"container\" data-e-type=\"container\">\n\t\t\t\t\t<div class=\"e-con-inner\">\n\t\t<div class=\"elementor-element elementor-element-92e412d e-con-full e-flex e-con e-child\" data-id=\"92e412d\" data-element_type=\"container\" data-e-type=\"container\" data-settings=\"{&quot;background_background&quot;:&quot;classic&quot;}\">\n\t\t\t\t<div class=\"elementor-element elementor-element-63183f0 elementor-widget elementor-widget-heading\" data-id=\"63183f0\" data-element_type=\"widget\" data-e-type=\"widget\" data-widget_type=\"heading.default\">\n\t\t\t\t<div class=\"elementor-widget-container\">\n\t\t\t\t\t<h2 class=\"elementor-heading-title elementor-size-default\">Attualmente<\/h2>\t\t\t\t<\/div>\n\t\t\t\t<\/div>\n\t\t\t\t<div class=\"elementor-element elementor-element-cdbcb07 elementor-widget elementor-widget-text-editor\" data-id=\"cdbcb07\" data-element_type=\"widget\" data-e-type=\"widget\" data-widget_type=\"text-editor.default\">\n\t\t\t\t<div class=\"elementor-widget-container\">\n\t\t\t\t\t\t\t\t\t<p>Broekema continua ad essere un attore chiave nel settore dei nastri trasportatori, dedito all&#8217;innovazione e alla soddisfazione del cliente. Esportiamo in oltre 40 paesi, servendo diversi settori, tra cui l&#8217;agricoltura e la trasformazione alimentare. I nostri prodotti sono utilizzati dalle migliori marche per la raccolta di patate, barbabietole da zucchero, pomodori, carote, noci, olive e altro ancora. Con una forza lavoro di circa 160 dipendenti in Veendam e altri team negli Stati Uniti, sviluppiamo e produciamo nastri trasportatori di alta qualit\u00e0 progettati per soddisfare le esigenze in continua evoluzione dei nostri clienti. Manteniamo solide relazioni con gli OEM di tutto il mondo, migliorando costantemente la nostra tecnologia per garantire prestazioni e affidabilit\u00e0 ottimali in ogni prodotto che forniamo.<\/p>\t\t\t\t\t\t\t\t<\/div>\n\t\t\t\t<\/div>\n\t\t\t\t<\/div>\n\t\t<div class=\"elementor-element elementor-element-153684e e-con-full e-flex e-con e-child\" data-id=\"153684e\" data-element_type=\"container\" data-e-type=\"container\" data-settings=\"{&quot;background_background&quot;:&quot;classic&quot;}\">\n\t\t\t\t<\/div>\n\t\t\t\t\t<\/div>\n\t\t\t\t<\/div>\n\t\t<div class=\"elementor-element elementor-element-9ceec29 e-flex e-con-boxed e-con e-parent\" data-id=\"9ceec29\" data-element_type=\"container\" data-e-type=\"container\" data-settings=\"{&quot;background_background&quot;:&quot;classic&quot;}\">\n\t\t\t\t\t<div class=\"e-con-inner\">\n\t\t<div class=\"elementor-element elementor-element-72aba22 e-con-full e-flex e-con e-child\" data-id=\"72aba22\" data-element_type=\"container\" data-e-type=\"container\">\n\t\t\t\t<div class=\"elementor-element elementor-element-43654f3 elementor-view-default elementor-widget elementor-widget-icon\" data-id=\"43654f3\" data-element_type=\"widget\" data-e-type=\"widget\" data-widget_type=\"icon.default\">\n\t\t\t\t<div class=\"elementor-widget-container\">\n\t\t\t\t\t\t\t<div class=\"elementor-icon-wrapper\">\n\t\t\t<div class=\"elementor-icon\">\n\t\t\t<i aria-hidden=\"true\" class=\"fas fa-seedling\"><\/i>\t\t\t<\/div>\n\t\t<\/div>\n\t\t\t\t\t\t<\/div>\n\t\t\t\t<\/div>\n\t\t\t\t<div class=\"elementor-element elementor-element-c22d825 elementor-widget elementor-widget-heading\" data-id=\"c22d825\" data-element_type=\"widget\" data-e-type=\"widget\" data-widget_type=\"heading.default\">\n\t\t\t\t<div class=\"elementor-widget-container\">\n\t\t\t\t\t<h2 class=\"elementor-heading-title elementor-size-default\">Investire nel personale e nell'innovazione<\/h2>\t\t\t\t<\/div>\n\t\t\t\t<\/div>\n\t\t\t\t<div class=\"elementor-element elementor-element-aa59ca3 elementor-widget elementor-widget-text-editor\" data-id=\"aa59ca3\" data-element_type=\"widget\" data-e-type=\"widget\" data-widget_type=\"text-editor.default\">\n\t\t\t\t<div class=\"elementor-widget-container\">\n\t\t\t\t\t\t\t\t\t<p>Il nostro successo deriva dalla dedizione e dalla creativit\u00e0 dei nostri dipendenti. Diamo priorit\u00e0 alla ricerca e allo sviluppo per continuare a migliorare i nostri prodotti e processi. Questa attenzione ci aiuta a rimanere all&#8217;avanguardia nel settore, offrendo soluzioni all&#8217;avanguardia ai nostri clienti in tutto il mondo. La mentalit\u00e0 innovativa del nostro team ha reso Broekema leader nel settore dei nastri trasportatori a barre<\/p>\t\t\t\t\t\t\t\t<\/div>\n\t\t\t\t<\/div>\n\t\t\t\t<\/div>\n\t\t<div class=\"elementor-element elementor-element-5f0be56 e-con-full e-flex e-con e-child\" data-id=\"5f0be56\" data-element_type=\"container\" data-e-type=\"container\">\n\t\t\t\t<div class=\"elementor-element elementor-element-b6158e3 elementor-view-default elementor-widget elementor-widget-icon\" data-id=\"b6158e3\" data-element_type=\"widget\" data-e-type=\"widget\" data-widget_type=\"icon.default\">\n\t\t\t\t<div class=\"elementor-widget-container\">\n\t\t\t\t\t\t\t<div class=\"elementor-icon-wrapper\">\n\t\t\t<div class=\"elementor-icon\">\n\t\t\t<i aria-hidden=\"true\" class=\"fas fa-road\"><\/i>\t\t\t<\/div>\n\t\t<\/div>\n\t\t\t\t\t\t<\/div>\n\t\t\t\t<\/div>\n\t\t\t\t<div class=\"elementor-element elementor-element-79c02b9 elementor-widget elementor-widget-heading\" data-id=\"79c02b9\" data-element_type=\"widget\" data-e-type=\"widget\" data-widget_type=\"heading.default\">\n\t\t\t\t<div class=\"elementor-widget-container\">\n\t\t\t\t\t<h2 class=\"elementor-heading-title elementor-size-default\">Uno sguardo al futuro<\/h2>\t\t\t\t<\/div>\n\t\t\t\t<\/div>\n\t\t\t\t<div class=\"elementor-element elementor-element-a0dba50 elementor-widget elementor-widget-text-editor\" data-id=\"a0dba50\" data-element_type=\"widget\" data-e-type=\"widget\" data-widget_type=\"text-editor.default\">\n\t\t\t\t<div class=\"elementor-widget-container\">\n\t\t\t\t\t\t\t\t\t<p>Con la crescita della popolazione globale, aumenter\u00e0 la domanda di soluzioni agricole efficienti. Broekema si impegna a sviluppare nuove applicazioni e ad espandere la propria portata globale. Ci impegniamo per crescere costantemente, soddisfacendo le mutevoli esigenze dei nostri clienti e del settore. La nostra strategia si concentra sulla crescita sostenibile, mantenendo la leadership nei mercati attuali ed esplorando nuove opportunit\u00e0 a livello mondiale.<\/p>\t\t\t\t\t\t\t\t<\/div>\n\t\t\t\t<\/div>\n\t\t\t\t<\/div>\n\t\t\t\t\t<\/div>\n\t\t\t\t<\/div>\n\t\t<div class=\"elementor-element elementor-element-e944c86 e-flex e-con-boxed e-con e-parent\" data-id=\"e944c86\" data-element_type=\"container\" data-e-type=\"container\">\n\t\t\t\t\t<div class=\"e-con-inner\">\n\t\t\t\t<div class=\"elementor-element elementor-element-bea3a0e elementor-widget elementor-widget-heading\" data-id=\"bea3a0e\" data-element_type=\"widget\" data-e-type=\"widget\" data-widget_type=\"heading.default\">\n\t\t\t\t<div class=\"elementor-widget-container\">\n\t\t\t\t\t<p class=\"elementor-heading-title elementor-size-default\">Ti interessa entrare a far parte del team Broekema?<\/p>\t\t\t\t<\/div>\n\t\t\t\t<\/div>\n\t\t\t\t<div class=\"elementor-element elementor-element-9e8a6ac elementor-align-center elementor-widget elementor-widget-button\" data-id=\"9e8a6ac\" data-element_type=\"widget\" data-e-type=\"widget\" data-widget_type=\"button.default\">\n\t\t\t\t<div class=\"elementor-widget-container\">\n\t\t\t\t\t\t\t\t\t<div class=\"elementor-button-wrapper\">\n\t\t\t\t\t<a class=\"elementor-button elementor-button-link elementor-size-lg\" href=\"https:\/\/www.werkenbijbroekema.nl\">\n\t\t\t\t\t\t<span class=\"elementor-button-content-wrapper\">\n\t\t\t\t\t\t<span class=\"elementor-button-icon\">\n\t\t\t\t<i aria-hidden=\"true\" class=\"fas fa-caret-right\"><\/i>\t\t\t<\/span>\n\t\t\t\t\t\t\t\t\t<span class=\"elementor-button-text\">Esplora le opportunit\u00e0 di carriera<\/span>\n\t\t\t\t\t<\/span>\n\t\t\t\t\t<\/a>\n\t\t\t\t<\/div>\n\t\t\t\t\t\t\t\t<\/div>\n\t\t\t\t<\/div>\n\t\t\t\t\t<\/div>\n\t\t\t\t<\/div>\n\t\t\t\t<\/div>\n\t\t","protected":false},"excerpt":{"rendered":"<p>La nostra storia Home \/ Chi Siamo \/ La nostra storia Gli albori La storia di Broekema inizia nel 1953 quando l&#8217;ingegner Hamminga invent\u00f3 un nastro trasportatore che durava pi\u00f9 a lungo di qualsiasi soluzione esistente. L&#8217;innovazione del suo nastro trasportatore a barre, per vagliatura, ha rapidamente attirato l&#8217;attenzione nel settore agricolo, offrendo un&#8217;alternativa duratura [&hellip;]<\/p>\n","protected":false},"author":6,"featured_media":0,"parent":12798,"menu_order":0,"comment_status":"closed","ping_status":"closed","template":"elementor_header_footer","meta":{"_acf_changed":false,"inline_featured_image":false,"footnotes":""},"class_list":["post-12859","page","type-page","status-publish","hentry"],"acf":[],"aioseo_notices":[],"_links":{"self":[{"href":"https:\/\/broekema.nl\/it\/wp-json\/wp\/v2\/pages\/12859","targetHints":{"allow":["GET"]}}],"collection":[{"href":"https:\/\/broekema.nl\/it\/wp-json\/wp\/v2\/pages"}],"about":[{"href":"https:\/\/broekema.nl\/it\/wp-json\/wp\/v2\/types\/page"}],"author":[{"embeddable":true,"href":"https:\/\/broekema.nl\/it\/wp-json\/wp\/v2\/users\/6"}],"replies":[{"embeddable":true,"href":"https:\/\/broekema.nl\/it\/wp-json\/wp\/v2\/comments?post=12859"}],"version-history":[{"count":0,"href":"https:\/\/broekema.nl\/it\/wp-json\/wp\/v2\/pages\/12859\/revisions"}],"up":[{"embeddable":true,"href":"https:\/\/broekema.nl\/it\/wp-json\/wp\/v2\/pages\/12798"}],"wp:attachment":[{"href":"https:\/\/broekema.nl\/it\/wp-json\/wp\/v2\/media?parent=12859"}],"curies":[{"name":"wp","href":"https:\/\/api.w.org\/{rel}","templated":true}]}}