{"id":18562,"date":"2024-06-17T12:34:57","date_gmt":"2024-06-17T12:34:57","guid":{"rendered":"https:\/\/broekema.nl\/?page_id=18562"},"modified":"2025-03-07T14:47:49","modified_gmt":"2025-03-07T14:47:49","slug":"nuestra-historia","status":"publish","type":"page","link":"https:\/\/broekema.nl\/es\/acerca-de-nosotros\/nuestra-historia\/","title":{"rendered":"Nuestra historia"},"content":{"rendered":"\t\t<div data-elementor-type=\"wp-page\" data-elementor-id=\"18562\" class=\"elementor elementor-18562 elementor-9925\" data-elementor-post-type=\"page\">\n\t\t\t\t<div class=\"elementor-element elementor-element-729ba5f e-flex e-con-boxed e-con e-child\" data-id=\"729ba5f\" data-element_type=\"container\" data-e-type=\"container\" data-settings=\"{&quot;background_background&quot;:&quot;classic&quot;}\">\n\t\t\t\t\t<div class=\"e-con-inner\">\n\t\t\t\t<div class=\"elementor-element elementor-element-6a0ec28 elementor-widget elementor-widget-heading\" data-id=\"6a0ec28\" data-element_type=\"widget\" data-e-type=\"widget\" data-widget_type=\"heading.default\">\n\t\t\t\t<div class=\"elementor-widget-container\">\n\t\t\t\t\t<h1 class=\"elementor-heading-title elementor-size-default\">Nuestra historia<\/h1>\t\t\t\t<\/div>\n\t\t\t\t<\/div>\n\t\t\t\t<div class=\"elementor-element elementor-element-d683c79 elementor-hidden-mobile elementor-widget elementor-widget-text-editor\" data-id=\"d683c79\" data-element_type=\"widget\" data-e-type=\"widget\" data-widget_type=\"text-editor.default\">\n\t\t\t\t<div class=\"elementor-widget-container\">\n\t\t\t\t\t\t\t\t\t<pre><a href=\"https:\/\/broekema.nl\/es\/\">Inicio<\/a> \/ <a href=\"https:\/\/broekema.nl\/es\/acerca-de-nosotros\/\">Acerca de nosotros<\/a> \/ Nuestra historia<\/pre>\t\t\t\t\t\t\t\t<\/div>\n\t\t\t\t<\/div>\n\t\t\t\t\t<\/div>\n\t\t\t\t<\/div>\n\t\t<div class=\"elementor-element elementor-element-8cce1d5 e-flex e-con-boxed e-con e-parent\" data-id=\"8cce1d5\" data-element_type=\"container\" data-e-type=\"container\">\n\t\t\t\t\t<div class=\"e-con-inner\">\n\t\t<div class=\"elementor-element elementor-element-3060860 e-con-full e-flex e-con e-child\" data-id=\"3060860\" data-element_type=\"container\" data-e-type=\"container\" data-settings=\"{&quot;background_background&quot;:&quot;classic&quot;}\">\n\t\t\t\t<div class=\"elementor-element elementor-element-60b088d elementor-widget elementor-widget-heading\" data-id=\"60b088d\" data-element_type=\"widget\" data-e-type=\"widget\" data-widget_type=\"heading.default\">\n\t\t\t\t<div class=\"elementor-widget-container\">\n\t\t\t\t\t<h2 class=\"elementor-heading-title elementor-size-default\">Los inicios<\/h2>\t\t\t\t<\/div>\n\t\t\t\t<\/div>\n\t\t\t\t<div class=\"elementor-element elementor-element-7e2c31b elementor-widget elementor-widget-text-editor\" data-id=\"7e2c31b\" data-element_type=\"widget\" data-e-type=\"widget\" data-widget_type=\"text-editor.default\">\n\t\t\t\t<div class=\"elementor-widget-container\">\n\t\t\t\t\t\t\t\t\t<p>La historia de Broekema comienza en 1953, cuando el ingeniero t\u00e9cnico Hamminga invent\u00f3 una cinta transportadora que duraba m\u00e1s que cualquier soluci\u00f3n existente. Su innovaci\u00f3n, la cinta transportadora de varillas, r\u00e1pidamente gan\u00f3 atenci\u00f3n en el sector agr\u00edcola, ofreciendo una alternativa duradera y eficiente a los m\u00e9todos tradicionales. La invenci\u00f3n de Hamminga estableci\u00f3 un nuevo est\u00e1ndar para las cintas transportadoras y sent\u00f3 las bases para futuros avances en la industria.<\/p>\t\t\t\t\t\t\t\t<\/div>\n\t\t\t\t<\/div>\n\t\t\t\t<\/div>\n\t\t<div class=\"elementor-element elementor-element-bbe8ee0 e-con-full e-flex e-con e-child\" data-id=\"bbe8ee0\" data-element_type=\"container\" data-e-type=\"container\" data-settings=\"{&quot;background_background&quot;:&quot;classic&quot;}\">\n\t\t\t\t<\/div>\n\t\t\t\t\t<\/div>\n\t\t\t\t<\/div>\n\t\t<div class=\"elementor-element elementor-element-8b0ea99 e-flex e-con-boxed e-con e-parent\" data-id=\"8b0ea99\" data-element_type=\"container\" data-e-type=\"container\">\n\t\t\t\t\t<div class=\"e-con-inner\">\n\t\t\t\t<div class=\"elementor-element elementor-element-2bf6506 elementor-view-default elementor-widget elementor-widget-icon\" data-id=\"2bf6506\" data-element_type=\"widget\" data-e-type=\"widget\" data-widget_type=\"icon.default\">\n\t\t\t\t<div class=\"elementor-widget-container\">\n\t\t\t\t\t\t\t<div class=\"elementor-icon-wrapper\">\n\t\t\t<div class=\"elementor-icon\">\n\t\t\t<i aria-hidden=\"true\" class=\"fas fa-angle-double-down\"><\/i>\t\t\t<\/div>\n\t\t<\/div>\n\t\t\t\t\t\t<\/div>\n\t\t\t\t<\/div>\n\t\t\t\t\t<\/div>\n\t\t\t\t<\/div>\n\t\t<div class=\"elementor-element elementor-element-9ffeaae e-flex e-con-boxed e-con e-parent\" data-id=\"9ffeaae\" data-element_type=\"container\" data-e-type=\"container\">\n\t\t\t\t\t<div class=\"e-con-inner\">\n\t\t<div class=\"elementor-element elementor-element-1631411 e-con-full e-flex e-con e-child\" data-id=\"1631411\" data-element_type=\"container\" data-e-type=\"container\" data-settings=\"{&quot;background_background&quot;:&quot;classic&quot;}\">\n\t\t\t\t<\/div>\n\t\t<div class=\"elementor-element elementor-element-43aeeee e-con-full e-flex e-con e-child\" data-id=\"43aeeee\" data-element_type=\"container\" data-e-type=\"container\" data-settings=\"{&quot;background_background&quot;:&quot;classic&quot;}\">\n\t\t\t\t<div class=\"elementor-element elementor-element-69bf596 elementor-widget elementor-widget-heading\" data-id=\"69bf596\" data-element_type=\"widget\" data-e-type=\"widget\" data-widget_type=\"heading.default\">\n\t\t\t\t<div class=\"elementor-widget-container\">\n\t\t\t\t\t<h2 class=\"elementor-heading-title elementor-size-default\">EA Broekema BV<\/h2>\t\t\t\t<\/div>\n\t\t\t\t<\/div>\n\t\t\t\t<div class=\"elementor-element elementor-element-f29ecdb elementor-widget elementor-widget-text-editor\" data-id=\"f29ecdb\" data-element_type=\"widget\" data-e-type=\"widget\" data-widget_type=\"text-editor.default\">\n\t\t\t\t<div class=\"elementor-widget-container\">\n\t\t\t\t\t\t\t\t\t<p>En 1965, Ernst August Broekema adquiri\u00f3 la empresa de Hammenga, reconociendo el potencial de la cinta transportadora de varillas. Con su experiencia en maquinaria agr\u00edcola, Broekema ampli\u00f3 el negocio, centr\u00e1ndose en satisfacer las necesidades espec\u00edficas del sector agr\u00edcola. Empezando con un equipo peque\u00f1o, la empresa creci\u00f3 ofreciendo constantemente soluciones de transporte fiables. Este compromiso con la calidad y la satisfacci\u00f3n del cliente impuls\u00f3 su expansi\u00f3n, lo que requiri\u00f3 instalaciones m\u00e1s grandes para la producci\u00f3n e inversiones en nuevas tecnolog\u00edas y gama de productos.<\/p>\t\t\t\t\t\t\t\t<\/div>\n\t\t\t\t<\/div>\n\t\t\t\t<\/div>\n\t\t\t\t\t<\/div>\n\t\t\t\t<\/div>\n\t\t<div class=\"elementor-element elementor-element-b651282 e-flex e-con-boxed e-con e-parent\" data-id=\"b651282\" data-element_type=\"container\" data-e-type=\"container\">\n\t\t\t\t\t<div class=\"e-con-inner\">\n\t\t\t\t<div class=\"elementor-element elementor-element-94892bc elementor-view-default elementor-widget elementor-widget-icon\" data-id=\"94892bc\" data-element_type=\"widget\" data-e-type=\"widget\" data-widget_type=\"icon.default\">\n\t\t\t\t<div class=\"elementor-widget-container\">\n\t\t\t\t\t\t\t<div class=\"elementor-icon-wrapper\">\n\t\t\t<div class=\"elementor-icon\">\n\t\t\t<i aria-hidden=\"true\" class=\"fas fa-angle-double-down\"><\/i>\t\t\t<\/div>\n\t\t<\/div>\n\t\t\t\t\t\t<\/div>\n\t\t\t\t<\/div>\n\t\t\t\t\t<\/div>\n\t\t\t\t<\/div>\n\t\t<div class=\"elementor-element elementor-element-b138a7a e-flex e-con-boxed e-con e-parent\" data-id=\"b138a7a\" data-element_type=\"container\" data-e-type=\"container\">\n\t\t\t\t\t<div class=\"e-con-inner\">\n\t\t<div class=\"elementor-element elementor-element-8208ec2 e-con-full e-flex e-con e-child\" data-id=\"8208ec2\" data-element_type=\"container\" data-e-type=\"container\" data-settings=\"{&quot;background_background&quot;:&quot;classic&quot;}\">\n\t\t\t\t<div class=\"elementor-element elementor-element-dfb029d elementor-widget elementor-widget-heading\" data-id=\"dfb029d\" data-element_type=\"widget\" data-e-type=\"widget\" data-widget_type=\"heading.default\">\n\t\t\t\t<div class=\"elementor-widget-container\">\n\t\t\t\t\t<h2 class=\"elementor-heading-title elementor-size-default\">Ampliando horizontes<\/h2>\t\t\t\t<\/div>\n\t\t\t\t<\/div>\n\t\t\t\t<div class=\"elementor-element elementor-element-1763f89 elementor-widget elementor-widget-text-editor\" data-id=\"1763f89\" data-element_type=\"widget\" data-e-type=\"widget\" data-widget_type=\"text-editor.default\">\n\t\t\t\t<div class=\"elementor-widget-container\">\n\t\t\t\t\t\t\t\t\t<p>A finales de la d\u00e9cada de 1960 y principios de la de 1970, Broekema comenz\u00f3 su expansi\u00f3n internacional, centr\u00e1ndose en Am\u00e9rica del Norte. En 1989, se fund\u00f3 Broekema Beltway USA, Inc., que pas\u00f3 de tener agentes locales a tener presencia directa en el mercado. Esto llev\u00f3 a la apertura de una f\u00e1brica en Hinckley, Minnesota, que luego se translad\u00f3 a una instalaci\u00f3n m\u00e1s grande en Pine City en 2001. Continuando con su crecimiento, Broekema estableci\u00f3 una nueva instalaci\u00f3n en Woodland, California, en 2011, fortaleciendo a\u00fan m\u00e1s su presencia en Am\u00e9rica del Norte.<\/p>\t\t\t\t\t\t\t\t<\/div>\n\t\t\t\t<\/div>\n\t\t\t\t<\/div>\n\t\t<div class=\"elementor-element elementor-element-9309440 e-con-full e-flex e-con e-child\" data-id=\"9309440\" data-element_type=\"container\" data-e-type=\"container\" data-settings=\"{&quot;background_background&quot;:&quot;classic&quot;}\">\n\t\t\t\t<\/div>\n\t\t\t\t\t<\/div>\n\t\t\t\t<\/div>\n\t\t<div class=\"elementor-element elementor-element-b3554bd e-flex e-con-boxed e-con e-parent\" data-id=\"b3554bd\" data-element_type=\"container\" data-e-type=\"container\">\n\t\t\t\t\t<div class=\"e-con-inner\">\n\t\t\t\t<div class=\"elementor-element elementor-element-ea67af4 elementor-view-default elementor-widget elementor-widget-icon\" data-id=\"ea67af4\" data-element_type=\"widget\" data-e-type=\"widget\" data-widget_type=\"icon.default\">\n\t\t\t\t<div class=\"elementor-widget-container\">\n\t\t\t\t\t\t\t<div class=\"elementor-icon-wrapper\">\n\t\t\t<div class=\"elementor-icon\">\n\t\t\t<i aria-hidden=\"true\" class=\"fas fa-angle-double-down\"><\/i>\t\t\t<\/div>\n\t\t<\/div>\n\t\t\t\t\t\t<\/div>\n\t\t\t\t<\/div>\n\t\t\t\t\t<\/div>\n\t\t\t\t<\/div>\n\t\t<div class=\"elementor-element elementor-element-1db0d66 e-flex e-con-boxed e-con e-parent\" data-id=\"1db0d66\" data-element_type=\"container\" data-e-type=\"container\">\n\t\t\t\t\t<div class=\"e-con-inner\">\n\t\t<div class=\"elementor-element elementor-element-36ede34 e-con-full e-flex e-con e-child\" data-id=\"36ede34\" data-element_type=\"container\" data-e-type=\"container\" data-settings=\"{&quot;background_background&quot;:&quot;classic&quot;}\">\n\t\t\t\t<\/div>\n\t\t<div class=\"elementor-element elementor-element-5901c8a e-con-full e-flex e-con e-child\" data-id=\"5901c8a\" data-element_type=\"container\" data-e-type=\"container\" data-settings=\"{&quot;background_background&quot;:&quot;classic&quot;}\">\n\t\t\t\t<div class=\"elementor-element elementor-element-b16f93e elementor-widget elementor-widget-heading\" data-id=\"b16f93e\" data-element_type=\"widget\" data-e-type=\"widget\" data-widget_type=\"heading.default\">\n\t\t\t\t<div class=\"elementor-widget-container\">\n\t\t\t\t\t<h2 class=\"elementor-heading-title elementor-size-default\">Avance tecnol\u00f3gico y modernizaci\u00f3n<\/h2>\t\t\t\t<\/div>\n\t\t\t\t<\/div>\n\t\t\t\t<div class=\"elementor-element elementor-element-13ee53f elementor-widget elementor-widget-text-editor\" data-id=\"13ee53f\" data-element_type=\"widget\" data-e-type=\"widget\" data-widget_type=\"text-editor.default\">\n\t\t\t\t<div class=\"elementor-widget-container\">\n\t\t\t\t\t\t\t\t\t<p>En la d\u00e9cada de 1990 y principios de la d\u00e9cada de 2000, Broekema experiment\u00f3 un crecimiento y una transformaci\u00f3n significativos. Adquirida por Arnold J\u00e4ger Holding en 1996, la empresa obtuvo nuevos recursos y oportunidades para la innovaci\u00f3n. La reubicaci\u00f3n a una instalaci\u00f3n m\u00e1s moderna en Zwaaikom en 2000 (Veendam, NL) le permiti\u00f3 a la empresa cumplir con los est\u00e1ndares contempor\u00e1neos y adaptarse a las operaciones en expansi\u00f3n. La nueva instalaci\u00f3n, equipada con tecnolog\u00eda avanzada, mejor\u00f3 la eficiencia y las capacidades de producci\u00f3n. A principios de la d\u00e9cada de 2000, Broekema ya se hab\u00eda establecido como l\u00edder mundial en tecnolog\u00eda de cintas transportadoras, y prestaba servicios a diferentes tipos de industrias.<\/p>\t\t\t\t\t\t\t\t<\/div>\n\t\t\t\t<\/div>\n\t\t\t\t<\/div>\n\t\t\t\t\t<\/div>\n\t\t\t\t<\/div>\n\t\t<div class=\"elementor-element elementor-element-2a02706 e-flex e-con-boxed e-con e-parent\" data-id=\"2a02706\" data-element_type=\"container\" data-e-type=\"container\">\n\t\t\t\t\t<div class=\"e-con-inner\">\n\t\t\t\t<div class=\"elementor-element elementor-element-f5aa414 elementor-view-default elementor-widget elementor-widget-icon\" data-id=\"f5aa414\" data-element_type=\"widget\" data-e-type=\"widget\" data-widget_type=\"icon.default\">\n\t\t\t\t<div class=\"elementor-widget-container\">\n\t\t\t\t\t\t\t<div class=\"elementor-icon-wrapper\">\n\t\t\t<div class=\"elementor-icon\">\n\t\t\t<i aria-hidden=\"true\" class=\"fas fa-angle-double-down\"><\/i>\t\t\t<\/div>\n\t\t<\/div>\n\t\t\t\t\t\t<\/div>\n\t\t\t\t<\/div>\n\t\t\t\t\t<\/div>\n\t\t\t\t<\/div>\n\t\t<div class=\"elementor-element elementor-element-7183cc9 e-flex e-con-boxed e-con e-parent\" data-id=\"7183cc9\" data-element_type=\"container\" data-e-type=\"container\">\n\t\t\t\t\t<div class=\"e-con-inner\">\n\t\t<div class=\"elementor-element elementor-element-92e412d e-con-full e-flex e-con e-child\" data-id=\"92e412d\" data-element_type=\"container\" data-e-type=\"container\" data-settings=\"{&quot;background_background&quot;:&quot;classic&quot;}\">\n\t\t\t\t<div class=\"elementor-element elementor-element-63183f0 elementor-widget elementor-widget-heading\" data-id=\"63183f0\" data-element_type=\"widget\" data-e-type=\"widget\" data-widget_type=\"heading.default\">\n\t\t\t\t<div class=\"elementor-widget-container\">\n\t\t\t\t\t<h2 class=\"elementor-heading-title elementor-size-default\">Operaciones actuales<\/h2>\t\t\t\t<\/div>\n\t\t\t\t<\/div>\n\t\t\t\t<div class=\"elementor-element elementor-element-cdbcb07 elementor-widget elementor-widget-text-editor\" data-id=\"cdbcb07\" data-element_type=\"widget\" data-e-type=\"widget\" data-widget_type=\"text-editor.default\">\n\t\t\t\t<div class=\"elementor-widget-container\">\n\t\t\t\t\t\t\t\t\t<p>Broekema sigue siendo un fabricante clave en la industria de las cintas transportadoras, dedicado a la innovaci\u00f3n y la satisfacci\u00f3n del cliente. Exportamos a m\u00e1s de 40 pa\u00edses y prestamos servicios a diferentes industrias, incluidas la agricultura y el procesamiento. Nuestros productos son utilizados por las principales marcas para cosechar patatas, remolachas, tomates, zanahorias, nueces, aceitunas y m\u00e1s. Con una fuerza laboral de aproximadamente 160 empleados en Veendam y equipos adicionales en los EE. UU., desarrollamos y producimos cintas transportadoras de alta calidad dise\u00f1adas para satisfacer las necesidades cambiantes de nuestros clientes. Mantenemos s\u00f3lidas relaciones con los fabricantes de equipos originales de todo el mundo, y avanzamos constantemente en nuestra tecnolog\u00eda para garantizar un rendimiento y una fiabilidad \u00f3ptimos en cada producto que entregamos.<\/p>\t\t\t\t\t\t\t\t<\/div>\n\t\t\t\t<\/div>\n\t\t\t\t<\/div>\n\t\t<div class=\"elementor-element elementor-element-153684e e-con-full e-flex e-con e-child\" data-id=\"153684e\" data-element_type=\"container\" data-e-type=\"container\" data-settings=\"{&quot;background_background&quot;:&quot;classic&quot;}\">\n\t\t\t\t<\/div>\n\t\t\t\t\t<\/div>\n\t\t\t\t<\/div>\n\t\t<div class=\"elementor-element elementor-element-9ceec29 e-flex e-con-boxed e-con e-parent\" data-id=\"9ceec29\" data-element_type=\"container\" data-e-type=\"container\" data-settings=\"{&quot;background_background&quot;:&quot;classic&quot;}\">\n\t\t\t\t\t<div class=\"e-con-inner\">\n\t\t<div class=\"elementor-element elementor-element-72aba22 e-con-full e-flex e-con e-child\" data-id=\"72aba22\" data-element_type=\"container\" data-e-type=\"container\">\n\t\t\t\t<div class=\"elementor-element elementor-element-43654f3 elementor-view-default elementor-widget elementor-widget-icon\" data-id=\"43654f3\" data-element_type=\"widget\" data-e-type=\"widget\" data-widget_type=\"icon.default\">\n\t\t\t\t<div class=\"elementor-widget-container\">\n\t\t\t\t\t\t\t<div class=\"elementor-icon-wrapper\">\n\t\t\t<div class=\"elementor-icon\">\n\t\t\t<i aria-hidden=\"true\" class=\"fas fa-seedling\"><\/i>\t\t\t<\/div>\n\t\t<\/div>\n\t\t\t\t\t\t<\/div>\n\t\t\t\t<\/div>\n\t\t\t\t<div class=\"elementor-element elementor-element-c22d825 elementor-widget elementor-widget-heading\" data-id=\"c22d825\" data-element_type=\"widget\" data-e-type=\"widget\" data-widget_type=\"heading.default\">\n\t\t\t\t<div class=\"elementor-widget-container\">\n\t\t\t\t\t<h2 class=\"elementor-heading-title elementor-size-default\">Invertir en personas e innovaci\u00f3n<\/h2>\t\t\t\t<\/div>\n\t\t\t\t<\/div>\n\t\t\t\t<div class=\"elementor-element elementor-element-aa59ca3 elementor-widget elementor-widget-text-editor\" data-id=\"aa59ca3\" data-element_type=\"widget\" data-e-type=\"widget\" data-widget_type=\"text-editor.default\">\n\t\t\t\t<div class=\"elementor-widget-container\">\n\t\t\t\t\t\t\t\t\t<p>Nuestro \u00e9xito proviene de la dedicaci\u00f3n y la creatividad de nuestros empleados. Priorizamos la investigaci\u00f3n y el desarrollo para seguir mejorando nuestros productos y procesos. Este enfoque nos ayuda a mantenernos a la vanguardia de la industria, ofreciendo soluciones avanzadas a nuestros clientes en todo el mundo. La mentalidad innovadora de nuestro equipo ha convertido a Broekema en un l\u00edder en cintas transportadoras.<\/p>\t\t\t\t\t\t\t\t<\/div>\n\t\t\t\t<\/div>\n\t\t\t\t<\/div>\n\t\t<div class=\"elementor-element elementor-element-5f0be56 e-con-full e-flex e-con e-child\" data-id=\"5f0be56\" data-element_type=\"container\" data-e-type=\"container\">\n\t\t\t\t<div class=\"elementor-element elementor-element-b6158e3 elementor-view-default elementor-widget elementor-widget-icon\" data-id=\"b6158e3\" data-element_type=\"widget\" data-e-type=\"widget\" data-widget_type=\"icon.default\">\n\t\t\t\t<div class=\"elementor-widget-container\">\n\t\t\t\t\t\t\t<div class=\"elementor-icon-wrapper\">\n\t\t\t<div class=\"elementor-icon\">\n\t\t\t<i aria-hidden=\"true\" class=\"fas fa-road\"><\/i>\t\t\t<\/div>\n\t\t<\/div>\n\t\t\t\t\t\t<\/div>\n\t\t\t\t<\/div>\n\t\t\t\t<div class=\"elementor-element elementor-element-79c02b9 elementor-widget elementor-widget-heading\" data-id=\"79c02b9\" data-element_type=\"widget\" data-e-type=\"widget\" data-widget_type=\"heading.default\">\n\t\t\t\t<div class=\"elementor-widget-container\">\n\t\t\t\t\t<h2 class=\"elementor-heading-title elementor-size-default\">Mirando hacia el futuro<\/h2>\t\t\t\t<\/div>\n\t\t\t\t<\/div>\n\t\t\t\t<div class=\"elementor-element elementor-element-a0dba50 elementor-widget elementor-widget-text-editor\" data-id=\"a0dba50\" data-element_type=\"widget\" data-e-type=\"widget\" data-widget_type=\"text-editor.default\">\n\t\t\t\t<div class=\"elementor-widget-container\">\n\t\t\t\t\t\t\t\t\t<p>A medida que la poblaci\u00f3n mundial crece, aumentar\u00e1 la demanda de soluciones agr\u00edcolas eficientes. Broekema se compromete a desarrollar nuevas aplicaciones y ampliar nuestro alcance global. Nuestro objetivo es crecer de forma constante, satisfaciendo las necesidades cambiantes de nuestros clientes y de la industria. Nuestra estrategia se centra en el crecimiento sostenible, manteniendo el liderazgo en los mercados actuales mientras exploramos nuevas oportunidades en todo el mundo.<\/p>\t\t\t\t\t\t\t\t<\/div>\n\t\t\t\t<\/div>\n\t\t\t\t<\/div>\n\t\t\t\t\t<\/div>\n\t\t\t\t<\/div>\n\t\t<div class=\"elementor-element elementor-element-e944c86 e-flex e-con-boxed e-con e-parent\" data-id=\"e944c86\" data-element_type=\"container\" data-e-type=\"container\">\n\t\t\t\t\t<div class=\"e-con-inner\">\n\t\t\t\t<div class=\"elementor-element elementor-element-bea3a0e elementor-widget elementor-widget-heading\" data-id=\"bea3a0e\" data-element_type=\"widget\" data-e-type=\"widget\" data-widget_type=\"heading.default\">\n\t\t\t\t<div class=\"elementor-widget-container\">\n\t\t\t\t\t<p class=\"elementor-heading-title elementor-size-default\">\u00bfEst\u00e1 interesado en unirse al equipo de Broekema?<\/p>\t\t\t\t<\/div>\n\t\t\t\t<\/div>\n\t\t\t\t<div class=\"elementor-element elementor-element-9e8a6ac elementor-align-center elementor-widget elementor-widget-button\" data-id=\"9e8a6ac\" data-element_type=\"widget\" data-e-type=\"widget\" data-widget_type=\"button.default\">\n\t\t\t\t<div class=\"elementor-widget-container\">\n\t\t\t\t\t\t\t\t\t<div class=\"elementor-button-wrapper\">\n\t\t\t\t\t<a class=\"elementor-button elementor-button-link elementor-size-lg\" href=\"https:\/\/www.werkenbijbroekema.nl\">\n\t\t\t\t\t\t<span class=\"elementor-button-content-wrapper\">\n\t\t\t\t\t\t<span class=\"elementor-button-icon\">\n\t\t\t\t<i aria-hidden=\"true\" class=\"fas fa-caret-right\"><\/i>\t\t\t<\/span>\n\t\t\t\t\t\t\t\t\t<span class=\"elementor-button-text\">Explore las oportunidades profesionales<\/span>\n\t\t\t\t\t<\/span>\n\t\t\t\t\t<\/a>\n\t\t\t\t<\/div>\n\t\t\t\t\t\t\t\t<\/div>\n\t\t\t\t<\/div>\n\t\t\t\t\t<\/div>\n\t\t\t\t<\/div>\n\t\t\t\t<\/div>\n\t\t","protected":false},"excerpt":{"rendered":"<p>Nuestra historia Inicio \/ Acerca de nosotros \/ Nuestra historia Los inicios La historia de Broekema comienza en 1953, cuando el ingeniero t\u00e9cnico Hamminga invent\u00f3 una cinta transportadora que duraba m\u00e1s que cualquier soluci\u00f3n existente. Su innovaci\u00f3n, la cinta transportadora de varillas, r\u00e1pidamente gan\u00f3 atenci\u00f3n en el sector agr\u00edcola, ofreciendo una alternativa duradera y eficiente [&hellip;]<\/p>\n","protected":false},"author":6,"featured_media":0,"parent":18444,"menu_order":0,"comment_status":"closed","ping_status":"closed","template":"elementor_header_footer","meta":{"_acf_changed":false,"inline_featured_image":false,"footnotes":""},"class_list":["post-18562","page","type-page","status-publish","hentry"],"acf":[],"aioseo_notices":[],"_links":{"self":[{"href":"https:\/\/broekema.nl\/es\/wp-json\/wp\/v2\/pages\/18562","targetHints":{"allow":["GET"]}}],"collection":[{"href":"https:\/\/broekema.nl\/es\/wp-json\/wp\/v2\/pages"}],"about":[{"href":"https:\/\/broekema.nl\/es\/wp-json\/wp\/v2\/types\/page"}],"author":[{"embeddable":true,"href":"https:\/\/broekema.nl\/es\/wp-json\/wp\/v2\/users\/6"}],"replies":[{"embeddable":true,"href":"https:\/\/broekema.nl\/es\/wp-json\/wp\/v2\/comments?post=18562"}],"version-history":[{"count":0,"href":"https:\/\/broekema.nl\/es\/wp-json\/wp\/v2\/pages\/18562\/revisions"}],"up":[{"embeddable":true,"href":"https:\/\/broekema.nl\/es\/wp-json\/wp\/v2\/pages\/18444"}],"wp:attachment":[{"href":"https:\/\/broekema.nl\/es\/wp-json\/wp\/v2\/media?parent=18562"}],"curies":[{"name":"wp","href":"https:\/\/api.w.org\/{rel}","templated":true}]}}