{"id":18531,"date":"2024-06-03T09:42:42","date_gmt":"2024-06-03T09:42:42","guid":{"rendered":"https:\/\/broekema.nl\/?page_id=18531"},"modified":"2025-03-07T14:51:18","modified_gmt":"2025-03-07T14:51:18","slug":"caso-practico_planta-de-procesamiento-de-almidon-de-tapioca","status":"publish","type":"page","link":"https:\/\/broekema.nl\/es\/acerca-de-nosotros\/casos-practicos\/caso-practico_planta-de-procesamiento-de-almidon-de-tapioca\/","title":{"rendered":"Caso pr\u00e1ctico_Planta de procesamiento de almid\u00f3n de tapioca"},"content":{"rendered":"\t\t<div data-elementor-type=\"wp-page\" data-elementor-id=\"18531\" class=\"elementor elementor-18531 elementor-9535\" data-elementor-post-type=\"page\">\n\t\t\t\t<div class=\"elementor-element elementor-element-f7a18b1 e-flex e-con-boxed e-con e-parent\" data-id=\"f7a18b1\" data-element_type=\"container\" data-e-type=\"container\" data-settings=\"{&quot;background_background&quot;:&quot;classic&quot;}\">\n\t\t\t\t\t<div class=\"e-con-inner\">\n\t\t\t\t<div class=\"elementor-element elementor-element-321a8b2 elementor-widget elementor-widget-heading\" data-id=\"321a8b2\" data-element_type=\"widget\" data-e-type=\"widget\" data-widget_type=\"heading.default\">\n\t\t\t\t<div class=\"elementor-widget-container\">\n\t\t\t\t\t<h1 class=\"elementor-heading-title elementor-size-default\">Caso pr\u00e1ctico<\/h1>\t\t\t\t<\/div>\n\t\t\t\t<\/div>\n\t\t\t\t<div class=\"elementor-element elementor-element-e2eb282 elementor-hidden-mobile elementor-widget elementor-widget-text-editor\" data-id=\"e2eb282\" data-element_type=\"widget\" data-e-type=\"widget\" data-widget_type=\"text-editor.default\">\n\t\t\t\t<div class=\"elementor-widget-container\">\n\t\t\t\t\t\t\t\t\t<pre><a href=\"https:\/\/broekema.nl\/es\/\">Inicio<\/a> \/ <a href=\"https:\/\/broekema.nl\/es\/acerca-de-nosotros\/\">Acerca de nosotros<\/a> \/ <a href=\"https:\/\/broekema.nl\/es\/acerca-de-nosotros\/casos-practicos\/\">Casos pr\u00e1cticos<\/a> \/ Planta de procesamiento de almid\u00f3n de tapioca<\/pre>\t\t\t\t\t\t\t\t<\/div>\n\t\t\t\t<\/div>\n\t\t\t\t\t<\/div>\n\t\t\t\t<\/div>\n\t\t<div class=\"elementor-element elementor-element-4ceabbb7 e-flex e-con-boxed e-con e-parent\" data-id=\"4ceabbb7\" data-element_type=\"container\" data-e-type=\"container\">\n\t\t\t\t\t<div class=\"e-con-inner\">\n\t\t\t\t<div class=\"elementor-element elementor-element-3be50fc elementor-widget elementor-widget-heading\" data-id=\"3be50fc\" data-element_type=\"widget\" data-e-type=\"widget\" data-widget_type=\"heading.default\">\n\t\t\t\t<div class=\"elementor-widget-container\">\n\t\t\t\t\t<h2 class=\"elementor-heading-title elementor-size-default\">Planta de procesamiento de almid\u00f3n de tapioca<\/h2>\t\t\t\t<\/div>\n\t\t\t\t<\/div>\n\t\t\t\t<div class=\"elementor-element elementor-element-2383844d elementor-widget elementor-widget-text-editor\" data-id=\"2383844d\" data-element_type=\"widget\" data-e-type=\"widget\" data-widget_type=\"text-editor.default\">\n\t\t\t\t<div class=\"elementor-widget-container\">\n\t\t\t\t\t\t\t\t\t<p>La manipulaci\u00f3n eficiente de los materiales es crucial en la producci\u00f3n de almid\u00f3n de tapioca para garantizar una alta productividad y calidad. Los sistemas de transporte tradicionales pueden ser propensos a ineficiencias y a un mantenimiento frecuente, lo que es inaceptable en un funcionamiento 24 horas al d\u00eda, 7 d\u00edas a la semana. La integraci\u00f3n de la tecnolog\u00eda de cadena con correa de Broekema en todas las cintas transportadoras de la planta de procesamiento de almid\u00f3n de tapioca ofrece una soluci\u00f3n que mejora la eficiencia, reduce los costes de mantenimiento y mejora la fiabilidad general de la producci\u00f3n. Este caso pr\u00e1ctico examina la implantaci\u00f3n de los sistemas de cadena con correa de Broekema en una f\u00e1brica de almid\u00f3n de tapioca de tama\u00f1o medio.<\/p>\t\t\t\t\t\t\t\t<\/div>\n\t\t\t\t<\/div>\n\t\t\t\t\t<\/div>\n\t\t\t\t<\/div>\n\t\t<div class=\"elementor-element elementor-element-fca7426 e-flex e-con-boxed e-con e-parent\" data-id=\"fca7426\" data-element_type=\"container\" data-e-type=\"container\">\n\t\t\t\t\t<div class=\"e-con-inner\">\n\t\t<div class=\"elementor-element elementor-element-4319f47 e-con-full e-flex e-con e-child\" data-id=\"4319f47\" data-element_type=\"container\" data-e-type=\"container\">\n\t\t\t\t<div class=\"elementor-element elementor-element-c95ca25 elementor-widget elementor-widget-image\" data-id=\"c95ca25\" data-element_type=\"widget\" data-e-type=\"widget\" data-widget_type=\"image.default\">\n\t\t\t\t<div class=\"elementor-widget-container\">\n\t\t\t\t\t\t\t\t\t\t\t\t\t\t\t<img fetchpriority=\"high\" decoding=\"async\" width=\"749\" height=\"499\" src=\"https:\/\/broekema.nl\/wp-content\/uploads\/2025\/02\/AdobeStock_332278557.jpeg\" class=\"attachment-medium_large size-medium_large wp-image-16598\" alt=\"\" srcset=\"https:\/\/broekema.nl\/wp-content\/uploads\/2025\/02\/AdobeStock_332278557.jpeg 749w, https:\/\/broekema.nl\/wp-content\/uploads\/2025\/02\/AdobeStock_332278557-300x200.jpeg 300w\" sizes=\"(max-width: 749px) 100vw, 749px\" \/>\t\t\t\t\t\t\t\t\t\t\t\t\t\t\t<\/div>\n\t\t\t\t<\/div>\n\t\t\t\t<\/div>\n\t\t<div class=\"elementor-element elementor-element-d63c64d e-con-full e-flex e-con e-child\" data-id=\"d63c64d\" data-element_type=\"container\" data-e-type=\"container\">\n\t\t\t\t<div class=\"elementor-element elementor-element-6cfe4d9 elementor-widget elementor-widget-heading\" data-id=\"6cfe4d9\" data-element_type=\"widget\" data-e-type=\"widget\" data-widget_type=\"heading.default\">\n\t\t\t\t<div class=\"elementor-widget-container\">\n\t\t\t\t\t<h3 class=\"elementor-heading-title elementor-size-default\">Desaf\u00edos<\/h3>\t\t\t\t<\/div>\n\t\t\t\t<\/div>\n\t\t\t\t<div class=\"elementor-element elementor-element-22e39fd elementor-widget elementor-widget-text-editor\" data-id=\"22e39fd\" data-element_type=\"widget\" data-e-type=\"widget\" data-widget_type=\"text-editor.default\">\n\t\t\t\t<div class=\"elementor-widget-container\">\n\t\t\t\t\t\t\t\t\t<p>Los desaf\u00edos a los que se enfrentaban inclu\u00edan aver\u00edas frecuentes y problemas de mantenimiento con las cintas transportadoras tradicionales, un transporte inconsistente que provocaba retrasos en el procesamiento y una menor calidad del almid\u00f3n, y altos costes de mano de obra y tiempos de inactividad asociados con el mantenimiento y las reparaciones de las cintas transportadoras. El objetivo era implantar la tecnolog\u00eda de cadena con correa de Broekema en todas las cintas transportadoras para reducir los costes de mantenimiento, garantizar un transporte constante de la tapioca, minimizar el tiempo de inactividad y mejorar la eficiencia general de la producci\u00f3n.<\/p>\t\t\t\t\t\t\t\t<\/div>\n\t\t\t\t<\/div>\n\t\t\t\t<\/div>\n\t\t\t\t\t<\/div>\n\t\t\t\t<\/div>\n\t\t<div class=\"elementor-element elementor-element-76db263e e-flex e-con-boxed e-con e-parent\" data-id=\"76db263e\" data-element_type=\"container\" data-e-type=\"container\">\n\t\t\t\t\t<div class=\"e-con-inner\">\n\t\t\t\t<div class=\"elementor-element elementor-element-f65f109 elementor-widget elementor-widget-heading\" data-id=\"f65f109\" data-element_type=\"widget\" data-e-type=\"widget\" data-widget_type=\"heading.default\">\n\t\t\t\t<div class=\"elementor-widget-container\">\n\t\t\t\t\t<h3 class=\"elementor-heading-title elementor-size-default\">Soluciones<\/h3>\t\t\t\t<\/div>\n\t\t\t\t<\/div>\n\t\t\t\t<div class=\"elementor-element elementor-element-26f02592 elementor-widget elementor-widget-text-editor\" data-id=\"26f02592\" data-element_type=\"widget\" data-e-type=\"widget\" data-widget_type=\"text-editor.default\">\n\t\t\t\t<div class=\"elementor-widget-container\">\n\t\t\t\t\t\t\t\t\t<p>La soluci\u00f3n implic\u00f3 equipar todas las cintas transportadoras de la f\u00e1brica de procesamiento de almid\u00f3n de tapioca con sistemas de cadena con correa de Broekema de varios tama\u00f1os, pasos, longitudes y anchos, cada una de las cuales cumpl\u00eda sus prop\u00f3sitos espec\u00edficos en el proceso. Todas las piezas de transmisi\u00f3n estaban hechas de acero inoxidable y los rodillos estaban dise\u00f1ados para poder repararse (por ejemplo, volver a engrasarse) para garantizar un funcionamiento continuo en condiciones duras las 24 horas del d\u00eda, los 7 d\u00edas de la semana, donde el tiempo de inactividad era inaceptable. Esta integraci\u00f3n total mejor\u00f3 la consistencia y la fiabilidad del transporte de la tapioca, redujo el desgaste y minimiz\u00f3 las necesidades de mantenimiento. El dise\u00f1o robusto de las correas de Broekema y los componentes de transmisi\u00f3n de acero inoxidable garantizaron la durabilidad y la eficiencia a largo plazo, lo que gener\u00f3 una mayor productividad y una mejor calidad del almid\u00f3n. Este caso pr\u00e1ctico demuestra los importantes beneficios de las tecnolog\u00edas de transporte avanzadas en la industria del almid\u00f3n de tapioca, garantizando operaciones sostenibles y rentables.<\/p>\t\t\t\t\t\t\t\t<\/div>\n\t\t\t\t<\/div>\n\t\t\t\t\t<\/div>\n\t\t\t\t<\/div>\n\t\t<div class=\"elementor-element elementor-element-cc699e5 e-flex e-con-boxed e-con e-parent\" data-id=\"cc699e5\" data-element_type=\"container\" data-e-type=\"container\" data-settings=\"{&quot;background_background&quot;:&quot;classic&quot;}\">\n\t\t\t\t\t<div class=\"e-con-inner\">\n\t\t\t\t<div class=\"elementor-element elementor-element-329e2dd elementor-widget elementor-widget-heading\" data-id=\"329e2dd\" data-element_type=\"widget\" data-e-type=\"widget\" data-widget_type=\"heading.default\">\n\t\t\t\t<div class=\"elementor-widget-container\">\n\t\t\t\t\t<p class=\"elementor-heading-title elementor-size-default\">\u00bfQuiere hablar sobre sus necesidades de bandas transportadoras?<\/p>\t\t\t\t<\/div>\n\t\t\t\t<\/div>\n\t\t\t\t<div class=\"elementor-element elementor-element-67f2cae elementor-align-center elementor-widget elementor-widget-button\" data-id=\"67f2cae\" data-element_type=\"widget\" data-e-type=\"widget\" data-widget_type=\"button.default\">\n\t\t\t\t<div class=\"elementor-widget-container\">\n\t\t\t\t\t\t\t\t\t<div class=\"elementor-button-wrapper\">\n\t\t\t\t\t<a class=\"elementor-button elementor-button-link elementor-size-lg\" href=\"https:\/\/broekema.nl\/es\/contacto\/\">\n\t\t\t\t\t\t<span class=\"elementor-button-content-wrapper\">\n\t\t\t\t\t\t<span class=\"elementor-button-icon\">\n\t\t\t\t<i aria-hidden=\"true\" class=\"fas fa-caret-right\"><\/i>\t\t\t<\/span>\n\t\t\t\t\t\t\t\t\t<span class=\"elementor-button-text\">\u00a1Cont\u00e1ctenos hoy!<\/span>\n\t\t\t\t\t<\/span>\n\t\t\t\t\t<\/a>\n\t\t\t\t<\/div>\n\t\t\t\t\t\t\t\t<\/div>\n\t\t\t\t<\/div>\n\t\t\t\t\t<\/div>\n\t\t\t\t<\/div>\n\t\t\t\t<\/div>\n\t\t","protected":false},"excerpt":{"rendered":"<p>Caso pr\u00e1ctico Inicio \/ Acerca de nosotros \/ Casos pr\u00e1cticos \/ Planta de procesamiento de almid\u00f3n de tapioca Planta de procesamiento de almid\u00f3n de tapioca La manipulaci\u00f3n eficiente de los materiales es crucial en la producci\u00f3n de almid\u00f3n de tapioca para garantizar una alta productividad y calidad. Los sistemas de transporte tradicionales pueden ser propensos [&hellip;]<\/p>\n","protected":false},"author":6,"featured_media":0,"parent":18490,"menu_order":0,"comment_status":"closed","ping_status":"closed","template":"elementor_header_footer","meta":{"_acf_changed":false,"inline_featured_image":false,"footnotes":""},"class_list":["post-18531","page","type-page","status-publish","hentry"],"acf":[],"aioseo_notices":[],"_links":{"self":[{"href":"https:\/\/broekema.nl\/es\/wp-json\/wp\/v2\/pages\/18531","targetHints":{"allow":["GET"]}}],"collection":[{"href":"https:\/\/broekema.nl\/es\/wp-json\/wp\/v2\/pages"}],"about":[{"href":"https:\/\/broekema.nl\/es\/wp-json\/wp\/v2\/types\/page"}],"author":[{"embeddable":true,"href":"https:\/\/broekema.nl\/es\/wp-json\/wp\/v2\/users\/6"}],"replies":[{"embeddable":true,"href":"https:\/\/broekema.nl\/es\/wp-json\/wp\/v2\/comments?post=18531"}],"version-history":[{"count":0,"href":"https:\/\/broekema.nl\/es\/wp-json\/wp\/v2\/pages\/18531\/revisions"}],"up":[{"embeddable":true,"href":"https:\/\/broekema.nl\/es\/wp-json\/wp\/v2\/pages\/18490"}],"wp:attachment":[{"href":"https:\/\/broekema.nl\/es\/wp-json\/wp\/v2\/media?parent=18531"}],"curies":[{"name":"wp","href":"https:\/\/api.w.org\/{rel}","templated":true}]}}