{"id":18490,"date":"2023-06-26T08:39:57","date_gmt":"2023-06-26T08:39:57","guid":{"rendered":"https:\/\/broekema.nl\/?page_id=18490"},"modified":"2025-03-07T14:52:01","modified_gmt":"2025-03-07T14:52:01","slug":"casos-practicos","status":"publish","type":"page","link":"https:\/\/broekema.nl\/es\/acerca-de-nosotros\/casos-practicos\/","title":{"rendered":"Casos pr\u00e1cticos"},"content":{"rendered":"\t\t<div data-elementor-type=\"wp-page\" data-elementor-id=\"18490\" class=\"elementor elementor-18490 elementor-1898\" data-elementor-post-type=\"page\">\n\t\t\t\t<div class=\"elementor-element elementor-element-c68eb80 e-flex e-con-boxed e-con e-parent\" data-id=\"c68eb80\" data-element_type=\"container\" data-e-type=\"container\" data-settings=\"{&quot;background_background&quot;:&quot;classic&quot;}\">\n\t\t\t\t\t<div class=\"e-con-inner\">\n\t\t\t\t<div class=\"elementor-element elementor-element-541cd56 elementor-widget elementor-widget-heading\" data-id=\"541cd56\" data-element_type=\"widget\" data-e-type=\"widget\" data-widget_type=\"heading.default\">\n\t\t\t\t<div class=\"elementor-widget-container\">\n\t\t\t\t\t<h1 class=\"elementor-heading-title elementor-size-default\">Casos pr\u00e1cticos<\/h1>\t\t\t\t<\/div>\n\t\t\t\t<\/div>\n\t\t\t\t<div class=\"elementor-element elementor-element-0d6a0bf elementor-hidden-mobile elementor-widget elementor-widget-text-editor\" data-id=\"0d6a0bf\" data-element_type=\"widget\" data-e-type=\"widget\" data-widget_type=\"text-editor.default\">\n\t\t\t\t<div class=\"elementor-widget-container\">\n\t\t\t\t\t\t\t\t\t<pre><a href=\"https:\/\/broekema.nl\/es\/\">Inicio<\/a> \/ <a href=\"https:\/\/broekema.nl\/es\/acerca-de-nosotros\/\">Acerca de nosotros<\/a> \/ Casos pr\u00e1cticos<\/pre>\t\t\t\t\t\t\t\t<\/div>\n\t\t\t\t<\/div>\n\t\t\t\t\t<\/div>\n\t\t\t\t<\/div>\n\t\t<div class=\"elementor-element elementor-element-a03755e e-flex e-con-boxed e-con e-parent\" data-id=\"a03755e\" data-element_type=\"container\" data-e-type=\"container\">\n\t\t\t\t\t<div class=\"e-con-inner\">\n\t\t\t\t<div class=\"elementor-element elementor-element-0a93bb5 elementor-hidden-mobile elementor-widget elementor-widget-text-editor\" data-id=\"0a93bb5\" data-element_type=\"widget\" data-e-type=\"widget\" data-widget_type=\"text-editor.default\">\n\t\t\t\t<div class=\"elementor-widget-container\">\n\t\t\t\t\t\t\t\t\t<p>Explore nuestros casos pr\u00e1cticos detallados para ver mejor c\u00f3mo resolvemos problemas reales con cintas transportadoras. Cada caso es un claro ejemplo de c\u00f3mo adaptamos las soluciones a las necesidades espec\u00edficas de la industria, desde la agricultura hasta las fabricaciones.<\/p>\t\t\t\t\t\t\t\t<\/div>\n\t\t\t\t<\/div>\n\t\t\t\t\t<\/div>\n\t\t\t\t<\/div>\n\t\t<div class=\"elementor-element elementor-element-3305910 e-flex e-con-boxed e-con e-parent\" data-id=\"3305910\" data-element_type=\"container\" data-e-type=\"container\">\n\t\t\t\t\t<div class=\"e-con-inner\">\n\t\t\t\t<div class=\"elementor-element elementor-element-089b319 elementor-widget__width-initial elementor-position-top elementor-widget elementor-widget-image-box\" data-id=\"089b319\" data-element_type=\"widget\" data-e-type=\"widget\" data-widget_type=\"image-box.default\">\n\t\t\t\t<div class=\"elementor-widget-container\">\n\t\t\t\t\t<div class=\"elementor-image-box-wrapper\"><figure class=\"elementor-image-box-img\"><a href=\"https:\/\/broekema.nl\/es\/acerca-de-nosotros\/casos-practicos\/caso-practico_limpieza-de-naves-avicolas\/\" tabindex=\"-1\"><img fetchpriority=\"high\" decoding=\"async\" width=\"786\" height=\"524\" src=\"https:\/\/broekema.nl\/wp-content\/uploads\/2025\/02\/AdobeStock_14087307.jpeg\" class=\"attachment-large size-large wp-image-18491\" alt=\"\" srcset=\"https:\/\/broekema.nl\/wp-content\/uploads\/2025\/02\/AdobeStock_14087307.jpeg 786w, https:\/\/broekema.nl\/wp-content\/uploads\/2025\/02\/AdobeStock_14087307-300x200.jpeg 300w, https:\/\/broekema.nl\/wp-content\/uploads\/2025\/02\/AdobeStock_14087307-768x512.jpeg 768w\" sizes=\"(max-width: 786px) 100vw, 786px\" \/><\/a><\/figure><div class=\"elementor-image-box-content\"><h3 class=\"elementor-image-box-title\"><a href=\"https:\/\/broekema.nl\/es\/acerca-de-nosotros\/casos-practicos\/caso-practico_limpieza-de-naves-avicolas\/\">Limpieza de naves av\u00edcolas<\/a><\/h3><p class=\"elementor-image-box-description\">Un sistema de limpieza que utiliza la tecnolog\u00eda de banda con correa Broekema en su tractor mejora la limpieza de las naves av\u00edcolas y\/o gallineros, reduce los costes de mano de obra y mejora la bioseguridad.<\/p><\/div><\/div>\t\t\t\t<\/div>\n\t\t\t\t<\/div>\n\t\t\t\t<div class=\"elementor-element elementor-element-322ad6a elementor-widget__width-initial elementor-position-top elementor-widget elementor-widget-image-box\" data-id=\"322ad6a\" data-element_type=\"widget\" data-e-type=\"widget\" data-widget_type=\"image-box.default\">\n\t\t\t\t<div class=\"elementor-widget-container\">\n\t\t\t\t\t<div class=\"elementor-image-box-wrapper\"><figure class=\"elementor-image-box-img\"><a href=\"https:\/\/broekema.nl\/es\/acerca-de-nosotros\/casos-practicos\/caso-practico_recogida-de-residuos-de-papel\/\" tabindex=\"-1\"><img decoding=\"async\" width=\"787\" height=\"524\" src=\"https:\/\/broekema.nl\/wp-content\/uploads\/2025\/02\/AdobeStock_517642673.jpeg\" class=\"attachment-large size-large wp-image-18492\" alt=\"\" srcset=\"https:\/\/broekema.nl\/wp-content\/uploads\/2025\/02\/AdobeStock_517642673.jpeg 787w, https:\/\/broekema.nl\/wp-content\/uploads\/2025\/02\/AdobeStock_517642673-300x200.jpeg 300w, https:\/\/broekema.nl\/wp-content\/uploads\/2025\/02\/AdobeStock_517642673-768x511.jpeg 768w\" sizes=\"(max-width: 787px) 100vw, 787px\" \/><\/a><\/figure><div class=\"elementor-image-box-content\"><h3 class=\"elementor-image-box-title\"><a href=\"https:\/\/broekema.nl\/es\/acerca-de-nosotros\/casos-practicos\/caso-practico_recogida-de-residuos-de-papel\/\">Recogida de residuos de papel<\/a><\/h3><p class=\"elementor-image-box-description\">La integraci\u00f3n de la tecnolog\u00eda de cadena con correa de Broekema en los camiones de recogida mejora la eficiencia, reduce el tiempo de inactividad y mejora el proceso general de reciclaje para la gesti\u00f3n del papel usado.<\/p><\/div><\/div>\t\t\t\t<\/div>\n\t\t\t\t<\/div>\n\t\t\t\t<div class=\"elementor-element elementor-element-97d0c38 elementor-widget__width-initial elementor-position-top elementor-widget elementor-widget-image-box\" data-id=\"97d0c38\" data-element_type=\"widget\" data-e-type=\"widget\" data-widget_type=\"image-box.default\">\n\t\t\t\t<div class=\"elementor-widget-container\">\n\t\t\t\t\t<div class=\"elementor-image-box-wrapper\"><figure class=\"elementor-image-box-img\"><a href=\"https:\/\/broekema.nl\/es\/acerca-de-nosotros\/casos-practicos\/caso-practico_maquina-para-colocar-ladrillos\/\" tabindex=\"-1\"><img decoding=\"async\" width=\"774\" height=\"516\" src=\"https:\/\/broekema.nl\/wp-content\/uploads\/2025\/02\/AdobeStock_94144084.jpeg\" class=\"attachment-large size-large wp-image-18493\" alt=\"\" srcset=\"https:\/\/broekema.nl\/wp-content\/uploads\/2025\/02\/AdobeStock_94144084.jpeg 774w, https:\/\/broekema.nl\/wp-content\/uploads\/2025\/02\/AdobeStock_94144084-300x200.jpeg 300w, https:\/\/broekema.nl\/wp-content\/uploads\/2025\/02\/AdobeStock_94144084-768x512.jpeg 768w\" sizes=\"(max-width: 774px) 100vw, 774px\" \/><\/a><\/figure><div class=\"elementor-image-box-content\"><h3 class=\"elementor-image-box-title\"><a href=\"https:\/\/broekema.nl\/es\/acerca-de-nosotros\/casos-practicos\/caso-practico_maquina-para-colocar-ladrillos\/\">M\u00e1quina para colocar ladrillos<\/a><\/h3><p class=\"elementor-image-box-description\">Equipar una m\u00e1quina para colocar ladrillos con la tecnolog\u00eda de cadena con correa de Broekema y varillas endurecidas redujo los costes de mano de obra, asegur\u00f3 una colocaci\u00f3n uniforme de los ladrillos y mejor\u00f3 la eficiencia de la construcci\u00f3n.<\/p><\/div><\/div>\t\t\t\t<\/div>\n\t\t\t\t<\/div>\n\t\t\t\t<div class=\"elementor-element elementor-element-52fdfe9 elementor-widget__width-initial elementor-position-top elementor-widget elementor-widget-image-box\" data-id=\"52fdfe9\" data-element_type=\"widget\" data-e-type=\"widget\" data-widget_type=\"image-box.default\">\n\t\t\t\t<div class=\"elementor-widget-container\">\n\t\t\t\t\t<div class=\"elementor-image-box-wrapper\"><figure class=\"elementor-image-box-img\"><a href=\"https:\/\/broekema.nl\/es\/acerca-de-nosotros\/casos-practicos\/caso-practico_planta-de-procesamiento-de-almidon-de-tapioca\/\" tabindex=\"-1\"><img loading=\"lazy\" decoding=\"async\" width=\"749\" height=\"499\" src=\"https:\/\/broekema.nl\/wp-content\/uploads\/2025\/02\/AdobeStock_332278557.jpeg\" class=\"attachment-large size-large wp-image-18494\" alt=\"\" srcset=\"https:\/\/broekema.nl\/wp-content\/uploads\/2025\/02\/AdobeStock_332278557.jpeg 749w, https:\/\/broekema.nl\/wp-content\/uploads\/2025\/02\/AdobeStock_332278557-300x200.jpeg 300w\" sizes=\"(max-width: 749px) 100vw, 749px\" \/><\/a><\/figure><div class=\"elementor-image-box-content\"><h3 class=\"elementor-image-box-title\"><a href=\"https:\/\/broekema.nl\/es\/acerca-de-nosotros\/casos-practicos\/caso-practico_planta-de-procesamiento-de-almidon-de-tapioca\/\">F\u00e1brica de procesamiento de almid\u00f3n de tapioca<\/a><\/h3><p class=\"elementor-image-box-description\">La introducci\u00f3n de cadenas con correa de Broekema en una f\u00e1brica de almid\u00f3n de tapioca mejor\u00f3 la fiabilidad del transporte y redujo las demandas de mantenimiento, lo que garantiza operaciones fluidas las 24 horas del d\u00eda, los 7 d\u00edas de la semana.<\/p><\/div><\/div>\t\t\t\t<\/div>\n\t\t\t\t<\/div>\n\t\t\t\t<div class=\"elementor-element elementor-element-539d55a elementor-widget__width-initial elementor-position-top elementor-widget elementor-widget-image-box\" data-id=\"539d55a\" data-element_type=\"widget\" data-e-type=\"widget\" data-widget_type=\"image-box.default\">\n\t\t\t\t<div class=\"elementor-widget-container\">\n\t\t\t\t\t<div class=\"elementor-image-box-wrapper\"><figure class=\"elementor-image-box-img\"><a href=\"https:\/\/broekema.nl\/es\/acerca-de-nosotros\/casos-practicos\/caso-practico_cosechadora-autonoma-de-esparragos\/\" tabindex=\"-1\"><img loading=\"lazy\" decoding=\"async\" width=\"753\" height=\"502\" src=\"https:\/\/broekema.nl\/wp-content\/uploads\/2025\/02\/AdobeStock_311969290.jpeg\" class=\"attachment-large size-large wp-image-18495\" alt=\"\" srcset=\"https:\/\/broekema.nl\/wp-content\/uploads\/2025\/02\/AdobeStock_311969290.jpeg 753w, https:\/\/broekema.nl\/wp-content\/uploads\/2025\/02\/AdobeStock_311969290-300x200.jpeg 300w\" sizes=\"(max-width: 753px) 100vw, 753px\" \/><\/a><\/figure><div class=\"elementor-image-box-content\"><h3 class=\"elementor-image-box-title\"><a href=\"https:\/\/broekema.nl\/es\/acerca-de-nosotros\/casos-practicos\/caso-practico_cosechadora-autonoma-de-esparragos\/\">Cosechadora de esp\u00e1rragos aut\u00f3noma<\/a><\/h3><p class=\"elementor-image-box-description\">El innovador sistema de cadena con correa de Broekema en las cosechadoras de esp\u00e1rragos aut\u00f3nomas garantiza un manejo suave y una orientaci\u00f3n correcta, lo que mejora la calidad de la cosecha.<\/p><\/div><\/div>\t\t\t\t<\/div>\n\t\t\t\t<\/div>\n\t\t\t\t<div class=\"elementor-element elementor-element-286e2b6 elementor-widget__width-initial elementor-position-top elementor-widget elementor-widget-image-box\" data-id=\"286e2b6\" data-element_type=\"widget\" data-e-type=\"widget\" data-widget_type=\"image-box.default\">\n\t\t\t\t<div class=\"elementor-widget-container\">\n\t\t\t\t\t<div class=\"elementor-image-box-wrapper\"><figure class=\"elementor-image-box-img\"><a href=\"https:\/\/broekema.nl\/es\/acerca-de-nosotros\/casos-practicos\/caso-practico_barredoras-de-calles-con-cadena-de-correa-broekema\/\" tabindex=\"-1\"><img loading=\"lazy\" decoding=\"async\" width=\"734\" height=\"489\" src=\"https:\/\/broekema.nl\/wp-content\/uploads\/2025\/02\/AdobeStock_172347104.jpeg\" class=\"attachment-full size-full wp-image-18496\" alt=\"\" srcset=\"https:\/\/broekema.nl\/wp-content\/uploads\/2025\/02\/AdobeStock_172347104.jpeg 734w, https:\/\/broekema.nl\/wp-content\/uploads\/2025\/02\/AdobeStock_172347104-300x200.jpeg 300w\" sizes=\"(max-width: 734px) 100vw, 734px\" \/><\/a><\/figure><div class=\"elementor-image-box-content\"><h3 class=\"elementor-image-box-title\"><a href=\"https:\/\/broekema.nl\/es\/acerca-de-nosotros\/casos-practicos\/caso-practico_barredoras-de-calles-con-cadena-de-correa-broekema\/\">Barredoras de calles con cadena con correa de Broekema<\/a><\/h3><p class=\"elementor-image-box-description\">El uso de la tecnolog\u00eda de cadena con correa de Broekema en las barredoras de calles redujo las necesidades de mantenimiento, asegur\u00f3 un funcionamiento silencioso y extendi\u00f3 la vida \u00fatil operativa, lo que mejor\u00f3 la limpieza y la eficiencia urbanas.<\/p><\/div><\/div>\t\t\t\t<\/div>\n\t\t\t\t<\/div>\n\t\t\t\t<div class=\"elementor-element elementor-element-ac4dd89 elementor-widget__width-initial elementor-position-top elementor-widget elementor-widget-image-box\" data-id=\"ac4dd89\" data-element_type=\"widget\" data-e-type=\"widget\" data-widget_type=\"image-box.default\">\n\t\t\t\t<div class=\"elementor-widget-container\">\n\t\t\t\t\t<div class=\"elementor-image-box-wrapper\"><figure class=\"elementor-image-box-img\"><a href=\"https:\/\/broekema.nl\/es\/acerca-de-nosotros\/casos-practicos\/caso-practico_volcador-de-cajas-con-cadena-de-correas-broekema\/\" tabindex=\"-1\"><img loading=\"lazy\" decoding=\"async\" width=\"752\" height=\"500\" src=\"https:\/\/broekema.nl\/wp-content\/uploads\/2025\/02\/AdobeStock_9137490.jpeg\" class=\"attachment-full size-full wp-image-18497\" alt=\"\" srcset=\"https:\/\/broekema.nl\/wp-content\/uploads\/2025\/02\/AdobeStock_9137490.jpeg 752w, https:\/\/broekema.nl\/wp-content\/uploads\/2025\/02\/AdobeStock_9137490-300x199.jpeg 300w\" sizes=\"(max-width: 752px) 100vw, 752px\" \/><\/a><\/figure><div class=\"elementor-image-box-content\"><h3 class=\"elementor-image-box-title\"><a href=\"https:\/\/broekema.nl\/es\/acerca-de-nosotros\/casos-practicos\/caso-practico_volcador-de-cajas-con-cadena-de-correas-broekema\/\">Inclinador de cajas con cadena con correa de Broekema<\/a><\/h3><p class=\"elementor-image-box-description\">La integraci\u00f3n de la tecnolog\u00eda de cadena con correa de Broekema en los inclinadores de cajas para cajones de madera garantiza operaciones robustas, fiables y de bajo mantenimiento en entornos exigentes.<\/p><\/div><\/div>\t\t\t\t<\/div>\n\t\t\t\t<\/div>\n\t\t\t\t\t<\/div>\n\t\t\t\t<\/div>\n\t\t<div class=\"elementor-element elementor-element-c52805c e-flex e-con-boxed e-con e-parent\" data-id=\"c52805c\" data-element_type=\"container\" data-e-type=\"container\">\n\t\t\t\t\t<div class=\"e-con-inner\">\n\t\t\t\t<div class=\"elementor-element elementor-element-ce07e94 elementor-widget elementor-widget-heading\" data-id=\"ce07e94\" data-element_type=\"widget\" data-e-type=\"widget\" data-widget_type=\"heading.default\">\n\t\t\t\t<div class=\"elementor-widget-container\">\n\t\t\t\t\t<h2 class=\"elementor-heading-title elementor-size-default\">Lo que otros dicen sobre nosotros<\/h2>\t\t\t\t<\/div>\n\t\t\t\t<\/div>\n\t\t\t\t<div class=\"elementor-element elementor-element-253ed3d elementor-grid-tablet-1 elementor-posts--thumbnail-top elementor-grid-3 elementor-grid-mobile-1 elementor-widget elementor-widget-posts\" data-id=\"253ed3d\" data-element_type=\"widget\" data-e-type=\"widget\" data-settings=\"{&quot;custom_row_gap&quot;:{&quot;unit&quot;:&quot;em&quot;,&quot;size&quot;:3,&quot;sizes&quot;:[]},&quot;custom_row_gap_tablet&quot;:{&quot;unit&quot;:&quot;em&quot;,&quot;size&quot;:&quot;&quot;,&quot;sizes&quot;:[]},&quot;custom_row_gap_mobile&quot;:{&quot;unit&quot;:&quot;em&quot;,&quot;size&quot;:&quot;&quot;,&quot;sizes&quot;:[]},&quot;custom_columns_tablet&quot;:&quot;1&quot;,&quot;custom_columns&quot;:&quot;3&quot;,&quot;custom_columns_mobile&quot;:&quot;1&quot;}\" data-widget_type=\"posts.custom\">\n\t\t\t\t<div class=\"elementor-widget-container\">\n\t\t\t\t\t      <div class=\"ecs-posts elementor-posts-container elementor-posts   elementor-grid elementor-posts--skin-custom\" data-settings=\"{&quot;current_page&quot;:1,&quot;max_num_pages&quot;:2,&quot;load_method&quot;:&quot;&quot;,&quot;widget_id&quot;:&quot;253ed3d&quot;,&quot;post_id&quot;:18490,&quot;theme_id&quot;:18490,&quot;change_url&quot;:false,&quot;reinit_js&quot;:false}\">\n      \t\t<article id=\"post-1921\" class=\"elementor-post elementor-grid-item ecs-post-loop post-1921 testimonial type-testimonial status-publish hentry\">\n\t\t\t\t<div data-elementor-type=\"loop\" data-elementor-id=\"2020\" class=\"elementor elementor-2020 post-1921 testimonial type-testimonial status-publish hentry\" data-elementor-post-type=\"elementor_library\">\n\t\t\t<div class=\"elementor-element elementor-element-534d3f4 e-con-full e-flex e-con e-parent\" data-id=\"534d3f4\" data-element_type=\"container\" data-e-type=\"container\">\n\t\t\t\t<div class=\"elementor-element elementor-element-002f41c elementor-widget elementor-widget-image\" data-id=\"002f41c\" data-element_type=\"widget\" data-e-type=\"widget\" data-widget_type=\"image.default\">\n\t\t\t\t<div class=\"elementor-widget-container\">\n\t\t\t\t\t\t\t\t\t\t\t\t\t\t\t<img loading=\"lazy\" decoding=\"async\" width=\"628\" height=\"628\" src=\"https:\/\/broekema.nl\/wp-content\/uploads\/2025\/02\/Rema3.png\" class=\"attachment-large size-large wp-image-16975\" alt=\"\" srcset=\"https:\/\/broekema.nl\/wp-content\/uploads\/2025\/02\/Rema3.png 628w, https:\/\/broekema.nl\/wp-content\/uploads\/2025\/02\/Rema3-300x300.png 300w, https:\/\/broekema.nl\/wp-content\/uploads\/2025\/02\/Rema3-100x100.png 100w\" sizes=\"(max-width: 628px) 100vw, 628px\" \/>\t\t\t\t\t\t\t\t\t\t\t\t\t\t\t<\/div>\n\t\t\t\t<\/div>\n\t\t<div class=\"elementor-element elementor-element-784df5e e-con-full e-flex e-con e-child\" data-id=\"784df5e\" data-element_type=\"container\" data-e-type=\"container\" data-settings=\"{&quot;background_background&quot;:&quot;classic&quot;}\">\n\t\t\t\t<div class=\"elementor-element elementor-element-cbc565c elementor-widget elementor-widget-heading\" data-id=\"cbc565c\" data-element_type=\"widget\" data-e-type=\"widget\" data-widget_type=\"heading.default\">\n\t\t\t\t<div class=\"elementor-widget-container\">\n\t\t\t\t\t<h4 class=\"elementor-heading-title elementor-size-default\">REMA Environmental Machinery<\/h4>\t\t\t\t<\/div>\n\t\t\t\t<\/div>\n\t\t\t\t<div class=\"elementor-element elementor-element-6dddddb elementor-widget elementor-widget-text-editor\" data-id=\"6dddddb\" data-element_type=\"widget\" data-e-type=\"widget\" data-widget_type=\"text-editor.default\">\n\t\t\t\t<div class=\"elementor-widget-container\">\n\t\t\t\t\t\t\t\t\t<p>\u201cKorte lijnen, no-nonsense en meedenkend typeren onze samenwerking met Broekema. Als leverancier van een essentieel onderdeel van de bermreiniger vertrouwen wij op de deskundigheid van Broekema.\u201d<\/p>\n<p><em>\u201cShort lines, no-nonsense and cooperative thinking characterize our collaboration with Broekema. As a supplier of an essential part of the roadside cleaner, we rely on Broekema&#8217;s expertise.\u201d<\/em><\/p>\n<p>&#8211; Piet Regnerus &#8211;<\/p>\n\t\t\t\t\t\t\t\t<\/div>\n\t\t\t\t<\/div>\n\t\t\t\t<\/div>\n\t\t\t\t<\/div>\n\t\t\t\t<\/div>\n\t\t\t\t<\/article>\n\t\t\t\t<article id=\"post-1923\" class=\"elementor-post elementor-grid-item ecs-post-loop post-1923 testimonial type-testimonial status-publish hentry\">\n\t\t\t\t<div data-elementor-type=\"loop\" data-elementor-id=\"2020\" class=\"elementor elementor-2020 post-1923 testimonial type-testimonial status-publish hentry\" data-elementor-post-type=\"elementor_library\">\n\t\t\t<div class=\"elementor-element elementor-element-534d3f4 e-con-full e-flex e-con e-parent\" data-id=\"534d3f4\" data-element_type=\"container\" data-e-type=\"container\">\n\t\t\t\t<div class=\"elementor-element elementor-element-002f41c elementor-widget elementor-widget-image\" data-id=\"002f41c\" data-element_type=\"widget\" data-e-type=\"widget\" data-widget_type=\"image.default\">\n\t\t\t\t<div class=\"elementor-widget-container\">\n\t\t\t\t\t\t\t\t\t\t\t\t\t\t\t<img loading=\"lazy\" decoding=\"async\" width=\"800\" height=\"532\" src=\"https:\/\/broekema.nl\/wp-content\/uploads\/2025\/02\/SFMTechnologies1-1.png\" class=\"attachment-large size-large wp-image-17353\" alt=\"\" srcset=\"https:\/\/broekema.nl\/wp-content\/uploads\/2025\/02\/SFMTechnologies1-1.png 879w, https:\/\/broekema.nl\/wp-content\/uploads\/2025\/02\/SFMTechnologies1-1-300x199.png 300w, https:\/\/broekema.nl\/wp-content\/uploads\/2025\/02\/SFMTechnologies1-1-768x510.png 768w\" sizes=\"(max-width: 800px) 100vw, 800px\" \/>\t\t\t\t\t\t\t\t\t\t\t\t\t\t\t<\/div>\n\t\t\t\t<\/div>\n\t\t<div class=\"elementor-element elementor-element-784df5e e-con-full e-flex e-con e-child\" data-id=\"784df5e\" data-element_type=\"container\" data-e-type=\"container\" data-settings=\"{&quot;background_background&quot;:&quot;classic&quot;}\">\n\t\t\t\t<div class=\"elementor-element elementor-element-cbc565c elementor-widget elementor-widget-heading\" data-id=\"cbc565c\" data-element_type=\"widget\" data-e-type=\"widget\" data-widget_type=\"heading.default\">\n\t\t\t\t<div class=\"elementor-widget-container\">\n\t\t\t\t\t<h4 class=\"elementor-heading-title elementor-size-default\">SFM Technologies<\/h4>\t\t\t\t<\/div>\n\t\t\t\t<\/div>\n\t\t\t\t<div class=\"elementor-element elementor-element-6dddddb elementor-widget elementor-widget-text-editor\" data-id=\"6dddddb\" data-element_type=\"widget\" data-e-type=\"widget\" data-widget_type=\"text-editor.default\">\n\t\t\t\t<div class=\"elementor-widget-container\">\n\t\t\t\t\t\t\t\t\t<p>\u201cEA Broekema has been a major supplier to SFM Technology Ltd for 30 years. From my own experience and that of my customers, we know that Broekema\u2019s products are top quality and perform extremely well in our machines. It is a pleasure working with Broekema and we look forward to working in partnership with them in the future.\u201d<\/p>\n<p>&#8211; Len Matthieson &#8211;<\/p>\n\t\t\t\t\t\t\t\t<\/div>\n\t\t\t\t<\/div>\n\t\t\t\t<\/div>\n\t\t\t\t<\/div>\n\t\t\t\t<\/div>\n\t\t\t\t<\/article>\n\t\t\t\t<article id=\"post-1925\" class=\"elementor-post elementor-grid-item ecs-post-loop post-1925 testimonial type-testimonial status-publish hentry\">\n\t\t\t\t<div data-elementor-type=\"loop\" data-elementor-id=\"2020\" class=\"elementor elementor-2020 post-1925 testimonial type-testimonial status-publish hentry\" data-elementor-post-type=\"elementor_library\">\n\t\t\t<div class=\"elementor-element elementor-element-534d3f4 e-con-full e-flex e-con e-parent\" data-id=\"534d3f4\" data-element_type=\"container\" data-e-type=\"container\">\n\t\t\t\t<div class=\"elementor-element elementor-element-002f41c elementor-widget elementor-widget-image\" data-id=\"002f41c\" data-element_type=\"widget\" data-e-type=\"widget\" data-widget_type=\"image.default\">\n\t\t\t\t<div class=\"elementor-widget-container\">\n\t\t\t\t\t\t\t\t\t\t\t\t\t\t\t<img loading=\"lazy\" decoding=\"async\" width=\"800\" height=\"600\" src=\"https:\/\/broekema.nl\/wp-content\/uploads\/2025\/02\/StandenEngineering.jpg\" class=\"attachment-large size-large wp-image-17825\" alt=\"\" srcset=\"https:\/\/broekema.nl\/wp-content\/uploads\/2025\/02\/StandenEngineering.jpg 840w, https:\/\/broekema.nl\/wp-content\/uploads\/2025\/02\/StandenEngineering-300x225.jpg 300w, https:\/\/broekema.nl\/wp-content\/uploads\/2025\/02\/StandenEngineering-768x576.jpg 768w\" sizes=\"(max-width: 800px) 100vw, 800px\" \/>\t\t\t\t\t\t\t\t\t\t\t\t\t\t\t<\/div>\n\t\t\t\t<\/div>\n\t\t<div class=\"elementor-element elementor-element-784df5e e-con-full e-flex e-con e-child\" data-id=\"784df5e\" data-element_type=\"container\" data-e-type=\"container\" data-settings=\"{&quot;background_background&quot;:&quot;classic&quot;}\">\n\t\t\t\t<div class=\"elementor-element elementor-element-cbc565c elementor-widget elementor-widget-heading\" data-id=\"cbc565c\" data-element_type=\"widget\" data-e-type=\"widget\" data-widget_type=\"heading.default\">\n\t\t\t\t<div class=\"elementor-widget-container\">\n\t\t\t\t\t<h4 class=\"elementor-heading-title elementor-size-default\">Standen Engineering<\/h4>\t\t\t\t<\/div>\n\t\t\t\t<\/div>\n\t\t\t\t<div class=\"elementor-element elementor-element-6dddddb elementor-widget elementor-widget-text-editor\" data-id=\"6dddddb\" data-element_type=\"widget\" data-e-type=\"widget\" data-widget_type=\"text-editor.default\">\n\t\t\t\t<div class=\"elementor-widget-container\">\n\t\t\t\t\t\t\t\t\t<p>\u201cWe have been working with Broekema for 30 years now and are very satisfied with the high level of service they provide. For example, we recently asked for two new designs for conveyor belts. Broekema made detailed drawings, made several on-site visits, and always kept us up to date on the progress of the project. The result was an excellent end-product: two new designs that we are more than satisfied about.\u201d<\/p>\n<p>&#8211; Michael Gammon &#8211;<\/p>\n\t\t\t\t\t\t\t\t<\/div>\n\t\t\t\t<\/div>\n\t\t\t\t<\/div>\n\t\t\t\t<\/div>\n\t\t\t\t<\/div>\n\t\t\t\t<\/article>\n\t\t\t\t<\/div>\n\t\t\t\t\t\t<\/div>\n\t\t\t\t<\/div>\n\t\t\t\t\t<\/div>\n\t\t\t\t<\/div>\n\t\t\t\t<\/div>\n\t\t","protected":false},"excerpt":{"rendered":"<p>Casos pr\u00e1cticos Inicio \/ Acerca de nosotros \/ Casos pr\u00e1cticos Explore nuestros casos pr\u00e1cticos detallados para ver mejor c\u00f3mo resolvemos problemas reales con cintas transportadoras. Cada caso es un claro ejemplo de c\u00f3mo adaptamos las soluciones a las necesidades espec\u00edficas de la industria, desde la agricultura hasta las fabricaciones. Limpieza de naves av\u00edcolas Un sistema [&hellip;]<\/p>\n","protected":false},"author":6,"featured_media":0,"parent":18444,"menu_order":0,"comment_status":"closed","ping_status":"closed","template":"elementor_header_footer","meta":{"_acf_changed":false,"inline_featured_image":false,"footnotes":""},"class_list":["post-18490","page","type-page","status-publish","hentry"],"acf":[],"aioseo_notices":[],"_links":{"self":[{"href":"https:\/\/broekema.nl\/es\/wp-json\/wp\/v2\/pages\/18490","targetHints":{"allow":["GET"]}}],"collection":[{"href":"https:\/\/broekema.nl\/es\/wp-json\/wp\/v2\/pages"}],"about":[{"href":"https:\/\/broekema.nl\/es\/wp-json\/wp\/v2\/types\/page"}],"author":[{"embeddable":true,"href":"https:\/\/broekema.nl\/es\/wp-json\/wp\/v2\/users\/6"}],"replies":[{"embeddable":true,"href":"https:\/\/broekema.nl\/es\/wp-json\/wp\/v2\/comments?post=18490"}],"version-history":[{"count":0,"href":"https:\/\/broekema.nl\/es\/wp-json\/wp\/v2\/pages\/18490\/revisions"}],"up":[{"embeddable":true,"href":"https:\/\/broekema.nl\/es\/wp-json\/wp\/v2\/pages\/18444"}],"wp:attachment":[{"href":"https:\/\/broekema.nl\/es\/wp-json\/wp\/v2\/media?parent=18490"}],"curies":[{"name":"wp","href":"https:\/\/api.w.org\/{rel}","templated":true}]}}