{"id":18410,"date":"2024-03-14T09:47:24","date_gmt":"2024-03-14T09:47:24","guid":{"rendered":"https:\/\/broekema.nl\/?page_id=18410"},"modified":"2025-03-07T14:53:50","modified_gmt":"2025-03-07T14:53:50","slug":"reciclaje-y-gestion-de-residuos","status":"publish","type":"page","link":"https:\/\/broekema.nl\/es\/industrias\/reciclaje-y-gestion-de-residuos\/","title":{"rendered":"Reciclaje y gesti\u00f3n de residuos"},"content":{"rendered":"\t\t<div data-elementor-type=\"wp-page\" data-elementor-id=\"18410\" class=\"elementor elementor-18410 elementor-7733\" data-elementor-post-type=\"page\">\n\t\t\t\t<div class=\"elementor-element elementor-element-8b6e10f e-flex e-con-boxed e-con e-child\" data-id=\"8b6e10f\" data-element_type=\"container\" data-e-type=\"container\" data-settings=\"{&quot;background_background&quot;:&quot;classic&quot;}\">\n\t\t\t\t\t<div class=\"e-con-inner\">\n\t\t\t\t<div class=\"elementor-element elementor-element-5967173 elementor-widget elementor-widget-heading\" data-id=\"5967173\" data-element_type=\"widget\" data-e-type=\"widget\" data-widget_type=\"heading.default\">\n\t\t\t\t<div class=\"elementor-widget-container\">\n\t\t\t\t\t<h1 class=\"elementor-heading-title elementor-size-default\">Reciclaje y gesti\u00f3n de residuos<\/h1>\t\t\t\t<\/div>\n\t\t\t\t<\/div>\n\t\t\t\t<div class=\"elementor-element elementor-element-5be3c11 elementor-hidden-mobile elementor-widget elementor-widget-text-editor\" data-id=\"5be3c11\" data-element_type=\"widget\" data-e-type=\"widget\" data-widget_type=\"text-editor.default\">\n\t\t\t\t<div class=\"elementor-widget-container\">\n\t\t\t\t\t\t\t\t\t<pre><a href=\"https:\/\/broekema.nl\/es\/\">Inicio<\/a> \/ <a href=\"https:\/\/broekema.nl\/es\/industrias\/\">Industrias<\/a> \/ Reciclaje y gesti\u00f3n de residuos<\/pre>\t\t\t\t\t\t\t\t<\/div>\n\t\t\t\t<\/div>\n\t\t\t\t\t<\/div>\n\t\t\t\t<\/div>\n\t\t<div class=\"elementor-element elementor-element-d1cd828 e-flex e-con-boxed e-con e-parent\" data-id=\"d1cd828\" data-element_type=\"container\" data-e-type=\"container\">\n\t\t\t\t\t<div class=\"e-con-inner\">\n\t\t\t\t<div class=\"elementor-element elementor-element-f747a66 elementor-widget elementor-widget-text-editor\" data-id=\"f747a66\" data-element_type=\"widget\" data-e-type=\"widget\" data-widget_type=\"text-editor.default\">\n\t\t\t\t<div class=\"elementor-widget-container\">\n\t\t\t\t\t\t\t\t\t<p>Broekema dise\u00f1a y fabrica tecnolog\u00eda de bandas con correas que ayudan en diferentes aplicaciones de reciclaje y gesti\u00f3n de residuos. Nuestras soluciones ayudan a mejorar la eficiencia, reducir el tiempo de inactividad y mejorar la fiabilidad en tareas que van desde la limpieza de playas hasta la limpieza urbana.<\/p>\t\t\t\t\t\t\t\t<\/div>\n\t\t\t\t<\/div>\n\t\t\t\t\t<\/div>\n\t\t\t\t<\/div>\n\t\t<div class=\"elementor-element elementor-element-78681ba e-flex e-con-boxed e-con e-parent\" data-id=\"78681ba\" data-element_type=\"container\" data-e-type=\"container\" data-settings=\"{&quot;background_background&quot;:&quot;classic&quot;}\">\n\t\t\t\t\t<div class=\"e-con-inner\">\n\t\t<div class=\"elementor-element elementor-element-1c5e44e e-con-full e-flex e-con e-child\" data-id=\"1c5e44e\" data-element_type=\"container\" data-e-type=\"container\">\n\t\t\t\t<div class=\"elementor-element elementor-element-344f88a elementor-widget elementor-widget-heading\" data-id=\"344f88a\" data-element_type=\"widget\" data-e-type=\"widget\" data-widget_type=\"heading.default\">\n\t\t\t\t<div class=\"elementor-widget-container\">\n\t\t\t\t\t<h2 class=\"elementor-heading-title elementor-size-default\">Limpieza de playas<\/h2>\t\t\t\t<\/div>\n\t\t\t\t<\/div>\n\t\t\t\t<div class=\"elementor-element elementor-element-06f31c5 elementor-widget__width-initial elementor-widget elementor-widget-text-editor\" data-id=\"06f31c5\" data-element_type=\"widget\" data-e-type=\"widget\" data-widget_type=\"text-editor.default\">\n\t\t\t\t<div class=\"elementor-widget-container\">\n\t\t\t\t\t\t\t\t\t<p>Mantener las playas limpias es importante para proteger la vida marina y preservar la belleza natural. Los m\u00e9todos tradicionales pueden requerir mucha mano de obra y ser ineficientes. La tecnolog\u00eda de las bandas Broekema se utiliza en m\u00e1quinas de limpieza de playas para brindar una soluci\u00f3n m\u00e1s efectiva, asegurando una eliminaci\u00f3n completa de los desechos con un impacto ambiental m\u00ednimo.<\/p>\t\t\t\t\t\t\t\t<\/div>\n\t\t\t\t<\/div>\n\t\t\t\t<\/div>\n\t\t<div class=\"elementor-element elementor-element-8a33a77 e-con-full e-flex e-con e-child\" data-id=\"8a33a77\" data-element_type=\"container\" data-e-type=\"container\" data-settings=\"{&quot;background_background&quot;:&quot;classic&quot;}\">\n\t\t\t\t<div class=\"elementor-element elementor-element-39d16ef elementor--h-position-center elementor--v-position-middle elementor-arrows-position-inside elementor-pagination-position-inside elementor-widget elementor-widget-slides\" data-id=\"39d16ef\" data-element_type=\"widget\" data-e-type=\"widget\" data-settings=\"{&quot;navigation&quot;:&quot;both&quot;,&quot;autoplay&quot;:&quot;yes&quot;,&quot;pause_on_hover&quot;:&quot;yes&quot;,&quot;pause_on_interaction&quot;:&quot;yes&quot;,&quot;autoplay_speed&quot;:5000,&quot;infinite&quot;:&quot;yes&quot;,&quot;transition&quot;:&quot;slide&quot;,&quot;transition_speed&quot;:500}\" data-widget_type=\"slides.default\">\n\t\t\t\t<div class=\"elementor-widget-container\">\n\t\t\t\t\t\t\t\t\t<div class=\"elementor-swiper\">\n\t\t\t\t\t<div class=\"elementor-slides-wrapper elementor-main-swiper swiper\" role=\"region\" aria-roledescription=\"carousel\" aria-label=\"Slides\" dir=\"ltr\" data-animation=\"fadeInUp\">\n\t\t\t\t<div class=\"swiper-wrapper elementor-slides\">\n\t\t\t\t\t\t\t\t\t\t<div class=\"elementor-repeater-item-5a305f9 swiper-slide\" role=\"group\" aria-roledescription=\"slide\"><div class=\"swiper-slide-bg\" role=\"img\" aria-label=\"DSCF1225 Beach Cleaner bei der Aufnahme_aangepast\"><\/div><div class=\"swiper-slide-inner\" ><div class=\"swiper-slide-contents\"><\/div><\/div><\/div><div class=\"elementor-repeater-item-4e79466 swiper-slide\" role=\"group\" aria-roledescription=\"slide\"><div class=\"swiper-slide-bg\" role=\"img\" aria-label=\"Tractor overhead beach cleaning aerial\"><\/div><div class=\"swiper-slide-inner\" ><div class=\"swiper-slide-contents\"><\/div><\/div><\/div><div class=\"elementor-repeater-item-55a860f swiper-slide\" role=\"group\" aria-roledescription=\"slide\"><div class=\"swiper-slide-bg\" role=\"img\" aria-label=\"Tractor with beach cleaning tool near the Baltic sea\"><\/div><div class=\"swiper-slide-inner\" ><div class=\"swiper-slide-contents\"><\/div><\/div><\/div><div class=\"elementor-repeater-item-9d95597 swiper-slide\" role=\"group\" aria-roledescription=\"slide\"><div class=\"swiper-slide-bg\" role=\"img\" aria-label=\"tractor machine cleaning snow\"><\/div><div class=\"swiper-slide-inner\" ><div class=\"swiper-slide-contents\"><\/div><\/div><\/div>\t\t\t\t<\/div>\n\t\t\t\t\t\t\t\t\t\t\t\t\t\t\t<div class=\"elementor-swiper-button elementor-swiper-button-prev\" role=\"button\" tabindex=\"0\" aria-label=\"Diapositiva anterior\">\n\t\t\t\t\t\t\t<i aria-hidden=\"true\" class=\"eicon-chevron-left\"><\/i>\t\t\t\t\t\t<\/div>\n\t\t\t\t\t\t<div class=\"elementor-swiper-button elementor-swiper-button-next\" role=\"button\" tabindex=\"0\" aria-label=\"Diapositiva siguiente\">\n\t\t\t\t\t\t\t<i aria-hidden=\"true\" class=\"eicon-chevron-right\"><\/i>\t\t\t\t\t\t<\/div>\n\t\t\t\t\t\t\t\t\t\t\t\t\t\t\t\t<div class=\"swiper-pagination\"><\/div>\n\t\t\t\t\t\t\t\t\t\t\t\t<\/div>\n\t\t\t\t<\/div>\n\t\t\t\t\t\t\t\t<\/div>\n\t\t\t\t<\/div>\n\t\t\t\t<\/div>\n\t\t\t\t\t<\/div>\n\t\t\t\t<\/div>\n\t\t<div class=\"elementor-element elementor-element-d1a4941 e-flex e-con-boxed e-con e-parent\" data-id=\"d1a4941\" data-element_type=\"container\" data-e-type=\"container\">\n\t\t\t\t\t<div class=\"e-con-inner\">\n\t\t<div class=\"elementor-element elementor-element-9c635eb e-con-full e-flex e-con e-child\" data-id=\"9c635eb\" data-element_type=\"container\" data-e-type=\"container\">\n\t\t\t\t<div class=\"elementor-element elementor-element-1ac9dd9 elementor--h-position-center elementor--v-position-middle elementor-arrows-position-inside elementor-pagination-position-inside elementor-widget elementor-widget-slides\" data-id=\"1ac9dd9\" data-element_type=\"widget\" data-e-type=\"widget\" data-settings=\"{&quot;navigation&quot;:&quot;both&quot;,&quot;autoplay&quot;:&quot;yes&quot;,&quot;pause_on_hover&quot;:&quot;yes&quot;,&quot;pause_on_interaction&quot;:&quot;yes&quot;,&quot;autoplay_speed&quot;:5000,&quot;infinite&quot;:&quot;yes&quot;,&quot;transition&quot;:&quot;slide&quot;,&quot;transition_speed&quot;:500}\" data-widget_type=\"slides.default\">\n\t\t\t\t<div class=\"elementor-widget-container\">\n\t\t\t\t\t\t\t\t\t<div class=\"elementor-swiper\">\n\t\t\t\t\t<div class=\"elementor-slides-wrapper elementor-main-swiper swiper\" role=\"region\" aria-roledescription=\"carousel\" aria-label=\"Slides\" dir=\"ltr\" data-animation=\"fadeInUp\">\n\t\t\t\t<div class=\"swiper-wrapper elementor-slides\">\n\t\t\t\t\t\t\t\t\t\t<div class=\"elementor-repeater-item-b753f11 swiper-slide\" role=\"group\" aria-roledescription=\"slide\"><div class=\"swiper-slide-bg\" role=\"img\" aria-label=\"Top above view of small sweeping vacuum cleaner machine equipment removing dust rubbish city street sidewalk paved road near apartment condo building. Special municipal sweeper vehicle cleaning town.\"><\/div><div class=\"swiper-slide-inner\" ><div class=\"swiper-slide-contents\"><\/div><\/div><\/div><div class=\"elementor-repeater-item-5a305f9 swiper-slide\" role=\"group\" aria-roledescription=\"slide\"><div class=\"swiper-slide-bg\" role=\"img\" aria-label=\"Street_Sweeper_V2\"><\/div><div class=\"swiper-slide-inner\" ><div class=\"swiper-slide-contents\"><\/div><\/div><\/div><div class=\"elementor-repeater-item-905a6b7 swiper-slide\" role=\"group\" aria-roledescription=\"slide\"><div class=\"swiper-slide-bg\" role=\"img\" aria-label=\"street sweeper-aangepastAI\"><\/div><div class=\"swiper-slide-inner\" ><div class=\"swiper-slide-contents\"><\/div><\/div><\/div><div class=\"elementor-repeater-item-101a1fb swiper-slide\" role=\"group\" aria-roledescription=\"slide\"><div class=\"swiper-slide-bg\" role=\"img\" aria-label=\"Rema3\"><\/div><div class=\"swiper-slide-inner\" ><div class=\"swiper-slide-contents\"><\/div><\/div><\/div><div class=\"elementor-repeater-item-1ee076b swiper-slide\" role=\"group\" aria-roledescription=\"slide\"><div class=\"swiper-slide-bg\" role=\"img\" aria-label=\"Rema1\"><\/div><div class=\"swiper-slide-inner\" ><div class=\"swiper-slide-contents\"><\/div><\/div><\/div>\t\t\t\t<\/div>\n\t\t\t\t\t\t\t\t\t\t\t\t\t\t\t<div class=\"elementor-swiper-button elementor-swiper-button-prev\" role=\"button\" tabindex=\"0\" aria-label=\"Diapositiva anterior\">\n\t\t\t\t\t\t\t<i aria-hidden=\"true\" class=\"eicon-chevron-left\"><\/i>\t\t\t\t\t\t<\/div>\n\t\t\t\t\t\t<div class=\"elementor-swiper-button elementor-swiper-button-next\" role=\"button\" tabindex=\"0\" aria-label=\"Diapositiva siguiente\">\n\t\t\t\t\t\t\t<i aria-hidden=\"true\" class=\"eicon-chevron-right\"><\/i>\t\t\t\t\t\t<\/div>\n\t\t\t\t\t\t\t\t\t\t\t\t\t\t\t\t<div class=\"swiper-pagination\"><\/div>\n\t\t\t\t\t\t\t\t\t\t\t\t<\/div>\n\t\t\t\t<\/div>\n\t\t\t\t\t\t\t\t<\/div>\n\t\t\t\t<\/div>\n\t\t\t\t<\/div>\n\t\t<div class=\"elementor-element elementor-element-0a06fb5 e-con-full e-flex e-con e-child\" data-id=\"0a06fb5\" data-element_type=\"container\" data-e-type=\"container\" data-settings=\"{&quot;background_background&quot;:&quot;classic&quot;}\">\n\t\t\t\t<div class=\"elementor-element elementor-element-a2dce2b elementor-widget elementor-widget-heading\" data-id=\"a2dce2b\" data-element_type=\"widget\" data-e-type=\"widget\" data-widget_type=\"heading.default\">\n\t\t\t\t<div class=\"elementor-widget-container\">\n\t\t\t\t\t<h2 class=\"elementor-heading-title elementor-size-default\">Limpieza urbana<\/h2>\t\t\t\t<\/div>\n\t\t\t\t<\/div>\n\t\t\t\t<div class=\"elementor-element elementor-element-65c8059 elementor-widget__width-initial elementor-widget elementor-widget-text-editor\" data-id=\"65c8059\" data-element_type=\"widget\" data-e-type=\"widget\" data-widget_type=\"text-editor.default\">\n\t\t\t\t<div class=\"elementor-widget-container\">\n\t\t\t\t\t\t\t\t\t<p>La limpieza urbana incluye tareas como barrer calles y limpiar los bordes de las carreteras, ambas requieren equipos fiables y eficientes. La tecnolog\u00eda de las bandas Broekema se utiliza en estas operaciones. En las barredoras de calles, nuestras cadenas brindan un transporte de confianza y efectivo para la suciedad y escombros, minimizando el desgaste y el mantenimiento. Para la limpieza de los bordes de las carreteras, nuestras cadenas robustas manejan terrenos complicados y escombros pesados, lo que garantiza un rendimiento completo y constante. Con la tecnolog\u00eda de Broekema, los equipos de limpieza urbana se benefician de un menor tiempo de inactividad, menores costes operativos y una mayor eficiencia general.<\/p>\t\t\t\t\t\t\t\t<\/div>\n\t\t\t\t<\/div>\n\t\t\t\t<\/div>\n\t\t\t\t\t<\/div>\n\t\t\t\t<\/div>\n\t\t<div class=\"elementor-element elementor-element-f0e76a1 e-flex e-con-boxed e-con e-parent\" data-id=\"f0e76a1\" data-element_type=\"container\" data-e-type=\"container\" data-settings=\"{&quot;background_background&quot;:&quot;classic&quot;}\">\n\t\t\t\t\t<div class=\"e-con-inner\">\n\t\t<div class=\"elementor-element elementor-element-9288885 e-con-full e-flex e-con e-child\" data-id=\"9288885\" data-element_type=\"container\" data-e-type=\"container\">\n\t\t\t\t<div class=\"elementor-element elementor-element-150906e elementor-widget elementor-widget-heading\" data-id=\"150906e\" data-element_type=\"widget\" data-e-type=\"widget\" data-widget_type=\"heading.default\">\n\t\t\t\t<div class=\"elementor-widget-container\">\n\t\t\t\t\t<h2 class=\"elementor-heading-title elementor-size-default\">Manipulaci\u00f3n de residuos<\/h2>\t\t\t\t<\/div>\n\t\t\t\t<\/div>\n\t\t\t\t<div class=\"elementor-element elementor-element-53413ba elementor-widget__width-initial elementor-widget elementor-widget-text-editor\" data-id=\"53413ba\" data-element_type=\"widget\" data-e-type=\"widget\" data-widget_type=\"text-editor.default\">\n\t\t\t\t<div class=\"elementor-widget-container\">\n\t\t\t\t\t\t\t\t\t<p>En la manipulaci\u00f3n de residuos, la tecnolog\u00eda utilizada en las bandas Broekema mejora la eficiencia y la fiabilidad de varios equipos. Por ejemplo, en los camiones de recogida de papel usado, nuestras bandas ayudan a minimizar los atascos y las aver\u00edas, lo que garantiza un transporte sin problemas de materiales reciclables y reduce las necesidades de mantenimiento. Adem\u00e1s, nuestra tecnolog\u00eda se utiliza en el proceso de incineraci\u00f3n, donde nuestras bandas resisten condiciones duras para una eliminaci\u00f3n de residuos segura las 24 horas del d\u00eda, los 7 d\u00edas de la semana.<\/p>\t\t\t\t\t\t\t\t<\/div>\n\t\t\t\t<\/div>\n\t\t\t\t<\/div>\n\t\t<div class=\"elementor-element elementor-element-28d96e0 e-con-full e-flex e-con e-child\" data-id=\"28d96e0\" data-element_type=\"container\" data-e-type=\"container\" data-settings=\"{&quot;background_background&quot;:&quot;classic&quot;}\">\n\t\t\t\t<div class=\"elementor-element elementor-element-6b9deb4 elementor-widget elementor-widget-image\" data-id=\"6b9deb4\" data-element_type=\"widget\" data-e-type=\"widget\" data-widget_type=\"image.default\">\n\t\t\t\t<div class=\"elementor-widget-container\">\n\t\t\t\t\t\t\t\t\t\t\t\t\t\t\t<img fetchpriority=\"high\" decoding=\"async\" width=\"800\" height=\"533\" src=\"https:\/\/broekema.nl\/wp-content\/uploads\/2025\/02\/AdobeStock_24936121.jpeg\" class=\"attachment-large size-large wp-image-18419\" alt=\"\" srcset=\"https:\/\/broekema.nl\/wp-content\/uploads\/2025\/02\/AdobeStock_24936121.jpeg 900w, https:\/\/broekema.nl\/wp-content\/uploads\/2025\/02\/AdobeStock_24936121-300x200.jpeg 300w, https:\/\/broekema.nl\/wp-content\/uploads\/2025\/02\/AdobeStock_24936121-768x512.jpeg 768w\" sizes=\"(max-width: 800px) 100vw, 800px\" \/>\t\t\t\t\t\t\t\t\t\t\t\t\t\t\t<\/div>\n\t\t\t\t<\/div>\n\t\t\t\t<\/div>\n\t\t\t\t\t<\/div>\n\t\t\t\t<\/div>\n\t\t<div class=\"elementor-element elementor-element-164910e e-flex e-con-boxed e-con e-parent\" data-id=\"164910e\" data-element_type=\"container\" data-e-type=\"container\">\n\t\t\t\t\t<div class=\"e-con-inner\">\n\t\t\t\t<div class=\"elementor-element elementor-element-b91369b elementor-widget elementor-widget-text-editor\" data-id=\"b91369b\" data-element_type=\"widget\" data-e-type=\"widget\" data-widget_type=\"text-editor.default\">\n\t\t\t\t<div class=\"elementor-widget-container\">\n\t\t\t\t\t\t\t\t\t<p>Adem\u00e1s de nuestros productos para limpieza de playas, limpieza urbana y manipulaci\u00f3n de residuos, Broekema tambi\u00e9n ofrece soluciones para otras aplicaciones dentro de la industria del reciclaje y la gesti\u00f3n de residuos. Una de ellas incluye rejillas de limpieza de alcantarillado, que se benefician de nuestras bandas para manejar cargas pesadas y resistir el desgaste. Nuestras soluciones personalizadas se extienden a una variedad de aplicaciones, ofreciendo un rendimiento seguro y eficiente adaptado a necesidades espec\u00edficas. Ya sea para la manipulaci\u00f3n especializada de residuos o procesos de reciclaje \u00fanicos, la tecnolog\u00eda de Broekema respalda una mayor eficiencia y un menor mantenimiento en todos los \u00e1mbitos.<\/p>\t\t\t\t\t\t\t\t<\/div>\n\t\t\t\t<\/div>\n\t\t\t\t\t<\/div>\n\t\t\t\t<\/div>\n\t\t\t\t<\/div>\n\t\t","protected":false},"excerpt":{"rendered":"<p>Reciclaje y gesti\u00f3n de residuos Inicio \/ Industrias \/ Reciclaje y gesti\u00f3n de residuos Broekema dise\u00f1a y fabrica tecnolog\u00eda de bandas con correas que ayudan en diferentes aplicaciones de reciclaje y gesti\u00f3n de residuos. Nuestras soluciones ayudan a mejorar la eficiencia, reducir el tiempo de inactividad y mejorar la fiabilidad en tareas que van desde [&hellip;]<\/p>\n","protected":false},"author":6,"featured_media":0,"parent":18296,"menu_order":0,"comment_status":"closed","ping_status":"closed","template":"elementor_header_footer","meta":{"_acf_changed":false,"inline_featured_image":false,"footnotes":""},"class_list":["post-18410","page","type-page","status-publish","hentry"],"acf":[],"aioseo_notices":[],"_links":{"self":[{"href":"https:\/\/broekema.nl\/es\/wp-json\/wp\/v2\/pages\/18410","targetHints":{"allow":["GET"]}}],"collection":[{"href":"https:\/\/broekema.nl\/es\/wp-json\/wp\/v2\/pages"}],"about":[{"href":"https:\/\/broekema.nl\/es\/wp-json\/wp\/v2\/types\/page"}],"author":[{"embeddable":true,"href":"https:\/\/broekema.nl\/es\/wp-json\/wp\/v2\/users\/6"}],"replies":[{"embeddable":true,"href":"https:\/\/broekema.nl\/es\/wp-json\/wp\/v2\/comments?post=18410"}],"version-history":[{"count":0,"href":"https:\/\/broekema.nl\/es\/wp-json\/wp\/v2\/pages\/18410\/revisions"}],"up":[{"embeddable":true,"href":"https:\/\/broekema.nl\/es\/wp-json\/wp\/v2\/pages\/18296"}],"wp:attachment":[{"href":"https:\/\/broekema.nl\/es\/wp-json\/wp\/v2\/media?parent=18410"}],"curies":[{"name":"wp","href":"https:\/\/api.w.org\/{rel}","templated":true}]}}