{"id":18296,"date":"2023-06-22T12:39:53","date_gmt":"2023-06-22T12:39:53","guid":{"rendered":"https:\/\/broekema.nl\/?page_id=18296"},"modified":"2025-03-07T14:53:08","modified_gmt":"2025-03-07T14:53:08","slug":"industrias","status":"publish","type":"page","link":"https:\/\/broekema.nl\/es\/industrias\/","title":{"rendered":"Industrias"},"content":{"rendered":"\t\t<div data-elementor-type=\"wp-page\" data-elementor-id=\"18296\" class=\"elementor elementor-18296 elementor-1797\" data-elementor-post-type=\"page\">\n\t\t\t\t<div class=\"elementor-element elementor-element-f9ea8e3 e-flex e-con-boxed e-con e-parent\" data-id=\"f9ea8e3\" data-element_type=\"container\" data-e-type=\"container\" data-settings=\"{&quot;background_background&quot;:&quot;classic&quot;}\">\n\t\t\t\t\t<div class=\"e-con-inner\">\n\t\t\t\t<div class=\"elementor-element elementor-element-a41e8a3 elementor-widget elementor-widget-heading\" data-id=\"a41e8a3\" data-element_type=\"widget\" data-e-type=\"widget\" data-widget_type=\"heading.default\">\n\t\t\t\t<div class=\"elementor-widget-container\">\n\t\t\t\t\t<h1 class=\"elementor-heading-title elementor-size-default\">Industrias<\/h1>\t\t\t\t<\/div>\n\t\t\t\t<\/div>\n\t\t\t\t<div class=\"elementor-element elementor-element-ad0bb0b elementor-widget elementor-widget-heading\" data-id=\"ad0bb0b\" data-element_type=\"widget\" data-e-type=\"widget\" data-widget_type=\"heading.default\">\n\t\t\t\t<div class=\"elementor-widget-container\">\n\t\t\t\t\t<h2 class=\"elementor-heading-title elementor-size-default\">y aplicaciones<\/h2>\t\t\t\t<\/div>\n\t\t\t\t<\/div>\n\t\t\t\t<div class=\"elementor-element elementor-element-9c148e1 elementor-hidden-mobile elementor-widget elementor-widget-text-editor\" data-id=\"9c148e1\" data-element_type=\"widget\" data-e-type=\"widget\" data-widget_type=\"text-editor.default\">\n\t\t\t\t<div class=\"elementor-widget-container\">\n\t\t\t\t\t\t\t\t\t<pre><a href=\"https:\/\/broekema.nl\/es\/\">Inicio<\/a> \/ Industrias<\/pre>\t\t\t\t\t\t\t\t<\/div>\n\t\t\t\t<\/div>\n\t\t\t\t\t<\/div>\n\t\t\t\t<\/div>\n\t\t<div class=\"elementor-element elementor-element-990db03 e-flex e-con-boxed e-con e-parent\" data-id=\"990db03\" data-element_type=\"container\" data-e-type=\"container\">\n\t\t\t\t\t<div class=\"e-con-inner\">\n\t\t\t\t<div class=\"elementor-element elementor-element-cb0e14c elementor-cta--skin-cover elementor-cta--valign-top elementor-widget__width-initial elementor-widget elementor-widget-call-to-action\" data-id=\"cb0e14c\" data-element_type=\"widget\" data-e-type=\"widget\" data-settings=\"{&quot;_animation&quot;:&quot;none&quot;}\" data-widget_type=\"call-to-action.default\">\n\t\t\t\t<div class=\"elementor-widget-container\">\n\t\t\t\t\t\t\t<a class=\"elementor-cta\" href=\"https:\/\/broekema.nl\/es\/industrias\/agricultura\/\">\n\t\t\t\t\t<div class=\"elementor-cta__bg-wrapper\">\n\t\t\t\t<div class=\"elementor-cta__bg elementor-bg\" style=\"background-image: url(https:\/\/broekema.nl\/wp-content\/uploads\/2025\/02\/DSCF4499.jpg);\" role=\"img\" aria-label=\"DSCF4499\"><\/div>\n\t\t\t\t<div class=\"elementor-cta__bg-overlay\"><\/div>\n\t\t\t<\/div>\n\t\t\t\t\t\t\t<div class=\"elementor-cta__content\">\n\t\t\t\t\t\t\t\t\t<div class=\"elementor-content-item elementor-cta__content-item elementor-icon-wrapper elementor-cta__icon elementor-view-stacked elementor-shape-square\">\n\t\t\t\t\t\t<div class=\"elementor-icon\">\n\t\t\t\t\t\t\t<i aria-hidden=\"true\" class=\"fas fa-carrot\"><\/i>\t\t\t\t\t\t<\/div>\n\t\t\t\t\t<\/div>\n\t\t\t\t\n\t\t\t\t\t\t\t\t\t<h2 class=\"elementor-cta__title elementor-cta__content-item elementor-content-item\">\n\t\t\t\t\t\tAgricultura\t\t\t\t\t<\/h2>\n\t\t\t\t\n\t\t\t\t\t\t\t\t\t<span class=\"elementor-cta__description elementor-cta__content-item elementor-content-item\">\n\t\t\t\t\t\t<ul>\n \t<li>Procesamiento de tub\u00e9rculos y hortalizas<\/li>\n \t<li>Cosecha de frutas y frutos secos<\/li>\n \t<li>Cosecha de bulbos<\/li>\n<\/ul>\t\t\t\t\t<\/span>\n\t\t\t\t\n\t\t\t\t\t\t\t\t\t<div class=\"elementor-cta__button-wrapper elementor-cta__content-item elementor-content-item \">\n\t\t\t\t\t<span class=\"elementor-cta__button elementor-button elementor-size-\">\n\t\t\t\t\t\tM\u00e1s informaci\u00f3n\t\t\t\t\t<\/span>\n\t\t\t\t\t<\/div>\n\t\t\t\t\t\t\t<\/div>\n\t\t\t\t\t\t<\/a>\n\t\t\t\t\t\t<\/div>\n\t\t\t\t<\/div>\n\t\t\t\t<div class=\"elementor-element elementor-element-dd34900 elementor-cta--skin-cover elementor-cta--valign-top elementor-widget__width-initial elementor-widget elementor-widget-call-to-action\" data-id=\"dd34900\" data-element_type=\"widget\" data-e-type=\"widget\" data-settings=\"{&quot;_animation&quot;:&quot;none&quot;}\" data-widget_type=\"call-to-action.default\">\n\t\t\t\t<div class=\"elementor-widget-container\">\n\t\t\t\t\t\t\t<a class=\"elementor-cta\" href=\"https:\/\/broekema.nl\/es\/industrias\/procesamiento-de-alimentos\/\">\n\t\t\t\t\t<div class=\"elementor-cta__bg-wrapper\">\n\t\t\t\t<div class=\"elementor-cta__bg elementor-bg\" style=\"background-image: url(https:\/\/broekema.nl\/wp-content\/uploads\/2025\/02\/AdobeStock_456759499.jpeg);\" role=\"img\" aria-label=\"Potato sorting, processing and packing factory vegetable with big machine\"><\/div>\n\t\t\t\t<div class=\"elementor-cta__bg-overlay\"><\/div>\n\t\t\t<\/div>\n\t\t\t\t\t\t\t<div class=\"elementor-cta__content\">\n\t\t\t\t\t\t\t\t\t<div class=\"elementor-content-item elementor-cta__content-item elementor-icon-wrapper elementor-cta__icon elementor-view-stacked elementor-shape-square\">\n\t\t\t\t\t\t<div class=\"elementor-icon\">\n\t\t\t\t\t\t\t<i aria-hidden=\"true\" class=\"fas fa-water\"><\/i>\t\t\t\t\t\t<\/div>\n\t\t\t\t\t<\/div>\n\t\t\t\t\n\t\t\t\t\t\t\t\t\t<h2 class=\"elementor-cta__title elementor-cta__content-item elementor-content-item\">\n\t\t\t\t\t\tProcesamiento de alimentos\t\t\t\t\t<\/h2>\n\t\t\t\t\n\t\t\t\t\t\t\t\t\t<span class=\"elementor-cta__description elementor-cta__content-item elementor-content-item\">\n\t\t\t\t\t\t<ul>\n \t<li>Lavado y preprocesamiento<\/li>\n \t<li>Operaciones de clasificaci\u00f3n y selecci\u00f3n<\/li>\n \t<li>Manipulaci\u00f3n de alimentos<\/li>\n<\/ul>\t\t\t\t\t<\/span>\n\t\t\t\t\n\t\t\t\t\t\t\t\t\t<div class=\"elementor-cta__button-wrapper elementor-cta__content-item elementor-content-item \">\n\t\t\t\t\t<span class=\"elementor-cta__button elementor-button elementor-size-\">\n\t\t\t\t\t\tM\u00e1s informaci\u00f3n\t\t\t\t\t<\/span>\n\t\t\t\t\t<\/div>\n\t\t\t\t\t\t\t<\/div>\n\t\t\t\t\t\t<\/a>\n\t\t\t\t\t\t<\/div>\n\t\t\t\t<\/div>\n\t\t\t\t<div class=\"elementor-element elementor-element-51299f6 elementor-cta--skin-cover elementor-cta--valign-top elementor-widget__width-initial elementor-widget elementor-widget-call-to-action\" data-id=\"51299f6\" data-element_type=\"widget\" data-e-type=\"widget\" data-settings=\"{&quot;_animation&quot;:&quot;none&quot;}\" data-widget_type=\"call-to-action.default\">\n\t\t\t\t<div class=\"elementor-widget-container\">\n\t\t\t\t\t\t\t<a class=\"elementor-cta\" href=\"https:\/\/broekema.nl\/es\/industrias\/reciclaje-y-gestion-de-residuos\/\">\n\t\t\t\t\t<div class=\"elementor-cta__bg-wrapper\">\n\t\t\t\t<div class=\"elementor-cta__bg elementor-bg\" style=\"background-image: url(https:\/\/broekema.nl\/wp-content\/uploads\/2025\/02\/AdobeStock_166368219-1.jpeg);\" role=\"img\" aria-label=\"red tractor with trailer cleaner cleaning sand in Els Terrers Beach, Benicassim, Castellon, Valencia, Spain, Europe. Mediterranean Sea\"><\/div>\n\t\t\t\t<div class=\"elementor-cta__bg-overlay\"><\/div>\n\t\t\t<\/div>\n\t\t\t\t\t\t\t<div class=\"elementor-cta__content\">\n\t\t\t\t\t\t\t\t\t<div class=\"elementor-content-item elementor-cta__content-item elementor-icon-wrapper elementor-cta__icon elementor-view-stacked elementor-shape-square\">\n\t\t\t\t\t\t<div class=\"elementor-icon\">\n\t\t\t\t\t\t\t<i aria-hidden=\"true\" class=\"fas fa-trash-alt\"><\/i>\t\t\t\t\t\t<\/div>\n\t\t\t\t\t<\/div>\n\t\t\t\t\n\t\t\t\t\t\t\t\t\t<h2 class=\"elementor-cta__title elementor-cta__content-item elementor-content-item\">\n\t\t\t\t\t\tReciclaje y gesti\u00f3n de residuos\t\t\t\t\t<\/h2>\n\t\t\t\t\n\t\t\t\t\t\t\t\t\t<span class=\"elementor-cta__description elementor-cta__content-item elementor-content-item\">\n\t\t\t\t\t\t<ul>\n \t<li>Limpieza de playas<\/li>\n \t<li>Limpieza urbana<\/li>\n \t<li>Gesti\u00f3n de residuos<\/li>\n<\/ul>\t\t\t\t\t<\/span>\n\t\t\t\t\n\t\t\t\t\t\t\t\t\t<div class=\"elementor-cta__button-wrapper elementor-cta__content-item elementor-content-item \">\n\t\t\t\t\t<span class=\"elementor-cta__button elementor-button elementor-size-\">\n\t\t\t\t\t\tM\u00e1s informaci\u00f3n\t\t\t\t\t<\/span>\n\t\t\t\t\t<\/div>\n\t\t\t\t\t\t\t<\/div>\n\t\t\t\t\t\t<\/a>\n\t\t\t\t\t\t<\/div>\n\t\t\t\t<\/div>\n\t\t\t\t<div class=\"elementor-element elementor-element-334d89e elementor-cta--skin-cover elementor-cta--valign-top elementor-widget__width-initial elementor-widget elementor-widget-call-to-action\" data-id=\"334d89e\" data-element_type=\"widget\" data-e-type=\"widget\" data-settings=\"{&quot;_animation&quot;:&quot;none&quot;}\" data-widget_type=\"call-to-action.default\">\n\t\t\t\t<div class=\"elementor-widget-container\">\n\t\t\t\t\t\t\t<a class=\"elementor-cta\" href=\"https:\/\/broekema.nl\/es\/industrias\/otras-industrias-y-aplicaciones\/\">\n\t\t\t\t\t<div class=\"elementor-cta__bg-wrapper\">\n\t\t\t\t<div class=\"elementor-cta__bg elementor-bg\" style=\"background-image: url(https:\/\/broekema.nl\/wp-content\/uploads\/2025\/02\/AdobeStock_318286873-768x485-2.jpg);\" role=\"img\" aria-label=\"Brick production. New bricks on a conveyor belt at a brick factory\"><\/div>\n\t\t\t\t<div class=\"elementor-cta__bg-overlay\"><\/div>\n\t\t\t<\/div>\n\t\t\t\t\t\t\t<div class=\"elementor-cta__content\">\n\t\t\t\t\t\t\t\t\t<div class=\"elementor-content-item elementor-cta__content-item elementor-icon-wrapper elementor-cta__icon elementor-view-stacked elementor-shape-square\">\n\t\t\t\t\t\t<div class=\"elementor-icon\">\n\t\t\t\t\t\t\t<i aria-hidden=\"true\" class=\"fas fa-industry\"><\/i>\t\t\t\t\t\t<\/div>\n\t\t\t\t\t<\/div>\n\t\t\t\t\n\t\t\t\t\t\t\t\t\t<h2 class=\"elementor-cta__title elementor-cta__content-item elementor-content-item\">\n\t\t\t\t\t\tOtras industrias y aplicaciones\t\t\t\t\t<\/h2>\n\t\t\t\t\n\t\t\t\t\t\t\t\t\t<span class=\"elementor-cta__description elementor-cta__content-item elementor-content-item\">\n\t\t\t\t\t\tAmplia gama de soluciones de transportadores\t\t\t\t\t<\/span>\n\t\t\t\t\n\t\t\t\t\t\t\t\t\t<div class=\"elementor-cta__button-wrapper elementor-cta__content-item elementor-content-item \">\n\t\t\t\t\t<span class=\"elementor-cta__button elementor-button elementor-size-\">\n\t\t\t\t\t\tM\u00e1s informaci\u00f3n\t\t\t\t\t<\/span>\n\t\t\t\t\t<\/div>\n\t\t\t\t\t\t\t<\/div>\n\t\t\t\t\t\t<\/a>\n\t\t\t\t\t\t<\/div>\n\t\t\t\t<\/div>\n\t\t\t\t\t<\/div>\n\t\t\t\t<\/div>\n\t\t<div class=\"elementor-element elementor-element-47d9bca e-flex e-con-boxed e-con e-parent\" data-id=\"47d9bca\" data-element_type=\"container\" data-e-type=\"container\">\n\t\t\t\t\t<div class=\"e-con-inner\">\n\t\t\t\t<div class=\"elementor-element elementor-element-96d2ba4 elementor-widget elementor-widget-text-editor\" data-id=\"96d2ba4\" data-element_type=\"widget\" data-e-type=\"widget\" data-widget_type=\"text-editor.default\">\n\t\t\t\t<div class=\"elementor-widget-container\">\n\t\t\t\t\t\t\t\t\t<p>Broekema ofrece soluciones de transportadores innovadoras para todo tipo industrias. Nuestras cintas transportadoras de varillas mejoran la eficiencia y la productividad en la agricultura, la manipulaci\u00f3n de alimentos, el reciclaje, la gesti\u00f3n de residuos y m\u00e1s. Nuestro mayor objetivo es ofrecer calidad, durabilidad y rendimiento.<\/p><p>Nuestra misi\u00f3n va m\u00e1s all\u00e1 de suministrar cintas transportadoras. Nos centramos en impulsar las capacidades operativas de nuestros clientes con soluciones innovadoras y de alta calidad adaptadas a las necesidades espec\u00edficas de cada industria. Explore nuestra p\u00e1gina web para ver c\u00f3mo nuestras soluciones de transportadores pueden satisfacer los requisitos de su industria y optimizar sus operaciones.<\/p>\t\t\t\t\t\t\t\t<\/div>\n\t\t\t\t<\/div>\n\t\t\t\t\t<\/div>\n\t\t\t\t<\/div>\n\t\t\t\t<\/div>\n\t\t","protected":false},"excerpt":{"rendered":"<p>Industrias y aplicaciones Inicio \/ Industrias Agricultura Procesamiento de tub\u00e9rculos y hortalizas Cosecha de frutas y frutos secos Cosecha de bulbos M\u00e1s informaci\u00f3n Procesamiento de alimentos Lavado y preprocesamiento Operaciones de clasificaci\u00f3n y selecci\u00f3n Manipulaci\u00f3n de alimentos M\u00e1s informaci\u00f3n Reciclaje y gesti\u00f3n de residuos Limpieza de playas Limpieza urbana Gesti\u00f3n de residuos M\u00e1s informaci\u00f3n Otras [&hellip;]<\/p>\n","protected":false},"author":6,"featured_media":0,"parent":0,"menu_order":0,"comment_status":"closed","ping_status":"closed","template":"elementor_header_footer","meta":{"_acf_changed":false,"inline_featured_image":false,"footnotes":""},"class_list":["post-18296","page","type-page","status-publish","hentry"],"acf":[],"aioseo_notices":[],"_links":{"self":[{"href":"https:\/\/broekema.nl\/es\/wp-json\/wp\/v2\/pages\/18296","targetHints":{"allow":["GET"]}}],"collection":[{"href":"https:\/\/broekema.nl\/es\/wp-json\/wp\/v2\/pages"}],"about":[{"href":"https:\/\/broekema.nl\/es\/wp-json\/wp\/v2\/types\/page"}],"author":[{"embeddable":true,"href":"https:\/\/broekema.nl\/es\/wp-json\/wp\/v2\/users\/6"}],"replies":[{"embeddable":true,"href":"https:\/\/broekema.nl\/es\/wp-json\/wp\/v2\/comments?post=18296"}],"version-history":[{"count":0,"href":"https:\/\/broekema.nl\/es\/wp-json\/wp\/v2\/pages\/18296\/revisions"}],"wp:attachment":[{"href":"https:\/\/broekema.nl\/es\/wp-json\/wp\/v2\/media?parent=18296"}],"curies":[{"name":"wp","href":"https:\/\/api.w.org\/{rel}","templated":true}]}}